{"id":863,"date":"2022-06-05T19:40:58","date_gmt":"2022-06-05T16:40:58","guid":{"rendered":"https:\/\/anatoliajournal.com\/hizmetodulleri\/?page_id=863"},"modified":"2022-06-05T19:41:43","modified_gmt":"2022-06-05T16:41:43","slug":"2022-yili-odulleri","status":"publish","type":"page","link":"https:\/\/anatoliajournal.com\/hizmetodulleri\/2022-yili-odulleri\/","title":{"rendered":"2022 Y\u0131l\u0131 \u00d6d\u00fclleri"},"content":{"rendered":"\n<p><strong>\u00d6d\u00fcl t\u00f6reni tarihi:<\/strong>&nbsp;03 Haziran 2022<br><strong>Yer:<\/strong>&nbsp;U\u011furlu Konaklar\u0131, Kastamonu<\/p>\n\n\n\n<p><strong><br>Prof. Dr. \u015e\u00fckr\u00fc Yarcan<br><\/strong>Kapadokya \u00dcniversitesi \u00f6\u011fretim \u00fcyesi<\/p>\n\n\n\n<p><strong>\u00d6d\u00fcl sunum dosyas\u0131 i\u00e7in&nbsp;<a rel=\"noreferrer noopener\" href=\"https:\/\/anatoliajournal.com\/depo\/2022.mp4\" target=\"_blank\">t\u0131klay\u0131n\u0131z.<\/a><\/strong><\/p>\n\n\n\n<div class=\"wp-block-image\"><figure class=\"aligncenter size-large is-resized\"><img loading=\"lazy\" src=\"https:\/\/anatoliajournal.com\/hizmetodulleri\/wp-content\/uploads\/2022\/06\/Prof.-Dr.-Sukru-Yarcan-Turizm-egitimine-hizmet-odulu-1-1024x768.jpg\" alt=\"\" class=\"wp-image-860\" width=\"619\" height=\"463\" srcset=\"https:\/\/anatoliajournal.com\/hizmetodulleri\/wp-content\/uploads\/2022\/06\/Prof.-Dr.-Sukru-Yarcan-Turizm-egitimine-hizmet-odulu-1-1024x768.jpg 1024w, https:\/\/anatoliajournal.com\/hizmetodulleri\/wp-content\/uploads\/2022\/06\/Prof.-Dr.-Sukru-Yarcan-Turizm-egitimine-hizmet-odulu-1-300x225.jpg 300w, https:\/\/anatoliajournal.com\/hizmetodulleri\/wp-content\/uploads\/2022\/06\/Prof.-Dr.-Sukru-Yarcan-Turizm-egitimine-hizmet-odulu-1-768x576.jpg 768w, https:\/\/anatoliajournal.com\/hizmetodulleri\/wp-content\/uploads\/2022\/06\/Prof.-Dr.-Sukru-Yarcan-Turizm-egitimine-hizmet-odulu-1-1536x1152.jpg 1536w, https:\/\/anatoliajournal.com\/hizmetodulleri\/wp-content\/uploads\/2022\/06\/Prof.-Dr.-Sukru-Yarcan-Turizm-egitimine-hizmet-odulu-1.jpg 2048w\" sizes=\"(max-width: 619px) 100vw, 619px\" \/><\/figure><\/div>\n","protected":false},"excerpt":{"rendered":"<p>\u00d6d\u00fcl t\u00f6reni tarihi:&nbsp;03 Haziran 2022Yer:&nbsp;U\u011furlu Konaklar\u0131, Kastamonu Prof. Dr. \u015e\u00fckr\u00fc YarcanKapadokya \u00dcniversitesi \u00f6\u011fretim \u00fcyesi \u00d6d\u00fcl sunum dosyas\u0131 i\u00e7in&nbsp;t\u0131klay\u0131n\u0131z.<\/p>\n","protected":false},"author":2,"featured_media":0,"parent":0,"menu_order":0,"comment_status":"closed","ping_status":"closed","template":"","meta":[],"_links":{"self":[{"href":"https:\/\/anatoliajournal.com\/hizmetodulleri\/wp-json\/wp\/v2\/pages\/863"}],"collection":[{"href":"https:\/\/anatoliajournal.com\/hizmetodulleri\/wp-json\/wp\/v2\/pages"}],"about":[{"href":"https:\/\/anatoliajournal.com\/hizmetodulleri\/wp-json\/wp\/v2\/types\/page"}],"author":[{"embeddable":true,"href":"https:\/\/anatoliajournal.com\/hizmetodulleri\/wp-json\/wp\/v2\/users\/2"}],"replies":[{"embeddable":true,"href":"https:\/\/anatoliajournal.com\/hizmetodulleri\/wp-json\/wp\/v2\/comments?post=863"}],"version-history":[{"count":2,"href":"https:\/\/anatoliajournal.com\/hizmetodulleri\/wp-json\/wp\/v2\/pages\/863\/revisions"}],"predecessor-version":[{"id":867,"href":"https:\/\/anatoliajournal.com\/hizmetodulleri\/wp-json\/wp\/v2\/pages\/863\/revisions\/867"}],"wp:attachment":[{"href":"https:\/\/anatoliajournal.com\/hizmetodulleri\/wp-json\/wp\/v2\/media?parent=863"}],"curies":[{"name":"wp","href":"https:\/\/api.w.org\/{rel}","templated":true}]}}