{"id":625,"date":"2018-06-08T08:29:40","date_gmt":"2018-06-08T05:29:40","guid":{"rendered":"https:\/\/anatoliajournal.com\/hizmetodulleri\/?page_id=625"},"modified":"2022-05-24T22:32:33","modified_gmt":"2022-05-24T19:32:33","slug":"2018-yili-odulleri","status":"publish","type":"page","link":"https:\/\/anatoliajournal.com\/hizmetodulleri\/gecmis-oduller\/2018-yili-odulleri\/","title":{"rendered":"2018 Y\u0131l\u0131 \u00d6d\u00fclleri"},"content":{"rendered":"\n<p class=\"has-text-align-center\"><br><br><strong>\u00d6d\u00fcl t\u00f6reni tarihi:<\/strong> 7 Nisan 2018<br><strong>Yer:<\/strong> \u0130nciralt\u0131 Restaurant, Gazima\u011fusa \/ <span style=\"line-height: 1.6;\">K.K.T.C.<\/span><\/p>\n\n\n\n<p class=\"has-text-align-center\"><strong><br>Prof. Dr. Mehmet Alt\u0131nay,<br><\/strong>Do\u011fu Akdeniz \u00dcniversitesi, <span style=\"line-height: 1.6;\">K.K.T.C. Maliye Eski Bakan\u0131,<br>K.K.T.C. \u00c7al\u0131\u015fma ve Sosyal G\u00fcvenlik Eski Bakan\u0131.<\/span><\/p>\n\n\n\n<p><\/p>\n\n\n\n<p class=\"has-text-align-center\"><strong>\u00d6d\u00fcl sunum dosyas\u0131 i\u00e7in <a href=\"http:\/\/anatoliajournal.com\/hizmetodulleri\/wp-content\/uploads\/2016\/06\/2018.pdf\">t\u0131klay\u0131n\u0131z.<\/a><\/strong><\/p>\n\n\n\n<hr class=\"wp-block-separator\"\/>\n\n\n\n<div class=\"wp-block-image is-style-default\"><figure class=\"aligncenter size-full\"><img loading=\"lazy\" width=\"147\" height=\"296\" src=\"https:\/\/anatoliajournal.com\/hizmetodulleri\/wp-content\/uploads\/2022\/05\/DSC_0683-2.jpg\" alt=\"\" class=\"wp-image-815\"\/><\/figure><\/div>\n\n\n\n<p class=\"has-text-align-center\"><\/p>\n","protected":false},"excerpt":{"rendered":"<p>\u00d6d\u00fcl t\u00f6reni tarihi: 7 Nisan 2018Yer: \u0130nciralt\u0131 Restaurant, Gazima\u011fusa \/ K.K.T.C. Prof. Dr. Mehmet Alt\u0131nay,Do\u011fu Akdeniz \u00dcniversitesi, K.K.T.C. Maliye Eski Bakan\u0131,K.K.T.C. \u00c7al\u0131\u015fma ve Sosyal G\u00fcvenlik Eski Bakan\u0131. \u00d6d\u00fcl sunum dosyas\u0131 i\u00e7in t\u0131klay\u0131n\u0131z.<\/p>\n","protected":false},"author":2,"featured_media":630,"parent":18,"menu_order":6,"comment_status":"closed","ping_status":"closed","template":"","meta":[],"_links":{"self":[{"href":"https:\/\/anatoliajournal.com\/hizmetodulleri\/wp-json\/wp\/v2\/pages\/625"}],"collection":[{"href":"https:\/\/anatoliajournal.com\/hizmetodulleri\/wp-json\/wp\/v2\/pages"}],"about":[{"href":"https:\/\/anatoliajournal.com\/hizmetodulleri\/wp-json\/wp\/v2\/types\/page"}],"author":[{"embeddable":true,"href":"https:\/\/anatoliajournal.com\/hizmetodulleri\/wp-json\/wp\/v2\/users\/2"}],"replies":[{"embeddable":true,"href":"https:\/\/anatoliajournal.com\/hizmetodulleri\/wp-json\/wp\/v2\/comments?post=625"}],"version-history":[{"count":25,"href":"https:\/\/anatoliajournal.com\/hizmetodulleri\/wp-json\/wp\/v2\/pages\/625\/revisions"}],"predecessor-version":[{"id":838,"href":"https:\/\/anatoliajournal.com\/hizmetodulleri\/wp-json\/wp\/v2\/pages\/625\/revisions\/838"}],"up":[{"embeddable":true,"href":"https:\/\/anatoliajournal.com\/hizmetodulleri\/wp-json\/wp\/v2\/pages\/18"}],"wp:featuredmedia":[{"embeddable":true,"href":"https:\/\/anatoliajournal.com\/hizmetodulleri\/wp-json\/wp\/v2\/media\/630"}],"wp:attachment":[{"href":"https:\/\/anatoliajournal.com\/hizmetodulleri\/wp-json\/wp\/v2\/media?parent=625"}],"curies":[{"name":"wp","href":"https:\/\/api.w.org\/{rel}","templated":true}]}}