{"id":4,"date":"2016-06-06T00:04:27","date_gmt":"2016-06-05T21:04:27","guid":{"rendered":"http:\/\/anatoliajournal.com\/hizmetodulleri\/?page_id=4"},"modified":"2022-06-05T19:52:00","modified_gmt":"2022-06-05T16:52:00","slug":"ana-sayfa","status":"publish","type":"page","link":"https:\/\/anatoliajournal.com\/hizmetodulleri\/ana-sayfa\/","title":{"rendered":"Ana Sayfa"},"content":{"rendered":"<p style=\"text-align: justify;\"><span style=\"color: #008080;\"><strong><em>Anatolia Turizm E\u011fitimine Hizmet \u00d6d\u00fclleri,<\/em><\/strong> Anatolia: Turizm Ara\u015ft\u0131rmalar\u0131 Dergisi taraf\u0131ndan 2008 y\u0131l\u0131nda ba\u015flat\u0131lan ve geleneksel hale gelen bir etkinliktir. \u00d6d\u00fcller, turizm e\u011fitimi ve ara\u015ft\u0131rmalar\u0131na katk\u0131da bulunmu\u015f ki\u015filere verilmektedir. Turizm E\u011fitimine Hizmet \u00d6d\u00fclleri, iki\u015fer y\u0131l\u0131k aral\u0131klarda verilmekte olup; \u00f6d\u00fcller, turizm e\u011fitimi ve ara\u015ft\u0131rmalar\u0131na katk\u0131da bulunmu\u015f ki\u015filere te\u015fekk\u00fcr mahiyetindedir. Hizmet \u00d6d\u00fclleri, Lisans\u00fcst\u00fc Turizm \u00d6\u011frencileri Ara\u015ft\u0131rma Kongresi s\u0131ras\u0131nda d\u00fczenlenen bir t\u00f6renle verilmektedir. Hizmet \u00d6d\u00fclleri \u015fimdiye kadar 24 akademisyen ve ara\u015ft\u0131rmac\u0131ya verilmi\u015ftir.<\/span><\/p>\n<hr align=\"\u201dcenter\u201d\" size=\"\u201d3\u2033\" width=\"\u201d50%\u201d\">\n<h2 align=\"center\"><strong><span style=\"color: #800080;\">2008<\/span><\/strong><\/h2>\n<p style=\"text-align: center;\"><span style=\"color: #3366ff;\"><strong>Prof Dr. Turgut Var, Prof. Dr. Meral Korzay, Prof. Dr. Cemil Boyac\u0131,<br>Prof. Dr. Kubilay Baysal, Prof. Dr. Alparslan Usal, Yrd. Do\u00e7. Dr. \u015eule \u00c7etin.<\/strong><\/span><\/p>\n<div align=\"center\">&nbsp;&nbsp; &nbsp;<img class=\"fancybox\" src=\"http:\/\/anatoliajournal.com\/hizmetodulleri\/wp-content\/uploads\/2016\/06\/toplu2008.jpg\"><\/div>\n<hr>\n<h2 style=\"text-align: center;\"><span style=\"color: #993366;\"><strong>2010<\/strong><\/span><\/h2>\n<p style=\"text-align: center;\"><span style=\"color: #3366ff;\"><strong>Alev Alatl\u0131, Dr. \u00d6zen Dall\u0131, Fehmi K\u00f6fteo\u011flu, Dr. Orhan Mesut Sezgin, \u015eaban Ali Ya\u015faro\u011flu, H\u00fcseyin Y\u0131ld\u0131r\u0131m.<\/strong><\/span><\/p>\n<h4 style=\"text-align: center;\">&nbsp; &nbsp;<img class=\"fancybox\" style=\"height: 263px; width: 394px;\" src=\"http:\/\/anatoliajournal.com\/hizmetodulleri\/wp-content\/uploads\/2016\/06\/toplu2010-1.jpg\"><\/h4>\n<hr align=\"\u201dcenter\u201d\" size=\"\u201d3\u2033\" width=\"\u201d50%\u201d\">\n<h2 style=\"text-align: center;\"><span style=\"color: #993366;\"><strong>2012<\/strong><\/span><\/h2>\n<p style=\"text-align: center;\"><span style=\"color: #3366ff;\"><strong>Dr. Mehmet \u00d6zdemir, Avni Aker, G\u00fclsen Kahraman<\/strong><\/span><\/p>\n<h4 style=\"text-align: center;\">&nbsp;<img class=\"fancybox\" style=\"height: 263px; width: 394px;\" src=\"http:\/\/anatoliajournal.com\/hizmetodulleri\/wp-content\/uploads\/2016\/06\/toplu2012.jpg\"><\/h4>\n<hr align=\"\u201dcenter\u201d\" size=\"\u201d3\u2033\" width=\"\u201d50%\u201d\">\n<h2 style=\"text-align: center;\"><span style=\"color: #993366;\"><strong>2014<\/strong><\/span><\/h2>\n<p style=\"text-align: center;\"><span style=\"color: #3366ff;\"><strong>Prof. Dr. Hasan I\u015f\u0131n Dener, Prof. Dr. Alp Timur, Prof. Dr. \u00d6cal Usta,<br>Prof. Dr. Bahattin R\u0131zao\u011flu, B\u00fclent A\u011fao\u011flu, Dr. Tunay Ako\u011flu.<\/strong><\/span><\/p>\n<div style=\"text-align: center;\">&nbsp;<img class=\"fancybox\" style=\"height: 263px; width: 394px;\" src=\"http:\/\/anatoliajournal.com\/hizmetodulleri\/wp-content\/uploads\/2016\/06\/2014.jpg\"><\/div>\n<hr align=\"\u201dcenter\u201d\" size=\"\u201d3\u2033\" width=\"\u201d50%\u201d\">\n<h2 style=\"text-align: center;\"><strong>&nbsp; &nbsp;<span style=\"color: #993366;\"> 2016<\/span><\/strong><\/h2>\n<p style=\"text-align: center;\"><span style=\"color: #3366ff;\"><strong>Prof. Dr. Tunca Toskay<\/strong><\/span><\/p>\n<h4 style=\"text-align: center;\"><img class=\"fancybox\" style=\"height: 377px; width: 394px;\" src=\"http:\/\/anatoliajournal.com\/hizmetodulleri\/wp-content\/uploads\/2016\/06\/tuncatoskay2.jpg\"><\/h4>\n<hr align=\"\u201dcenter\u201d\" size=\"\u201d3\u2033\" width=\"\u201d50%\u201d\">\n<h2 style=\"text-align: center;\"><strong>&nbsp; <span style=\"color: #993366;\">&nbsp;2018<\/span><\/strong><\/h2>\n<p style=\"text-align: center;\"><span style=\"color: #3366ff;\"><strong>Prof. Dr. Mehmet Alt\u0131nay<\/strong><\/span><\/p>\n<h4 style=\"text-align: center;\"><img loading=\"lazy\" width=\"300\" height=\"198\" class=\"alignnone size-medium wp-image-607\" style=\"width: 394px; height: 260px;\" src=\"https:\/\/anatoliajournal.com\/hizmetodulleri\/wp-content\/uploads\/2018\/05\/DSC_0683-300x198.jpg\" alt=\"DSC_0683\" srcset=\"https:\/\/anatoliajournal.com\/hizmetodulleri\/wp-content\/uploads\/2018\/05\/DSC_0683-300x198.jpg 300w, https:\/\/anatoliajournal.com\/hizmetodulleri\/wp-content\/uploads\/2018\/05\/DSC_0683-360x238.jpg 360w, https:\/\/anatoliajournal.com\/hizmetodulleri\/wp-content\/uploads\/2018\/05\/DSC_0683.jpg 450w\" sizes=\"(max-width: 300px) 100vw, 300px\" \/><\/h4>\n<hr align=\"\u201dcenter\u201d\" size=\"\u201d3\u2033\" width=\"\u201d50%\u201d\">\n\n\n<h2 class=\"has-text-align-center has-text-color\" style=\"color:#a70707\"><strong>2022<\/strong><\/h2>\n\n\n\n<p class=\"has-text-align-center\"><strong>Prof. Dr. \u015e\u00fckr\u00fc Yarcan<\/strong><\/p>\n\n\n\n<div class=\"wp-block-image\"><figure class=\"aligncenter size-large is-resized\"><img loading=\"lazy\" src=\"https:\/\/anatoliajournal.com\/hizmetodulleri\/wp-content\/uploads\/2022\/06\/Prof.-Dr.-Sukru-Yarcan-Turizm-egitimine-hizmet-odulu-2-1024x768.jpg\" alt=\"\" class=\"wp-image-877\" width=\"522\" height=\"391\" srcset=\"https:\/\/anatoliajournal.com\/hizmetodulleri\/wp-content\/uploads\/2022\/06\/Prof.-Dr.-Sukru-Yarcan-Turizm-egitimine-hizmet-odulu-2-1024x768.jpg 1024w, https:\/\/anatoliajournal.com\/hizmetodulleri\/wp-content\/uploads\/2022\/06\/Prof.-Dr.-Sukru-Yarcan-Turizm-egitimine-hizmet-odulu-2-300x225.jpg 300w, https:\/\/anatoliajournal.com\/hizmetodulleri\/wp-content\/uploads\/2022\/06\/Prof.-Dr.-Sukru-Yarcan-Turizm-egitimine-hizmet-odulu-2-768x576.jpg 768w, https:\/\/anatoliajournal.com\/hizmetodulleri\/wp-content\/uploads\/2022\/06\/Prof.-Dr.-Sukru-Yarcan-Turizm-egitimine-hizmet-odulu-2-1536x1152.jpg 1536w, https:\/\/anatoliajournal.com\/hizmetodulleri\/wp-content\/uploads\/2022\/06\/Prof.-Dr.-Sukru-Yarcan-Turizm-egitimine-hizmet-odulu-2.jpg 2048w\" sizes=\"(max-width: 522px) 100vw, 522px\" \/><\/figure><\/div>\n","protected":false},"excerpt":{"rendered":"<p>Anatolia Turizm E\u011fitimine Hizmet \u00d6d\u00fclleri, Anatolia: Turizm Ara\u015ft\u0131rmalar\u0131 Dergisi taraf\u0131ndan 2008 y\u0131l\u0131nda ba\u015flat\u0131lan ve geleneksel hale gelen bir etkinliktir. \u00d6d\u00fcller, turizm e\u011fitimi ve ara\u015ft\u0131rmalar\u0131na katk\u0131da bulunmu\u015f ki\u015filere verilmektedir. Turizm E\u011fitimine Hizmet \u00d6d\u00fclleri, iki\u015fer y\u0131l\u0131k aral\u0131klarda verilmekte olup; \u00f6d\u00fcller, turizm e\u011fitimi &hellip; <a href=\"https:\/\/anatoliajournal.com\/hizmetodulleri\/ana-sayfa\/\">Okumaya devam et <span class=\"meta-nav\">&rarr;<\/span><\/a><\/p>\n","protected":false},"author":2,"featured_media":0,"parent":0,"menu_order":1,"comment_status":"closed","ping_status":"closed","template":"","meta":[],"_links":{"self":[{"href":"https:\/\/anatoliajournal.com\/hizmetodulleri\/wp-json\/wp\/v2\/pages\/4"}],"collection":[{"href":"https:\/\/anatoliajournal.com\/hizmetodulleri\/wp-json\/wp\/v2\/pages"}],"about":[{"href":"https:\/\/anatoliajournal.com\/hizmetodulleri\/wp-json\/wp\/v2\/types\/page"}],"author":[{"embeddable":true,"href":"https:\/\/anatoliajournal.com\/hizmetodulleri\/wp-json\/wp\/v2\/users\/2"}],"replies":[{"embeddable":true,"href":"https:\/\/anatoliajournal.com\/hizmetodulleri\/wp-json\/wp\/v2\/comments?post=4"}],"version-history":[{"count":14,"href":"https:\/\/anatoliajournal.com\/hizmetodulleri\/wp-json\/wp\/v2\/pages\/4\/revisions"}],"predecessor-version":[{"id":881,"href":"https:\/\/anatoliajournal.com\/hizmetodulleri\/wp-json\/wp\/v2\/pages\/4\/revisions\/881"}],"wp:attachment":[{"href":"https:\/\/anatoliajournal.com\/hizmetodulleri\/wp-json\/wp\/v2\/media?parent=4"}],"curies":[{"name":"wp","href":"https:\/\/api.w.org\/{rel}","templated":true}]}}