{"id":26,"date":"2016-06-06T20:59:29","date_gmt":"2016-06-06T17:59:29","guid":{"rendered":"http:\/\/anatoliajournal.com\/hizmetodulleri\/?page_id=26"},"modified":"2022-05-24T22:31:17","modified_gmt":"2022-05-24T19:31:17","slug":"2014-yili-odulleri","status":"publish","type":"page","link":"https:\/\/anatoliajournal.com\/hizmetodulleri\/gecmis-oduller\/2014-yili-odulleri\/","title":{"rendered":"2014 Y\u0131l\u0131 \u00d6d\u00fclleri"},"content":{"rendered":"\n<p class=\"has-text-align-center\"><br><br><strong>\u00d6d\u00fcl t\u00f6reni tarihi:<\/strong> 4 Nisan 2014<br><strong>Yer: <\/strong>Fantasia Deluxe Resort , Ku\u015fadas\u0131, Ayd\u0131n<br><br><strong>Prof. Dr. Hasan I\u015f\u0131n Dener<\/strong><br>Hacettepe \u00dcniversitesi, \u00c7ankaya \u00dcniversitesi<br><br><strong>Prof. Dr. Alp Timur<\/strong><br>Dokuz Eyl\u00fcl \u00dcniversitesi<br><br><strong>Prof. Dr. \u00d6cal Usta<\/strong><br>Dokuz Eyl\u00fcl \u00dcniversitesi<br><br><strong>Prof. Dr. Bahattin R\u0131zao\u011flu<\/strong><br>Adnan Menderes \u00dcniversitesi<br><br><strong>B\u00fclent A\u011fao\u011flu<\/strong><br>Bibliografya Uzman\u0131<br><br><strong>Tunay Ako\u011flu<\/strong><br>Ara\u015ft\u0131rmac\u0131<\/p>\n\n\n\n<p class=\"has-text-align-center\"><br><br><strong>\u00d6d\u00fcl sunum dosyas\u0131 i\u00e7in <a rel=\"noreferrer noopener\" href=\"http:\/\/anatoliajournal.com\/hizmetodulleri\/wp-content\/uploads\/2016\/06\/2014.pdf\" target=\"_blank\">t\u0131klay\u0131n\u0131z\u2026<\/a><\/strong><\/p>\n\n\n\n<p><\/p>\n\n\n\n<figure class=\"wp-block-image size-full is-style-default\"><img loading=\"lazy\" width=\"960\" height=\"640\" src=\"https:\/\/anatoliajournal.com\/hizmetodulleri\/wp-content\/uploads\/2022\/05\/2014-1-1.jpg\" alt=\"\" class=\"wp-image-806\" srcset=\"https:\/\/anatoliajournal.com\/hizmetodulleri\/wp-content\/uploads\/2022\/05\/2014-1-1.jpg 960w, https:\/\/anatoliajournal.com\/hizmetodulleri\/wp-content\/uploads\/2022\/05\/2014-1-1-300x200.jpg 300w, https:\/\/anatoliajournal.com\/hizmetodulleri\/wp-content\/uploads\/2022\/05\/2014-1-1-768x512.jpg 768w\" sizes=\"(max-width: 960px) 100vw, 960px\" \/><\/figure>\n","protected":false},"excerpt":{"rendered":"<p>\u00d6d\u00fcl t\u00f6reni tarihi: 4 Nisan 2014Yer: Fantasia Deluxe Resort , Ku\u015fadas\u0131, Ayd\u0131n Prof. Dr. Hasan I\u015f\u0131n DenerHacettepe \u00dcniversitesi, \u00c7ankaya \u00dcniversitesi Prof. Dr. Alp TimurDokuz Eyl\u00fcl \u00dcniversitesi Prof. Dr. \u00d6cal UstaDokuz Eyl\u00fcl \u00dcniversitesi Prof. Dr. Bahattin R\u0131zao\u011fluAdnan Menderes \u00dcniversitesi B\u00fclent A\u011fao\u011fluBibliografya &hellip; <a href=\"https:\/\/anatoliajournal.com\/hizmetodulleri\/gecmis-oduller\/2014-yili-odulleri\/\">Okumaya devam et <span class=\"meta-nav\">&rarr;<\/span><\/a><\/p>\n","protected":false},"author":2,"featured_media":0,"parent":18,"menu_order":4,"comment_status":"closed","ping_status":"closed","template":"","meta":[],"_links":{"self":[{"href":"https:\/\/anatoliajournal.com\/hizmetodulleri\/wp-json\/wp\/v2\/pages\/26"}],"collection":[{"href":"https:\/\/anatoliajournal.com\/hizmetodulleri\/wp-json\/wp\/v2\/pages"}],"about":[{"href":"https:\/\/anatoliajournal.com\/hizmetodulleri\/wp-json\/wp\/v2\/types\/page"}],"author":[{"embeddable":true,"href":"https:\/\/anatoliajournal.com\/hizmetodulleri\/wp-json\/wp\/v2\/users\/2"}],"replies":[{"embeddable":true,"href":"https:\/\/anatoliajournal.com\/hizmetodulleri\/wp-json\/wp\/v2\/comments?post=26"}],"version-history":[{"count":17,"href":"https:\/\/anatoliajournal.com\/hizmetodulleri\/wp-json\/wp\/v2\/pages\/26\/revisions"}],"predecessor-version":[{"id":835,"href":"https:\/\/anatoliajournal.com\/hizmetodulleri\/wp-json\/wp\/v2\/pages\/26\/revisions\/835"}],"up":[{"embeddable":true,"href":"https:\/\/anatoliajournal.com\/hizmetodulleri\/wp-json\/wp\/v2\/pages\/18"}],"wp:attachment":[{"href":"https:\/\/anatoliajournal.com\/hizmetodulleri\/wp-json\/wp\/v2\/media?parent=26"}],"curies":[{"name":"wp","href":"https:\/\/api.w.org\/{rel}","templated":true}]}}