{"id":24,"date":"2016-06-06T20:58:57","date_gmt":"2016-06-06T17:58:57","guid":{"rendered":"http:\/\/anatoliajournal.com\/hizmetodulleri\/?page_id=24"},"modified":"2022-05-24T20:56:55","modified_gmt":"2022-05-24T17:56:55","slug":"2012-yili-odulleri","status":"publish","type":"page","link":"https:\/\/anatoliajournal.com\/hizmetodulleri\/gecmis-oduller\/2012-yili-odulleri\/","title":{"rendered":"2012 Y\u0131l\u0131 \u00d6d\u00fclleri"},"content":{"rendered":"<h4 style=\"text-align: center;\"><strong><br \/>\n\u00d6d\u00fcl t\u00f6reni tarihi:<\/strong> 13 Nisan 2012<br \/>\n<strong>Yer:<\/strong> Majesty Mirage Park, Kemer, Antalya<\/h4>\n<h4 style=\"text-align: center;\"><strong>Dr. Mehmet \u00d6zdemir<\/strong><br \/>\nTurizm Sosyolojisi Uzman\u0131<br \/>\nEmekli \u00d6\u011fretim \u00dcyesi<\/h4>\n<h4 style=\"text-align: center;\"><strong>Avni Aker<\/strong><br \/>\nE\u011fitimci<\/h4>\n<h4 style=\"text-align: center;\"><strong>G\u00fclsen Kahraman<\/strong><br \/>\nDo\u011fu\u015f \u00dcniversitesi \u00d6\u011fretim \u00dcyesi<\/h4>\n<h4 style=\"text-align: center;\"><strong>Abdullah Tekin<\/strong><br \/>\nE\u011fitimci; <span style=\"font-size: 16px;\">Yazar<\/span><\/h4>\n<hr align=\"\u201dcenter\u201d\" size=\"\u201d3\u2033\" width=\"\u201d50%\u201d\" \/>\n<h4 style=\"text-align: center;\">\u00d6d\u00fcl sunum dosyas\u0131 i\u00e7in <a href=\"http:\/\/anatoliajournal.com\/hizmetodulleri\/wp-content\/uploads\/2016\/06\/2012.pdf\">t\u0131klay\u0131n\u0131z&#8230;<\/a><\/h4>\n<hr align=\"\u201dcenter\u201d\" size=\"\u201d3\u2033\" width=\"\u201d50%\u201d\" \/>\n<div style=\"text-align: center;\"><img loading=\"lazy\" class=\"fancybox\" src=\"http:\/\/anatoliajournal.com\/hizmetodulleri\/wp-content\/uploads\/2016\/06\/toplu2012.jpg\" width=\"438\" height=\"292\" \/><\/div>\n","protected":false},"excerpt":{"rendered":"<p>\u00d6d\u00fcl t\u00f6reni tarihi: 13 Nisan 2012 Yer: Majesty Mirage Park, Kemer, Antalya Dr. Mehmet \u00d6zdemir Turizm Sosyolojisi Uzman\u0131 Emekli \u00d6\u011fretim \u00dcyesi Avni Aker E\u011fitimci G\u00fclsen Kahraman Do\u011fu\u015f \u00dcniversitesi \u00d6\u011fretim \u00dcyesi Abdullah Tekin E\u011fitimci; Yazar \u00d6d\u00fcl sunum dosyas\u0131 i\u00e7in t\u0131klay\u0131n\u0131z&#8230;<\/p>\n","protected":false},"author":2,"featured_media":0,"parent":18,"menu_order":3,"comment_status":"closed","ping_status":"closed","template":"","meta":[],"_links":{"self":[{"href":"https:\/\/anatoliajournal.com\/hizmetodulleri\/wp-json\/wp\/v2\/pages\/24"}],"collection":[{"href":"https:\/\/anatoliajournal.com\/hizmetodulleri\/wp-json\/wp\/v2\/pages"}],"about":[{"href":"https:\/\/anatoliajournal.com\/hizmetodulleri\/wp-json\/wp\/v2\/types\/page"}],"author":[{"embeddable":true,"href":"https:\/\/anatoliajournal.com\/hizmetodulleri\/wp-json\/wp\/v2\/users\/2"}],"replies":[{"embeddable":true,"href":"https:\/\/anatoliajournal.com\/hizmetodulleri\/wp-json\/wp\/v2\/comments?post=24"}],"version-history":[{"count":6,"href":"https:\/\/anatoliajournal.com\/hizmetodulleri\/wp-json\/wp\/v2\/pages\/24\/revisions"}],"predecessor-version":[{"id":795,"href":"https:\/\/anatoliajournal.com\/hizmetodulleri\/wp-json\/wp\/v2\/pages\/24\/revisions\/795"}],"up":[{"embeddable":true,"href":"https:\/\/anatoliajournal.com\/hizmetodulleri\/wp-json\/wp\/v2\/pages\/18"}],"wp:attachment":[{"href":"https:\/\/anatoliajournal.com\/hizmetodulleri\/wp-json\/wp\/v2\/media?parent=24"}],"curies":[{"name":"wp","href":"https:\/\/api.w.org\/{rel}","templated":true}]}}