{"id":22,"date":"2016-06-06T20:58:23","date_gmt":"2016-06-06T17:58:23","guid":{"rendered":"http:\/\/anatoliajournal.com\/hizmetodulleri\/?page_id=22"},"modified":"2022-05-24T22:30:39","modified_gmt":"2022-05-24T19:30:39","slug":"2010-yili-odulleri","status":"publish","type":"page","link":"https:\/\/anatoliajournal.com\/hizmetodulleri\/gecmis-oduller\/2010-yili-odulleri\/","title":{"rendered":"2010 Y\u0131l\u0131 \u00d6d\u00fclleri"},"content":{"rendered":"<p style=\"text-align: center;\"><strong><br \/>\n\u00d6d\u00fcl t\u00f6reni tarihi:<\/strong> 28 May\u0131s 2010<br \/>\n<strong>Yer:<\/strong> Kapadokya Dedeman Oteli, Nev\u015fehir<\/p>\n<h4 style=\"text-align: center;\"><strong>Alev Alatl\u0131<\/strong><br \/>\nKapadokya Meslek Y\u00fcksekokulu M\u00fctevelli Heyeti Ba\u015fkan\u0131<\/h4>\n<h4 style=\"text-align: center;\"><strong>Dr. \u00d6zen Dall\u0131<\/strong><br \/>\nTUGEV Eski Genel Sekreteri<\/h4>\n<h4 style=\"text-align: center;\"><strong>Fehmi K\u00f6fteo\u011flu<\/strong><br \/>\nResort Dergisi Genel Yay\u0131n Y\u00f6netmeni<br \/>\n<em>turizmgazetesi.com<\/em> Genel Yay\u0131n Y\u00f6netmeni<\/h4>\n<h4 style=\"text-align: center;\"><strong>Dr. Orhan Mesut Sezgin<\/strong><br \/>\nGazi \u00dcniversitesi \u00d6\u011fretim \u00dcyesi<\/h4>\n<h4 style=\"text-align: center;\"><strong>\u015eaban Ali Ya\u015faro\u011flu<\/strong><br \/>\n\u0130T\u00dc Vakf\u0131 Turizm ve Otelcilik E\u011fitimi B\u00f6l\u00fcm\u00fc Y\u00f6neticisi<\/h4>\n<h4 style=\"text-align: center;\"><strong>H\u00fcseyin Y\u0131ld\u0131r\u0131m<\/strong><br \/>\nYay\u0131nc\u0131, Detay Yay\u0131nc\u0131l\u0131k<\/h4>\n<hr \/>\n<h4 style=\"text-align: center;\"><strong>\u00d6d\u00fcl sunum dosyas\u0131 i\u00e7in <a href=\"http:\/\/anatoliajournal.com\/hizmetodulleri\/wp-content\/uploads\/2016\/06\/hizmet2010.pdf\">t\u0131klay\u0131n\u0131z&#8230;<\/a><\/strong><\/h4>\n<hr align=\"\u201dcenter\u201d\" size=\"\u201d3\u2033\" width=\"\u201d50%\u201d\" \/>\n<div style=\"text-align: center;\"><img loading=\"lazy\" class=\"fancybox\" src=\"http:\/\/anatoliajournal.com\/hizmetodulleri\/wp-content\/uploads\/2016\/06\/toplu2010-1.jpg\" width=\"574\" height=\"383\" \/><\/div>\n<div style=\"text-align: center;\"><img loading=\"lazy\" class=\"fancybox\" src=\"http:\/\/anatoliajournal.com\/hizmetodulleri\/wp-content\/uploads\/2016\/06\/toplu2010-2.jpg\" width=\"574\" height=\"382\" \/><\/div>\n","protected":false},"excerpt":{"rendered":"<p>\u00d6d\u00fcl t\u00f6reni tarihi: 28 May\u0131s 2010 Yer: Kapadokya Dedeman Oteli, Nev\u015fehir Alev Alatl\u0131 Kapadokya Meslek Y\u00fcksekokulu M\u00fctevelli Heyeti Ba\u015fkan\u0131 Dr. \u00d6zen Dall\u0131 TUGEV Eski Genel Sekreteri Fehmi K\u00f6fteo\u011flu Resort Dergisi Genel Yay\u0131n Y\u00f6netmeni turizmgazetesi.com Genel Yay\u0131n Y\u00f6netmeni Dr. Orhan Mesut &hellip; <a href=\"https:\/\/anatoliajournal.com\/hizmetodulleri\/gecmis-oduller\/2010-yili-odulleri\/\">Okumaya devam et <span class=\"meta-nav\">&rarr;<\/span><\/a><\/p>\n","protected":false},"author":2,"featured_media":0,"parent":18,"menu_order":2,"comment_status":"closed","ping_status":"closed","template":"","meta":[],"_links":{"self":[{"href":"https:\/\/anatoliajournal.com\/hizmetodulleri\/wp-json\/wp\/v2\/pages\/22"}],"collection":[{"href":"https:\/\/anatoliajournal.com\/hizmetodulleri\/wp-json\/wp\/v2\/pages"}],"about":[{"href":"https:\/\/anatoliajournal.com\/hizmetodulleri\/wp-json\/wp\/v2\/types\/page"}],"author":[{"embeddable":true,"href":"https:\/\/anatoliajournal.com\/hizmetodulleri\/wp-json\/wp\/v2\/users\/2"}],"replies":[{"embeddable":true,"href":"https:\/\/anatoliajournal.com\/hizmetodulleri\/wp-json\/wp\/v2\/comments?post=22"}],"version-history":[{"count":8,"href":"https:\/\/anatoliajournal.com\/hizmetodulleri\/wp-json\/wp\/v2\/pages\/22\/revisions"}],"predecessor-version":[{"id":834,"href":"https:\/\/anatoliajournal.com\/hizmetodulleri\/wp-json\/wp\/v2\/pages\/22\/revisions\/834"}],"up":[{"embeddable":true,"href":"https:\/\/anatoliajournal.com\/hizmetodulleri\/wp-json\/wp\/v2\/pages\/18"}],"wp:attachment":[{"href":"https:\/\/anatoliajournal.com\/hizmetodulleri\/wp-json\/wp\/v2\/media?parent=22"}],"curies":[{"name":"wp","href":"https:\/\/api.w.org\/{rel}","templated":true}]}}