{"id":18,"date":"2016-06-06T20:57:16","date_gmt":"2016-06-06T17:57:16","guid":{"rendered":"http:\/\/anatoliajournal.com\/hizmetodulleri\/?page_id=18"},"modified":"2019-12-02T14:27:46","modified_gmt":"2019-12-02T11:27:46","slug":"gecmis-oduller","status":"publish","type":"page","link":"https:\/\/anatoliajournal.com\/hizmetodulleri\/gecmis-oduller\/","title":{"rendered":"\u00d6d\u00fcl Ar\u015fivi"},"content":{"rendered":"<hr align=\"\u201dcenter\u201d\" color=\"\u201dblue\u201d\" size=\"\u201d3\u2033\" width=\"\u201d50%\u201d\" \/>\n<h4 align=\"center\">\n\t2008<br \/>\n<\/h4>\n<div align=\"center\">\n\t&nbsp;&nbsp; &nbsp;<a href=\"http:\/\/anatoliajournal.com\/hizmetodulleri\/gecmis-oduller\/2008-yili-odulleri\/\" target=\"_self\"><img class=\"fancybox\" rel=\"myVaccation\" src=\"http:\/\/anatoliajournal.com\/hizmetodulleri\/wp-content\/uploads\/2016\/06\/toplu2008.jpg\" \/><\/a>\n<\/div>\n<hr align=\"\u201dcenter\u201d\" color=\"\u201dblue\u201d\" size=\"\u201d3\u2033\" width=\"\u201d50%\u201d\" \/>\n<h4 style=\"text-align: center;\">\n\t&nbsp;2010<br \/>\n<\/h4>\n<h4 style=\"text-align: center;\">\n\t&nbsp; &nbsp;<a href=\"http:\/\/anatoliajournal.com\/hizmetodulleri\/gecmis-oduller\/2010-yili-odulleri\/\" target=\"_self\"><img class=\"fancybox\" rel=\"myVaccation\" src=\"http:\/\/anatoliajournal.com\/hizmetodulleri\/wp-content\/uploads\/2016\/06\/toplu2010-1.jpg\" style=\"height: 263px; width: 394px;\" \/><\/a><br \/>\n<\/h4>\n<p style=\"text-align: center;\">\n\t&nbsp;\n<\/p>\n<div style=\"text-align: center;\">\n\t&nbsp;&nbsp; &nbsp;<a href=\"http:\/\/anatoliajournal.com\/hizmetodulleri\/gecmis-oduller\/2010-yili-odulleri\/\" target=\"_self\"><img class=\"fancybox\" rel=\"myVaccation\" src=\"http:\/\/anatoliajournal.com\/hizmetodulleri\/wp-content\/uploads\/2016\/06\/toplu2010-2.jpg\" style=\"height: 263px; width: 394px;\" \/><\/a>\n<\/div>\n<hr align=\"\u201dcenter\u201d\" color=\"\u201dblue\u201d\" size=\"\u201d3\u2033\" width=\"\u201d50%\u201d\" \/>\n<h4 style=\"text-align: center;\">\n\t2012 &nbsp;<br \/>\n<\/h4>\n<h4 style=\"text-align: center;\">\n\t&nbsp;<a href=\"http:\/\/anatoliajournal.com\/hizmetodulleri\/gecmis-oduller\/2012-yili-odulleri\/\" target=\"_self\"><img class=\"fancybox\" rel=\"myVaccation\" src=\"http:\/\/anatoliajournal.com\/hizmetodulleri\/wp-content\/uploads\/2016\/06\/toplu2012.jpg\" style=\"height: 263px; width: 394px;\" \/><\/a><br \/>\n<\/h4>\n<hr align=\"\u201dcenter\u201d\" color=\"\u201dblue\u201d\" size=\"\u201d3\u2033\" width=\"\u201d50%\u201d\" \/>\n<h4 style=\"text-align: center;\">\n\t2014<br \/>\n<\/h4>\n<div style=\"text-align: center;\">\n\t&nbsp;<a href=\"http:\/\/anatoliajournal.com\/hizmetodulleri\/gecmis-oduller\/2014-yili-odulleri\/\" target=\"_self\"><img class=\"fancybox\" rel=\"myVaccation\" src=\"http:\/\/anatoliajournal.com\/hizmetodulleri\/wp-content\/uploads\/2016\/06\/2014.jpg\" style=\"height: 263px; width: 394px;\" \/><\/a>\n<\/div>\n<hr align=\"\u201dcenter\u201d\" color=\"\u201dblue\u201d\" size=\"\u201d3\u2033\" width=\"\u201d50%\u201d\" \/>\n<h4 style=\"text-align: center;\">\n\t&nbsp; &nbsp; 2016<br \/>\n<\/h4>\n<h4 style=\"text-align: center;\">\n\t<a href=\"http:\/\/anatoliajournal.com\/hizmetodulleri\/gecmis-oduller\/2016-yili-odulleri\/\" target=\"_self\"><img class=\"fancybox\" rel=\"myVaccation\" src=\"http:\/\/anatoliajournal.com\/hizmetodulleri\/wp-content\/uploads\/2016\/06\/tuncatoskay2.jpg\" style=\"height: 377px; width: 394px;\" \/><\/a><br \/>\n<\/h4>\n<hr align=\"\u201dcenter\u201d\" color=\"\u201dblue\u201d\" size=\"\u201d3\u2033\" width=\"\u201d50%\u201d\" \/>\n","protected":false},"excerpt":{"rendered":"<p>2008 &nbsp;&nbsp; &nbsp; &nbsp;2010 &nbsp; &nbsp; &nbsp; &nbsp;&nbsp; &nbsp; 2012 &nbsp; &nbsp; 2014 &nbsp; &nbsp; &nbsp; 2016<\/p>\n","protected":false},"author":2,"featured_media":0,"parent":0,"menu_order":0,"comment_status":"closed","ping_status":"closed","template":"","meta":[],"_links":{"self":[{"href":"https:\/\/anatoliajournal.com\/hizmetodulleri\/wp-json\/wp\/v2\/pages\/18"}],"collection":[{"href":"https:\/\/anatoliajournal.com\/hizmetodulleri\/wp-json\/wp\/v2\/pages"}],"about":[{"href":"https:\/\/anatoliajournal.com\/hizmetodulleri\/wp-json\/wp\/v2\/types\/page"}],"author":[{"embeddable":true,"href":"https:\/\/anatoliajournal.com\/hizmetodulleri\/wp-json\/wp\/v2\/users\/2"}],"replies":[{"embeddable":true,"href":"https:\/\/anatoliajournal.com\/hizmetodulleri\/wp-json\/wp\/v2\/comments?post=18"}],"version-history":[{"count":1,"href":"https:\/\/anatoliajournal.com\/hizmetodulleri\/wp-json\/wp\/v2\/pages\/18\/revisions"}],"predecessor-version":[{"id":638,"href":"https:\/\/anatoliajournal.com\/hizmetodulleri\/wp-json\/wp\/v2\/pages\/18\/revisions\/638"}],"wp:attachment":[{"href":"https:\/\/anatoliajournal.com\/hizmetodulleri\/wp-json\/wp\/v2\/media?parent=18"}],"curies":[{"name":"wp","href":"https:\/\/api.w.org\/{rel}","templated":true}]}}