{"id":905,"date":"2022-09-13T09:10:33","date_gmt":"2022-09-13T06:10:33","guid":{"rendered":"https:\/\/anatoliajournal.com\/fotograf\/?page_id=905"},"modified":"2026-01-31T16:36:55","modified_gmt":"2026-01-31T13:36:55","slug":"sergiler","status":"publish","type":"page","link":"https:\/\/anatoliajournal.com\/fotograf\/sergiler\/","title":{"rendered":"SERG\u0130LER"},"content":{"rendered":"\r\n<p><span style=\"font-family: 'comic sans ms', sans-serif; font-size: 10pt;\"><span style=\"color: #3366ff;\"><strong>FRAPORT TAV Antalya Havaliman\u0131<br \/><\/strong><span style=\"color: #000000;\"><em>(4. Anadolu Yemekleri Foto\u011fraf Yar\u0131\u015fmas\u0131 Sergisi)<\/em><strong><br \/><\/strong><\/span><\/span><em><span style=\"color: #000000;\">(11 &#8211; 14 A\u011fustos 2025)<\/span> <br \/><\/em><a href=\"https:\/\/photos.app.goo.gl\/7nNekZnRjAPNLRCr7\" target=\"_blank\" rel=\"noopener\"><strong><em><span style=\"color: #993300;\">G\u00d6RSELLER \u0130\u00c7\u0130N TIKLAYINIZ<\/span><\/em><\/strong><\/a><\/span><\/p>\r\n<hr \/>\r\n<p><span style=\"font-family: 'comic sans ms', sans-serif; font-size: 10pt;\"><span style=\"color: #3366ff;\"><strong>Antalya Belek \u00dcniversitesi<br \/><\/strong><span style=\"color: #000000;\"><em>(4. Anadolu Yemekleri Foto\u011fraf Yar\u0131\u015fmas\u0131 Sergisi)<\/em><strong><br \/><\/strong><\/span><\/span><em><span style=\"color: #000000;\">(25 Kas\u0131m 2025)<\/span> <br \/><\/em><a href=\"https:\/\/photos.app.goo.gl\/saboaya6tdtH2Thb6\" target=\"_blank\" rel=\"noopener\"><strong><em><span style=\"color: #993300;\">G\u00d6RSELLER \u0130\u00c7\u0130N TIKLAYINIZ<\/span><\/em><\/strong><\/a><\/span><\/p>\r\n<hr \/>\r\n<p><span style=\"font-family: 'comic sans ms', sans-serif; font-size: 10pt;\"><span style=\"color: #3366ff;\"><strong>Tokat M\u00fczesi<br \/><\/strong><span style=\"color: #000000;\"><em>(4. Anadolu Yemekleri Foto\u011fraf Yar\u0131\u015fmas\u0131 Sergisi)<\/em><strong><br \/><\/strong><\/span><\/span><em><span style=\"color: #000000;\">(26 &#8211; 28 May\u0131s 2025)<\/span> <br \/><\/em><a href=\"https:\/\/photos.app.goo.gl\/WNYKhnQ4k4tQSj9d9\" target=\"_blank\" rel=\"noopener\"><strong><em><span style=\"color: #993300;\">G\u00d6RSELLER \u0130\u00c7\u0130N TIKLAYINIZ<\/span><\/em><\/strong><\/a><\/span><\/p>\r\n<hr \/>\r\n<p><span style=\"font-family: 'comic sans ms', sans-serif; font-size: 10pt;\"><span style=\"color: #3366ff;\"><strong>Meryan Otel<br \/><span style=\"color: #000000;\"><em>(4. Anadolu Yemekleri Foto\u011fraf Yar\u0131\u015fmas\u0131 Sergisi)<\/em><br \/><\/span><em><span style=\"color: #000000;\">(18 &#8211; 21 Nisan 2025, Antalya)<\/span> <br \/><\/em><a href=\"https:\/\/photos.app.goo.gl\/94PD9hvkQPUrA1Lq8\" target=\"_blank\" rel=\"noopener\"><em><span style=\"color: #993300;\">G\u00d6RSELLER \u0130\u00c7\u0130N TIKLAYINIZ<\/span><\/em><\/a><\/strong><\/span><\/span><\/p>\r\n<hr \/>\r\n<p><span style=\"font-family: 'comic sans ms', sans-serif; font-size: 10pt;\"><span style=\"color: #3366ff;\"><strong>Vatan Kahve<br \/><\/strong><span style=\"color: #000000;\"><em>(2. Anadolu Yemekleri Foto\u011fraf Yar\u0131\u015fmas\u0131 Sergisi)<\/em><strong><br \/><\/strong><\/span><\/span><em><span style=\"color: #000000;\">(12 &#8211; 24 A\u011fustos 2024, Antalya)<\/span> <br \/><\/em><a href=\"https:\/\/photos.app.goo.gl\/BA7D4uc5PZbAsxow6\" target=\"_blank\" rel=\"noopener\"><strong><em><span style=\"color: #993300;\">G\u00d6RSELLER \u0130\u00c7\u0130N TIKLAYINIZ<\/span><\/em><\/strong><\/a><\/span><\/p>\r\n<hr \/>\r\n<p><strong style=\"font-size: 10pt;\"><span style=\"color: #3366ff;\">Isparta Uygulamal\u0131 Bilimler \u00dcniversitesi E\u011firdir Meslek Y\u00fcksekokulu<\/span><br \/><\/strong><em style=\"font-size: 10pt;\">(3. Anadolu Yemekleri Foto\u011fraf Yar\u0131\u015fmas\u0131 Sergisi)<br \/><\/em><em style=\"font-size: 10pt;\"><span style=\"color: #000000;\">(13 &#8211; 16 Kas\u0131m 2024, Isparta)<br \/><\/span><\/em><a href=\"https:\/\/photos.app.goo.gl\/SySDZXp2AN8Xq8BH8\" target=\"_blank\" rel=\"noopener\"><span style=\"font-family: 'comic sans ms', sans-serif; font-size: 10pt;\"><strong><em><span style=\"color: #993300;\">G\u00d6RSELLER \u0130\u00c7\u0130N TIKLAYINIZ<\/span><\/em><\/strong><\/span><\/a><\/p>\r\n<hr \/>\r\n<p><span style=\"font-size: 10pt;\"><span style=\"color: #3366ff;\"><strong>Vatan Kahve<br \/><\/strong><\/span><span style=\"color: #000000;\"><em>(1. Anadolu Yemekleri Foto\u011fraf Yar\u0131\u015fmas\u0131 Sergisi)<\/em><\/span><\/span><span style=\"color: #000000;\"><strong style=\"font-size: 10pt;\"><br \/><\/strong><\/span><em style=\"font-size: 10pt;\"><span style=\"color: #3366ff;\"><span style=\"color: #000000;\">(16 &#8211; 28 Temmuz 2024, Antalya)<\/span><br \/><\/span><\/em><span style=\"font-family: 'comic sans ms', sans-serif; font-size: 10pt;\"><a href=\"https:\/\/photos.app.goo.gl\/PiRG2YWRKhQCLfAS6\" target=\"_blank\" rel=\"noopener\"><strong><em><span style=\"color: #993300;\">G\u00d6RSELLER \u0130\u00c7\u0130N TIKLAYINIZ<\/span><\/em><\/strong><\/a><\/span><\/p>\r\n<hr \/>\r\n<p><span style=\"font-family: 'comic sans ms', sans-serif; font-size: 10pt;\"><span style=\"color: #3366ff;\"><strong>Fraport TAV Antalya Havaliman\u0131<br \/><\/strong><\/span><em><span style=\"color: #000000;\">(14 Haziran &#8211; 12 Temmuz 2024, Antalya)<\/span> <br \/><\/em><a href=\"https:\/\/photos.app.goo.gl\/fPsxVuWUujUv5nK19\" target=\"_blank\" rel=\"noopener\"><strong><em><span style=\"color: #993300;\">G\u00d6RSELLER \u0130\u00c7\u0130N TIKLAYINIZ<\/span><\/em><\/strong><\/a><\/span><\/p>\r\n<hr \/>\r\n<p class=\"has-text-align-center has-vivid-cyan-blue-color has-text-color\" style=\"text-align: left;\"><span style=\"font-family: 'comic sans ms', sans-serif; font-size: 10pt;\"><span style=\"color: #3366ff;\"><strong>Antalya B\u00fcy\u00fck \u015eehir Belediyesi<br \/><\/strong><\/span><span style=\"color: #000000;\"><em>(A\u00e7\u0131l\u0131\u015f tarihi: 02 \u015eubat 2023, Konya) <br \/><\/em><\/span><a href=\"https:\/\/photos.app.goo.gl\/y7RW8gQU84bakF5Y8\" target=\"_blank\" rel=\"noopener\"><strong><em><span style=\"color: #993300;\">G\u00d6RSELLER \u0130\u00c7\u0130N TIKLAYINIZ<\/span><\/em><\/strong><\/a><\/span><\/p>\r\n<hr \/>\r\n<p><span style=\"font-size: 10pt; font-family: 'comic sans ms', sans-serif;\"><span style=\"color: #3366ff;\"><strong>Hilton Garden Inn Konya <\/strong><strong><br \/><\/strong><\/span><span style=\"color: #000000;\"><em>(A\u00e7\u0131l\u0131\u015f tarihi: 02 \u015eubat 2023, Konya)<\/em> <\/span><em><br \/><a href=\"https:\/\/photos.app.goo.gl\/WR7WzXNpyjVdCAZH7\" target=\"_blank\" rel=\"noopener\"><b>G\u00d6RSELLER \u0130\u00c7\u0130N TIKLAYINIZ<\/b><\/a><\/em><\/span><\/p>\r\n<hr \/>\r\n<p class=\"has-text-align-center has-vivid-cyan-blue-color has-text-color\" style=\"text-align: left;\"><span style=\"font-family: 'comic sans ms', sans-serif; font-size: 10pt;\"><strong><span style=\"color: #3366ff;\">Antalya Olgunla\u015fma Enstit\u00fcs\u00fc <\/span><br \/><\/strong><span style=\"color: #000000;\"><em>(12- 14 Ekim 2022, Kalei\u00e7i, Antalya)<br \/><\/em><\/span><strong><em><span style=\"color: #993300;\"><a style=\"color: #993300;\" href=\"https:\/\/photos.app.goo.gl\/gmJVi9vVg4UdjiR26\" target=\"_blank\" rel=\"noopener\">G\u00d6RSELLER \u0130\u00c7\u0130N TIKLAYINIZ<\/a><br \/><\/span><\/em><\/strong><\/span><\/p>\r\n<hr \/>\r\n<p class=\"has-text-align-center has-vivid-cyan-blue-color has-text-color\" style=\"text-align: left;\"><span style=\"font-family: 'comic sans ms', sans-serif; font-size: 10pt;\"><strong><span style=\"color: #3366ff;\">Antalya Konyaalt\u0131 Olgunla\u015fma Enstit\u00fcs\u00fc <\/span><br \/><\/strong><span style=\"color: #000000;\"><em>(17- 21 Ekim 2022, Antalya)<br \/><\/em><\/span><strong><em><span style=\"color: #993300;\"><a style=\"color: #993300;\" href=\"https:\/\/photos.app.goo.gl\/oo9es6KYtCA53Edd7\" target=\"_blank\" rel=\"noopener\">G\u00d6RSELLER \u0130\u00c7\u0130N TIKLAYINIZ<\/a><br \/><\/span><\/em><\/strong><\/span><\/p>\r\n<hr \/>\r\n<p class=\"has-text-align-center has-vivid-cyan-blue-color has-text-color\" style=\"text-align: left;\"><span style=\"color: #3366ff;\"><strong style=\"font-size: 10pt;\">Muratpa\u015fa Belediyesi Fikret Otyam Sanat Galerisi<br \/><\/strong><\/span><span style=\"color: #000000;\"><em style=\"font-size: 10pt;\">(24 &#8211; 26 Ekim 2022, Antalya<\/em><span style=\"font-size: 10pt;\">)<br \/><\/span><\/span><span style=\"color: #993300;\"><a style=\"color: #993300;\" href=\"https:\/\/photos.app.goo.gl\/jMB8eu2iPCV6xhEU7\" target=\"_blank\" rel=\"noopener\"><span style=\"font-family: 'comic sans ms', sans-serif; font-size: 10pt;\"><strong><em>G\u00d6RSELLER \u0130\u00c7\u0130N TIKLAYINIZ<\/em><\/strong><\/span><\/a><br \/><\/span><\/p>\r\n<hr \/>\r\n<p class=\"has-text-align-center has-vivid-cyan-blue-color has-text-color\" style=\"text-align: left;\"><span style=\"color: #3366ff;\"><strong style=\"font-size: 10pt;\">Teomanpa\u015fa Halk E\u011fitim Merkezi<br \/><\/strong><\/span><span style=\"color: #000000;\"><em style=\"font-size: 10pt;\">(10 &#8211; 23 Kas\u0131m 2022, Antalya)<br \/><\/em><\/span><span style=\"font-family: 'comic sans ms', sans-serif; font-size: 10pt;\"><em><span style=\"color: #993300;\"><a style=\"color: #993300;\" href=\"https:\/\/photos.app.goo.gl\/efRBq89UrCaxP7qr6\" target=\"_blank\" rel=\"noopener\"><strong>G\u00d6RSELLER \u0130\u00c7\u0130N TIKLAYINIZ<\/strong><\/a><br \/><\/span><\/em><\/span><\/p>\r\n<hr \/>\r\n<p class=\"has-text-align-center has-vivid-cyan-blue-color has-text-color\" style=\"text-align: left;\"><span style=\"color: #3366ff;\"><strong style=\"font-size: 10pt;\">Olympos Teleferik<br \/><\/strong><\/span><span style=\"color: #000000;\"><em style=\"font-size: 10pt;\">(29 Kas\u0131m &#8211; 06 Aral\u0131k 2022, Antalya)<br \/><\/em><\/span><em style=\"font-size: 10pt;\"><span style=\"color: #993300;\"><a style=\"color: #993300;\" href=\"https:\/\/photos.app.goo.gl\/51UVi9xpiTaDPuuKA\" target=\"_blank\" rel=\"noopener\"><strong>G\u00d6RSELLER \u0130\u00c7\u0130N TIKLAYINIZ<\/strong><\/a><br \/><\/span><\/em><\/p>\r\n<hr \/>\r\n<p class=\"has-text-align-center has-vivid-cyan-blue-color has-text-color\" style=\"text-align: left;\"><span style=\"font-family: 'comic sans ms', sans-serif; font-size: 10pt;\"><span style=\"color: #3366ff;\"><strong>Antalya Aquarium<\/strong> <\/span><br \/><em><span style=\"color: #000000;\">(07 &#8211; 13 Aral\u0131k 2022, Antalya)<\/span><br \/><span style=\"color: #993300;\"><a style=\"color: #993300;\" href=\"https:\/\/photos.app.goo.gl\/h5KrSvFw9pUJab677\" target=\"_blank\" rel=\"noopener\"><strong>G\u00d6RSELLER \u0130\u00c7\u0130N TIKLAYINIZ<\/strong><\/a><\/span><br \/><\/em><\/span><\/p>\r\n<p style=\"text-align: left;\"><span style=\"font-family: 'comic sans ms', sans-serif; font-size: 10pt;\">\r\n\r\n<\/span><\/p>\r\n<p style=\"text-align: left;\"><span style=\"font-family: 'comic sans ms', sans-serif; font-size: 10pt;\">\r\n\r\n<\/span><\/p>\r\n<hr \/>\r\n<p style=\"text-align: left;\"><span style=\"font-family: 'comic sans ms', sans-serif; font-size: 10pt;\"><span style=\"color: #3366ff;\"><strong>Prof. Atila \u00d6zer Karikat\u00fcrl\u00fc Ev<\/strong><\/span><br \/><em><span style=\"color: #000000;\">(13 &#8211; 16 Temmuz 2023, Eski\u015fehir)<\/span><br \/><span style=\"color: #993300;\"><a style=\"color: #993300;\" href=\"https:\/\/photos.app.goo.gl\/HHKyzkDgpWw2BfRU7\" target=\"_blank\" rel=\"noopener\"><strong>G\u00d6RSELLER \u0130\u00c7\u0130N TIKLAYINIZ<\/strong><\/a><\/span><\/em><\/span><\/p>\r\n<hr \/>\r\n<p style=\"text-align: left;\"><span style=\"font-family: 'comic sans ms', sans-serif; font-size: 10pt;\"><span style=\"color: #3366ff;\"><strong>Belek Beach Resort<\/strong><\/span><br \/><em><span style=\"color: #000000;\">(28 Ekim &#8211; 8 Kas\u0131m 2023, Antalya)<\/span><br \/><span style=\"color: #993300;\"><a style=\"color: #993300;\" href=\"https:\/\/photos.app.goo.gl\/H44ULb1dXexZgwMU8\" target=\"_blank\" rel=\"noopener\"><strong>G\u00d6RSELLER \u0130\u00c7\u0130N TIKLAYINIZ<\/strong><\/a><\/span><\/em><\/span><\/p>\r\n<hr \/>\r\n<p style=\"text-align: left;\"><span style=\"font-family: 'comic sans ms', sans-serif; font-size: 10pt;\"><span style=\"color: #3366ff;\"><strong>Kamelya Collection Hotel<\/strong><\/span><br \/><em><span style=\"color: #000000;\">(01 Eyl\u00fcl &#8211; 15 Eyl\u00fcl 2023, Antalya)<\/span><br \/><a href=\"https:\/\/photos.app.goo.gl\/FpDVTEZsRgba6jwL9\" target=\"_blank\" rel=\"noopener\"><span style=\"color: #993300;\"><strong>G\u00d6RSELLER \u0130\u00c7\u0130N TIKLAYINIZ<\/strong><\/span><\/a><\/em><\/span><\/p>\r\n<hr \/>\r\n<p style=\"text-align: left;\"><span style=\"font-family: 'comic sans ms', sans-serif; font-size: 10pt;\"><span style=\"color: #3366ff;\"><strong>Isparta Uygulamal\u0131 Bilimler \u00dcniversitesi<\/strong><\/span><br \/><em><span style=\"color: #000000;\">(20 May\u0131s 2023, Isparta)<\/span><br \/><span style=\"color: #993300;\"><a style=\"color: #993300;\" href=\"https:\/\/photos.app.goo.gl\/F2Y2BakrN9YfrkjU9\" target=\"_blank\" rel=\"noopener\"><strong>G\u00d6RSELLER \u0130\u00c7\u0130N TIKLAYINIZ<\/strong><\/a><\/span><\/em><\/span><\/p>\r\n<hr \/>\r\n<p style=\"text-align: left;\"><span style=\"font-family: 'comic sans ms', sans-serif; font-size: 10pt;\"><span style=\"color: #3366ff;\"><strong>Fraport TAV Antalya Havaliman\u0131<\/strong><\/span><br \/><em><span style=\"color: #000000;\"><strong>(1<\/strong>4 Haziran \u2013 12 Temmuz 2024, Antalya)<\/span><br \/><span style=\"color: #993300;\"><a style=\"color: #993300;\" href=\"https:\/\/photos.app.goo.gl\/Pznvco3Pi8CcQeAx6\" target=\"_blank\" rel=\"noopener\"><strong>G\u00d6RSELLER \u0130\u00c7\u0130N TIKLAYINIZ<\/strong><\/a><\/span><\/em><\/span><\/p>\r\n<p><span style=\"font-family: 'comic sans ms', sans-serif; font-size: 10pt;\">\r\n\r\n<\/span><\/p>\r\n","protected":false},"excerpt":{"rendered":"<p>FRAPORT TAV Antalya Havaliman\u0131(4. Anadolu Yemekleri Foto\u011fraf Yar\u0131\u015fmas\u0131 Sergisi)(11 &#8211; 14 A\u011fustos 2025) G\u00d6RSELLER \u0130\u00c7\u0130N TIKLAYINIZ Antalya Belek \u00dcniversitesi(4. Anadolu Yemekleri Foto\u011fraf Yar\u0131\u015fmas\u0131 Sergisi)(25 Kas\u0131m 2025) G\u00d6RSELLER \u0130\u00c7\u0130N TIKLAYINIZ Tokat M\u00fczesi(4. Anadolu Yemekleri Foto\u011fraf Yar\u0131\u015fmas\u0131 Sergisi)(26 &#8211; 28 May\u0131s 2025) &hellip; <a href=\"https:\/\/anatoliajournal.com\/fotograf\/sergiler\/\">Okumaya devam et <span class=\"meta-nav\">&rarr;<\/span><\/a><\/p>\n","protected":false},"author":1,"featured_media":0,"parent":0,"menu_order":0,"comment_status":"closed","ping_status":"closed","template":"","meta":{"footnotes":""},"class_list":["post-905","page","type-page","status-publish","hentry"],"acf":[],"_links":{"self":[{"href":"https:\/\/anatoliajournal.com\/fotograf\/wp-json\/wp\/v2\/pages\/905","targetHints":{"allow":["GET"]}}],"collection":[{"href":"https:\/\/anatoliajournal.com\/fotograf\/wp-json\/wp\/v2\/pages"}],"about":[{"href":"https:\/\/anatoliajournal.com\/fotograf\/wp-json\/wp\/v2\/types\/page"}],"author":[{"embeddable":true,"href":"https:\/\/anatoliajournal.com\/fotograf\/wp-json\/wp\/v2\/users\/1"}],"replies":[{"embeddable":true,"href":"https:\/\/anatoliajournal.com\/fotograf\/wp-json\/wp\/v2\/comments?post=905"}],"version-history":[{"count":91,"href":"https:\/\/anatoliajournal.com\/fotograf\/wp-json\/wp\/v2\/pages\/905\/revisions"}],"predecessor-version":[{"id":2853,"href":"https:\/\/anatoliajournal.com\/fotograf\/wp-json\/wp\/v2\/pages\/905\/revisions\/2853"}],"wp:attachment":[{"href":"https:\/\/anatoliajournal.com\/fotograf\/wp-json\/wp\/v2\/media?parent=905"}],"curies":[{"name":"wp","href":"https:\/\/api.w.org\/{rel}","templated":true}]}}