{"id":884,"date":"2022-08-16T15:53:40","date_gmt":"2022-08-16T12:53:40","guid":{"rendered":"https:\/\/anatoliajournal.com\/fotograf\/?page_id=884"},"modified":"2026-02-16T14:21:00","modified_gmt":"2026-02-16T11:21:00","slug":"destekleyenler","status":"publish","type":"page","link":"https:\/\/anatoliajournal.com\/fotograf\/destekleyenler\/","title":{"rendered":"Destekleyenler"},"content":{"rendered":"\r\n<p><span style=\"color: #993300;\"><strong>V. Anadolu Yemekleri Foto\u011fraf Yar\u0131\u015fmas\u0131&#8217;n\u0131 destekleyen kurum ve kurulu\u015flar:<\/strong><\/span><\/p>\r\n<table style=\"border-collapse: collapse; width: 100%;\">\r\n<tbody>\r\n<tr>\r\n<td style=\"width: 33.3333%;\">\u00a0<\/td>\r\n<td style=\"width: 33.3333%;\"><a href=\"https:\/\/www.acapulco.com.tr\/\" target=\"_blank\" rel=\"noopener\"><img loading=\"lazy\" decoding=\"async\" class=\"alignnone wp-image-2812 size-full\" src=\"http:\/\/anatoliajournal.com\/fotograf\/wp-content\/uploads\/2026\/01\/Acapulco-Resort-Convention-Spa.png\" alt=\"\" width=\"400\" height=\"222\" srcset=\"https:\/\/anatoliajournal.com\/fotograf\/wp-content\/uploads\/2026\/01\/Acapulco-Resort-Convention-Spa.png 400w, https:\/\/anatoliajournal.com\/fotograf\/wp-content\/uploads\/2026\/01\/Acapulco-Resort-Convention-Spa-300x167.png 300w\" sizes=\"auto, (max-width: 400px) 100vw, 400px\" \/><\/a><\/td>\r\n<td style=\"width: 33.3333%;\">\u00a0<\/td>\r\n<\/tr>\r\n<\/tbody>\r\n<\/table>\r\n<p><span style=\"color: #993300;\"><strong>IV. Anadolu Yemekleri Foto\u011fraf Yar\u0131\u015fmas\u0131&#8217;n\u0131 destekleyen kurum ve kurulu\u015flar:<\/strong><\/span><\/p>\r\n<table style=\"border-collapse: collapse; width: 99.0625%;\">\r\n<tbody>\r\n<tr>\r\n<td style=\"width: 13.959%;\">\u00a0<\/td>\r\n<td style=\"width: 26.8927%;\"><a href=\"https:\/\/www.ktb.gov.tr\/\" target=\"_blank\" rel=\"noopener\"><img loading=\"lazy\" decoding=\"async\" class=\"alignnone  wp-image-2799\" src=\"http:\/\/anatoliajournal.com\/fotograf\/wp-content\/uploads\/2026\/01\/61940_kultur_bakanligi_yeni_logo-300x300.jpg\" alt=\"\" width=\"125\" height=\"125\" srcset=\"https:\/\/anatoliajournal.com\/fotograf\/wp-content\/uploads\/2026\/01\/61940_kultur_bakanligi_yeni_logo-300x300.jpg 300w, https:\/\/anatoliajournal.com\/fotograf\/wp-content\/uploads\/2026\/01\/61940_kultur_bakanligi_yeni_logo-150x150.jpg 150w, https:\/\/anatoliajournal.com\/fotograf\/wp-content\/uploads\/2026\/01\/61940_kultur_bakanligi_yeni_logo-768x767.jpg 768w, https:\/\/anatoliajournal.com\/fotograf\/wp-content\/uploads\/2026\/01\/61940_kultur_bakanligi_yeni_logo.jpg 973w\" sizes=\"auto, (max-width: 125px) 100vw, 125px\" \/><\/a><\/td>\r\n<td style=\"width: 34.1483%;\">\r\n<p><img loading=\"lazy\" decoding=\"async\" class=\"wp-image-2835 size-medium aligncenter\" src=\"http:\/\/anatoliajournal.com\/fotograf\/wp-content\/uploads\/2026\/01\/WhatsApp-Image-2026-01-31-at-14.49.09-300x76.jpeg\" alt=\"\" width=\"300\" height=\"76\" srcset=\"https:\/\/anatoliajournal.com\/fotograf\/wp-content\/uploads\/2026\/01\/WhatsApp-Image-2026-01-31-at-14.49.09-300x76.jpeg 300w, https:\/\/anatoliajournal.com\/fotograf\/wp-content\/uploads\/2026\/01\/WhatsApp-Image-2026-01-31-at-14.49.09-1024x258.jpeg 1024w, https:\/\/anatoliajournal.com\/fotograf\/wp-content\/uploads\/2026\/01\/WhatsApp-Image-2026-01-31-at-14.49.09-768x193.jpeg 768w, https:\/\/anatoliajournal.com\/fotograf\/wp-content\/uploads\/2026\/01\/WhatsApp-Image-2026-01-31-at-14.49.09.jpeg 1080w\" sizes=\"auto, (max-width: 300px) 100vw, 300px\" \/><\/p>\r\n<p>&nbsp;<\/p>\r\n<\/td>\r\n<td style=\"width: 43.715%;\">\u00a0<\/td>\r\n<\/tr>\r\n<\/tbody>\r\n<\/table>\r\n<table style=\"border-collapse: collapse; width: 100%;\">\r\n<tbody>\r\n<tr>\r\n<td style=\"width: 25%;\">\u00a0<\/td>\r\n<td style=\"width: 25%;\">\u00a0<\/td>\r\n<td style=\"width: 25%;\">\u00a0<\/td>\r\n<td style=\"width: 25%;\">\u00a0<\/td>\r\n<\/tr>\r\n<\/tbody>\r\n<\/table>\r\n<p><span style=\"color: #993300;\"><strong>III. Anadolu Yemekleri Foto\u011fraf Yar\u0131\u015fmas\u0131&#8217;n\u0131 destekleyen kurum ve kurulu\u015flar:<\/strong><\/span><\/p>\r\n<table style=\"width: 100%; border-collapse: collapse; border-color: #faf7f7;\">\r\n<tbody>\r\n<tr>\r\n<td style=\"width: 33.3333%; border-color: #fffcfc;\"><img loading=\"lazy\" decoding=\"async\" class=\"wp-image-1958\" src=\"https:\/\/anatoliajournal.com\/fotograf\/wp-content\/uploads\/2023\/03\/indir.jpeg\" alt=\"\" width=\"252\" height=\"255\" \/><\/td>\r\n<td style=\"width: 33.3333%; vertical-align: top; border-color: #fffcfc;\"><img loading=\"lazy\" decoding=\"async\" class=\"alignnone wp-image-2262 \" src=\"http:\/\/anatoliajournal.com\/fotograf\/wp-content\/uploads\/2023\/04\/IC-kundu.png\" alt=\"\" width=\"131\" height=\"131\" srcset=\"https:\/\/anatoliajournal.com\/fotograf\/wp-content\/uploads\/2023\/04\/IC-kundu.png 179w, https:\/\/anatoliajournal.com\/fotograf\/wp-content\/uploads\/2023\/04\/IC-kundu-150x150.png 150w\" sizes=\"auto, (max-width: 131px) 100vw, 131px\" \/><\/td>\r\n<td style=\"width: 33.3333%; vertical-align: top; border-color: #fffcfc;\"><img loading=\"lazy\" decoding=\"async\" class=\"alignnone  wp-image-2196\" src=\"http:\/\/anatoliajournal.com\/fotograf\/wp-content\/uploads\/2023\/03\/yo\u0308ru\u0308k-parki-logo-279x300.jpg\" alt=\"\" width=\"100\" height=\"108\" srcset=\"https:\/\/anatoliajournal.com\/fotograf\/wp-content\/uploads\/2023\/03\/yo\u0308ru\u0308k-parki-logo-279x300.jpg 279w, https:\/\/anatoliajournal.com\/fotograf\/wp-content\/uploads\/2023\/03\/yo\u0308ru\u0308k-parki-logo-954x1024.jpg 954w, https:\/\/anatoliajournal.com\/fotograf\/wp-content\/uploads\/2023\/03\/yo\u0308ru\u0308k-parki-logo-768x825.jpg 768w, https:\/\/anatoliajournal.com\/fotograf\/wp-content\/uploads\/2023\/03\/yo\u0308ru\u0308k-parki-logo.jpg 1398w\" sizes=\"auto, (max-width: 100px) 100vw, 100px\" \/><\/td>\r\n<\/tr>\r\n<tr>\r\n<td style=\"width: 33.3333%; border-color: #fffcfc;\"><img loading=\"lazy\" decoding=\"async\" class=\"alignnone size-medium wp-image-2203\" src=\"http:\/\/anatoliajournal.com\/fotograf\/wp-content\/uploads\/2023\/03\/NASHIRA-CITY-1-1024x585-1-300x171.jpg\" alt=\"\" width=\"300\" height=\"171\" srcset=\"https:\/\/anatoliajournal.com\/fotograf\/wp-content\/uploads\/2023\/03\/NASHIRA-CITY-1-1024x585-1-300x171.jpg 300w, https:\/\/anatoliajournal.com\/fotograf\/wp-content\/uploads\/2023\/03\/NASHIRA-CITY-1-1024x585-1-768x439.jpg 768w, https:\/\/anatoliajournal.com\/fotograf\/wp-content\/uploads\/2023\/03\/NASHIRA-CITY-1-1024x585-1.jpg 1024w\" sizes=\"auto, (max-width: 300px) 100vw, 300px\" \/><\/td>\r\n<td style=\"width: 33.3333%; vertical-align: top; border-color: #fffcfc;\"><img loading=\"lazy\" decoding=\"async\" class=\"alignnone  wp-image-2204\" src=\"http:\/\/anatoliajournal.com\/fotograf\/wp-content\/uploads\/2023\/03\/WhatsApp-Image-2022-10-30-at-14.42.57-300x288.jpeg\" alt=\"\" width=\"122\" height=\"117\" srcset=\"https:\/\/anatoliajournal.com\/fotograf\/wp-content\/uploads\/2023\/03\/WhatsApp-Image-2022-10-30-at-14.42.57-300x288.jpeg 300w, https:\/\/anatoliajournal.com\/fotograf\/wp-content\/uploads\/2023\/03\/WhatsApp-Image-2022-10-30-at-14.42.57.jpeg 628w\" sizes=\"auto, (max-width: 122px) 100vw, 122px\" \/><\/td>\r\n<td style=\"width: 33.3333%; vertical-align: top; border-color: #fffcfc;\"><img loading=\"lazy\" decoding=\"async\" class=\"alignnone  wp-image-2215\" src=\"http:\/\/anatoliajournal.com\/fotograf\/wp-content\/uploads\/2023\/03\/ATiB-Logo-jpeg-300x259.webp\" alt=\"\" width=\"142\" height=\"122\" srcset=\"https:\/\/anatoliajournal.com\/fotograf\/wp-content\/uploads\/2023\/03\/ATiB-Logo-jpeg-300x259.webp 300w, https:\/\/anatoliajournal.com\/fotograf\/wp-content\/uploads\/2023\/03\/ATiB-Logo-jpeg-768x663.webp 768w, https:\/\/anatoliajournal.com\/fotograf\/wp-content\/uploads\/2023\/03\/ATiB-Logo-jpeg.webp 886w\" sizes=\"auto, (max-width: 142px) 100vw, 142px\" \/><\/td>\r\n<\/tr>\r\n<tr>\r\n<td style=\"width: 33.3333%; border-color: #fffcfc;\"><img loading=\"lazy\" decoding=\"async\" class=\"alignnone wp-image-2218 size-medium\" src=\"http:\/\/anatoliajournal.com\/fotograf\/wp-content\/uploads\/2023\/03\/antalya-aquarium-logo1-1-300x211.png\" alt=\"\" width=\"300\" height=\"211\" srcset=\"https:\/\/anatoliajournal.com\/fotograf\/wp-content\/uploads\/2023\/03\/antalya-aquarium-logo1-1-300x211.png 300w, https:\/\/anatoliajournal.com\/fotograf\/wp-content\/uploads\/2023\/03\/antalya-aquarium-logo1-1.png 666w\" sizes=\"auto, (max-width: 300px) 100vw, 300px\" \/><\/td>\r\n<td style=\"width: 33.3333%; vertical-align: top; border-color: #fffcfc;\"><img loading=\"lazy\" decoding=\"async\" class=\"alignnone size-medium wp-image-2224\" src=\"http:\/\/anatoliajournal.com\/fotograf\/wp-content\/uploads\/2023\/03\/Olympos-Teleferik-Logo-1024x323-3-300x95.jpg\" alt=\"\" width=\"300\" height=\"95\" srcset=\"https:\/\/anatoliajournal.com\/fotograf\/wp-content\/uploads\/2023\/03\/Olympos-Teleferik-Logo-1024x323-3-300x95.jpg 300w, https:\/\/anatoliajournal.com\/fotograf\/wp-content\/uploads\/2023\/03\/Olympos-Teleferik-Logo-1024x323-3-1024x323.jpg 1024w, https:\/\/anatoliajournal.com\/fotograf\/wp-content\/uploads\/2023\/03\/Olympos-Teleferik-Logo-1024x323-3-768x242.jpg 768w, https:\/\/anatoliajournal.com\/fotograf\/wp-content\/uploads\/2023\/03\/Olympos-Teleferik-Logo-1024x323-3-1536x485.jpg 1536w, https:\/\/anatoliajournal.com\/fotograf\/wp-content\/uploads\/2023\/03\/Olympos-Teleferik-Logo-1024x323-3-2048x646.jpg 2048w\" sizes=\"auto, (max-width: 300px) 100vw, 300px\" \/><\/td>\r\n<td style=\"width: 33.3333%; vertical-align: top; border-color: #fffcfc;\"><img loading=\"lazy\" decoding=\"async\" class=\"alignnone size-medium wp-image-2195\" src=\"http:\/\/anatoliajournal.com\/fotograf\/wp-content\/uploads\/2023\/03\/logo-ing-300x215.jpg\" alt=\"\" width=\"300\" height=\"215\" srcset=\"https:\/\/anatoliajournal.com\/fotograf\/wp-content\/uploads\/2023\/03\/logo-ing-300x215.jpg 300w, https:\/\/anatoliajournal.com\/fotograf\/wp-content\/uploads\/2023\/03\/logo-ing-1024x734.jpg 1024w, https:\/\/anatoliajournal.com\/fotograf\/wp-content\/uploads\/2023\/03\/logo-ing-768x550.jpg 768w, https:\/\/anatoliajournal.com\/fotograf\/wp-content\/uploads\/2023\/03\/logo-ing-1536x1100.jpg 1536w, https:\/\/anatoliajournal.com\/fotograf\/wp-content\/uploads\/2023\/03\/logo-ing.jpg 1742w\" sizes=\"auto, (max-width: 300px) 100vw, 300px\" \/><\/td>\r\n<\/tr>\r\n<tr>\r\n<td style=\"width: 33.3333%; border-color: #fffcfc;\"><img loading=\"lazy\" decoding=\"async\" class=\"alignnone size-medium wp-image-2287\" src=\"http:\/\/anatoliajournal.com\/fotograf\/wp-content\/uploads\/2023\/04\/Selfie_Park_Alt_Alta_Logo-300x236.jpg\" alt=\"\" width=\"300\" height=\"236\" srcset=\"https:\/\/anatoliajournal.com\/fotograf\/wp-content\/uploads\/2023\/04\/Selfie_Park_Alt_Alta_Logo-300x236.jpg 300w, https:\/\/anatoliajournal.com\/fotograf\/wp-content\/uploads\/2023\/04\/Selfie_Park_Alt_Alta_Logo-1024x804.jpg 1024w, https:\/\/anatoliajournal.com\/fotograf\/wp-content\/uploads\/2023\/04\/Selfie_Park_Alt_Alta_Logo-768x603.jpg 768w, https:\/\/anatoliajournal.com\/fotograf\/wp-content\/uploads\/2023\/04\/Selfie_Park_Alt_Alta_Logo-1536x1207.jpg 1536w, https:\/\/anatoliajournal.com\/fotograf\/wp-content\/uploads\/2023\/04\/Selfie_Park_Alt_Alta_Logo.jpg 2043w\" sizes=\"auto, (max-width: 300px) 100vw, 300px\" \/><\/td>\r\n<td style=\"width: 33.3333%; vertical-align: top; border-color: #fffcfc;\"><img loading=\"lazy\" decoding=\"async\" class=\"alignnone wp-image-2302 size-medium\" src=\"http:\/\/anatoliajournal.com\/fotograf\/wp-content\/uploads\/2023\/04\/ECO-FAMILY-PARK-LOGO-1-300x217.jpg\" alt=\"\" width=\"300\" height=\"217\" srcset=\"https:\/\/anatoliajournal.com\/fotograf\/wp-content\/uploads\/2023\/04\/ECO-FAMILY-PARK-LOGO-1-300x217.jpg 300w, https:\/\/anatoliajournal.com\/fotograf\/wp-content\/uploads\/2023\/04\/ECO-FAMILY-PARK-LOGO-1-768x556.jpg 768w, https:\/\/anatoliajournal.com\/fotograf\/wp-content\/uploads\/2023\/04\/ECO-FAMILY-PARK-LOGO-1.jpg 906w\" sizes=\"auto, (max-width: 300px) 100vw, 300px\" \/><\/td>\r\n<td style=\"width: 33.3333%; vertical-align: top; border-color: #fffcfc;\"><img loading=\"lazy\" decoding=\"async\" class=\"alignnone wp-image-2338 size-medium\" src=\"http:\/\/anatoliajournal.com\/fotograf\/wp-content\/uploads\/2023\/10\/WhatsApp-Gorsel-2023-10-02-saat-11.37.57_4c093f42-300x212.jpg\" alt=\"\" width=\"300\" height=\"212\" srcset=\"https:\/\/anatoliajournal.com\/fotograf\/wp-content\/uploads\/2023\/10\/WhatsApp-Gorsel-2023-10-02-saat-11.37.57_4c093f42-300x212.jpg 300w, https:\/\/anatoliajournal.com\/fotograf\/wp-content\/uploads\/2023\/10\/WhatsApp-Gorsel-2023-10-02-saat-11.37.57_4c093f42-1024x724.jpg 1024w, https:\/\/anatoliajournal.com\/fotograf\/wp-content\/uploads\/2023\/10\/WhatsApp-Gorsel-2023-10-02-saat-11.37.57_4c093f42-768x543.jpg 768w, https:\/\/anatoliajournal.com\/fotograf\/wp-content\/uploads\/2023\/10\/WhatsApp-Gorsel-2023-10-02-saat-11.37.57_4c093f42-1536x1086.jpg 1536w, https:\/\/anatoliajournal.com\/fotograf\/wp-content\/uploads\/2023\/10\/WhatsApp-Gorsel-2023-10-02-saat-11.37.57_4c093f42.jpg 1600w\" sizes=\"auto, (max-width: 300px) 100vw, 300px\" \/><\/td>\r\n<\/tr>\r\n<tr>\r\n<td style=\"width: 33.3333%; border-color: #fffcfc;\"><img loading=\"lazy\" decoding=\"async\" class=\"alignnone wp-image-2342 size-medium\" src=\"http:\/\/anatoliajournal.com\/fotograf\/wp-content\/uploads\/2023\/10\/falez-otel-300x141.jpg\" alt=\"\" width=\"300\" height=\"141\" srcset=\"https:\/\/anatoliajournal.com\/fotograf\/wp-content\/uploads\/2023\/10\/falez-otel-300x141.jpg 300w, https:\/\/anatoliajournal.com\/fotograf\/wp-content\/uploads\/2023\/10\/falez-otel-1024x480.jpg 1024w, https:\/\/anatoliajournal.com\/fotograf\/wp-content\/uploads\/2023\/10\/falez-otel-768x360.jpg 768w, https:\/\/anatoliajournal.com\/fotograf\/wp-content\/uploads\/2023\/10\/falez-otel.jpg 1140w\" sizes=\"auto, (max-width: 300px) 100vw, 300px\" \/><\/td>\r\n<td style=\"width: 33.3333%; vertical-align: top; border-color: #fffcfc;\"><img loading=\"lazy\" decoding=\"async\" class=\"alignnone wp-image-2343 \" src=\"http:\/\/anatoliajournal.com\/fotograf\/wp-content\/uploads\/2023\/10\/kamelya-otel.png\" alt=\"\" width=\"105\" height=\"105\" srcset=\"https:\/\/anatoliajournal.com\/fotograf\/wp-content\/uploads\/2023\/10\/kamelya-otel.png 225w, https:\/\/anatoliajournal.com\/fotograf\/wp-content\/uploads\/2023\/10\/kamelya-otel-150x150.png 150w\" sizes=\"auto, (max-width: 105px) 100vw, 105px\" \/><\/td>\r\n<td style=\"width: 33.3333%; vertical-align: top; border-color: #fffcfc;\"><img loading=\"lazy\" decoding=\"async\" class=\"alignnone wp-image-2344 \" src=\"http:\/\/anatoliajournal.com\/fotograf\/wp-content\/uploads\/2023\/10\/Secil-Bayrak.jpeg\" alt=\"\" width=\"124\" height=\"116\" \/><\/td>\r\n<\/tr>\r\n<tr>\r\n<td style=\"width: 33.3333%; border-color: #fffcfc;\">\u00a0<\/td>\r\n<td style=\"width: 33.3333%; vertical-align: top; border-color: #fffcfc;\">\u00a0<\/td>\r\n<td style=\"width: 33.3333%; vertical-align: top; border-color: #fffcfc;\">\u00a0<\/td>\r\n<\/tr>\r\n<\/tbody>\r\n<\/table>\r\n\r\n\r\n\r\n\r\n<hr class=\"wp-block-separator has-alpha-channel-opacity\" \/>\r\n\r\n\r\n<p class=\"has-text-align-left\"><strong><mark>II. Anadolu Yemekleri Foto\u011fraf Yar\u0131\u015fmas\u0131&#8217;n\u0131 destekleyen kurum ve kurulu\u015flar:<\/mark><\/strong><\/p>\r\n\r\n\r\n\r\n<figure class=\"wp-block-table aligncenter\">\r\n<table style=\"border-color: #fcfafa; background-color: #fcfcfc;\">\r\n<tbody>\r\n<tr>\r\n<td class=\"has-text-align-center\" style=\"border-color: #fcfcfc; background-color: #ffffff;\" data-align=\"center\"><img decoding=\"async\" style=\"width: 100px;\" src=\"https:\/\/anatoliajournal.com\/fotograf\/wp-content\/uploads\/2022\/10\/Tam-Logo-1-628x1024.jpg\" alt=\"\" \/><\/td>\r\n<td class=\"has-text-align-center\" style=\"border-color: #fcfcfc; background-color: #ffffff;\" data-align=\"center\"><img loading=\"lazy\" decoding=\"async\" width=\"133\" height=\"133\" class=\"wp-image-1019\" style=\"width: 133px;\" src=\"http:\/\/anatoliajournal.com\/fotograf\/wp-content\/uploads\/2022\/10\/graphx-sponsored-logo11538-2.jpg\" alt=\"\" srcset=\"https:\/\/anatoliajournal.com\/fotograf\/wp-content\/uploads\/2022\/10\/graphx-sponsored-logo11538-2.jpg 1298w, https:\/\/anatoliajournal.com\/fotograf\/wp-content\/uploads\/2022\/10\/graphx-sponsored-logo11538-2-300x300.jpg 300w, https:\/\/anatoliajournal.com\/fotograf\/wp-content\/uploads\/2022\/10\/graphx-sponsored-logo11538-2-1024x1024.jpg 1024w, https:\/\/anatoliajournal.com\/fotograf\/wp-content\/uploads\/2022\/10\/graphx-sponsored-logo11538-2-150x150.jpg 150w, https:\/\/anatoliajournal.com\/fotograf\/wp-content\/uploads\/2022\/10\/graphx-sponsored-logo11538-2-768x768.jpg 768w\" sizes=\"auto, (max-width: 133px) 100vw, 133px\" \/><\/td>\r\n<td class=\"has-text-align-center\" style=\"border-color: #fcfcfc; background-color: #ffffff;\" data-align=\"center\"><img loading=\"lazy\" decoding=\"async\" width=\"177\" height=\"170\" class=\"wp-image-1027\" style=\"width: 177px;\" src=\"http:\/\/anatoliajournal.com\/fotograf\/wp-content\/uploads\/2022\/10\/WhatsApp-Image-2022-10-30-at-14.42.57.jpeg\" alt=\"\" srcset=\"https:\/\/anatoliajournal.com\/fotograf\/wp-content\/uploads\/2022\/10\/WhatsApp-Image-2022-10-30-at-14.42.57.jpeg 628w, https:\/\/anatoliajournal.com\/fotograf\/wp-content\/uploads\/2022\/10\/WhatsApp-Image-2022-10-30-at-14.42.57-300x288.jpeg 300w\" sizes=\"auto, (max-width: 177px) 100vw, 177px\" \/><\/td>\r\n<\/tr>\r\n<\/tbody>\r\n<\/table>\r\n<\/figure>\r\n\r\n\r\n\r\n<figure class=\"wp-block-table\">\r\n<p><img loading=\"lazy\" decoding=\"async\" class=\"\" src=\"https:\/\/anatoliajournal.com\/fotograf\/wp-content\/uploads\/2022\/12\/NASHIRA-CITY-1-1024x585.jpg\" alt=\"\" width=\"212\" height=\"121\" \/><img loading=\"lazy\" decoding=\"async\" class=\"alignnone wp-image-2331\" src=\"http:\/\/anatoliajournal.com\/fotograf\/wp-content\/uploads\/2023\/09\/logo2.jpg\" alt=\"\" width=\"124\" height=\"124\" \/><img loading=\"lazy\" decoding=\"async\" class=\"\" src=\"https:\/\/anatoliajournal.com\/fotograf\/wp-content\/uploads\/2022\/12\/IMG-20220822-WA0001.jpg\" alt=\"\" width=\"117\" height=\"144\" \/><img loading=\"lazy\" decoding=\"async\" class=\"\" src=\"https:\/\/anatoliajournal.com\/fotograf\/wp-content\/uploads\/2022\/12\/turab.jpg\" alt=\"\" width=\"161\" height=\"101\" \/><img loading=\"lazy\" decoding=\"async\" class=\"alignnone wp-image-2400 \" src=\"http:\/\/anatoliajournal.com\/fotograf\/wp-content\/uploads\/2023\/11\/Sural-Hotels-Logo-300x161.jpg\" alt=\"\" width=\"162\" height=\"87\" srcset=\"https:\/\/anatoliajournal.com\/fotograf\/wp-content\/uploads\/2023\/11\/Sural-Hotels-Logo-300x161.jpg 300w, https:\/\/anatoliajournal.com\/fotograf\/wp-content\/uploads\/2023\/11\/Sural-Hotels-Logo-1024x550.jpg 1024w, https:\/\/anatoliajournal.com\/fotograf\/wp-content\/uploads\/2023\/11\/Sural-Hotels-Logo-768x413.jpg 768w, https:\/\/anatoliajournal.com\/fotograf\/wp-content\/uploads\/2023\/11\/Sural-Hotels-Logo-1536x825.jpg 1536w, https:\/\/anatoliajournal.com\/fotograf\/wp-content\/uploads\/2023\/11\/Sural-Hotels-Logo-2048x1100.jpg 2048w\" sizes=\"auto, (max-width: 162px) 100vw, 162px\" \/><\/p>\r\n<\/figure>\r\n\r\n\r\n\r\n<figure class=\"wp-block-table aligncenter\">\r\n<table style=\"width: 99.881%; border-color: #faf7f7; background-color: #faf7f7;\">\r\n<tbody>\r\n<tr>\r\n<td class=\"has-text-align-center\" style=\"width: 406px; border-color: #fffcfc; background-color: #fffcfc;\" data-align=\"center\"><img loading=\"lazy\" decoding=\"async\" width=\"266\" height=\"98\" class=\"wp-image-1023\" style=\"width: 266px;\" src=\"http:\/\/anatoliajournal.com\/fotograf\/wp-content\/uploads\/2022\/10\/logo.jpg\" alt=\"\" srcset=\"https:\/\/anatoliajournal.com\/fotograf\/wp-content\/uploads\/2022\/10\/logo.jpg 1486w, https:\/\/anatoliajournal.com\/fotograf\/wp-content\/uploads\/2022\/10\/logo-300x110.jpg 300w, https:\/\/anatoliajournal.com\/fotograf\/wp-content\/uploads\/2022\/10\/logo-1024x376.jpg 1024w, https:\/\/anatoliajournal.com\/fotograf\/wp-content\/uploads\/2022\/10\/logo-768x282.jpg 768w\" sizes=\"auto, (max-width: 266px) 100vw, 266px\" \/><\/td>\r\n<td class=\"has-text-align-center\" style=\"width: 406px; border-color: #fffcfc; background-color: #fffcfc;\" data-align=\"center\"><img loading=\"lazy\" decoding=\"async\" width=\"266\" height=\"85\" class=\"wp-image-1024\" style=\"width: 266px;\" src=\"http:\/\/anatoliajournal.com\/fotograf\/wp-content\/uploads\/2022\/10\/TELGRAF_Logo.jpg\" alt=\"\" srcset=\"https:\/\/anatoliajournal.com\/fotograf\/wp-content\/uploads\/2022\/10\/TELGRAF_Logo.jpg 1509w, https:\/\/anatoliajournal.com\/fotograf\/wp-content\/uploads\/2022\/10\/TELGRAF_Logo-300x96.jpg 300w, https:\/\/anatoliajournal.com\/fotograf\/wp-content\/uploads\/2022\/10\/TELGRAF_Logo-1024x327.jpg 1024w, https:\/\/anatoliajournal.com\/fotograf\/wp-content\/uploads\/2022\/10\/TELGRAF_Logo-768x245.jpg 768w\" sizes=\"auto, (max-width: 266px) 100vw, 266px\" \/><\/td>\r\n<td style=\"width: 27px; border-color: #fffcfc; background-color: #fffcfc;\">\u00a0<\/td>\r\n<\/tr>\r\n<\/tbody>\r\n<\/table>\r\n<\/figure>\r\n\r\n\r\n\r\n<figure class=\"wp-block-table\">\r\n<table style=\"width: 100%; border-color: #fcfafa; background-color: #fcfcfc;\">\r\n<tbody>\r\n<tr>\r\n<td class=\"has-text-align-center\" style=\"width: 43.2143%; border-color: #fcfcfc; background-color: #fcfcfc;\" data-align=\"center\"><img loading=\"lazy\" decoding=\"async\" class=\"alignright\" src=\"https:\/\/anatoliajournal.com\/fotograf\/wp-content\/uploads\/2022\/12\/AKV2017_YeniLogo.jpg\" alt=\"\" width=\"136\" height=\"137\" \/><\/td>\r\n<td class=\"has-text-align-center\" style=\"width: 56.6667%; vertical-align: middle; border-color: #fcfcfc; background-color: #fcfcfc;\" data-align=\"center\"><img loading=\"lazy\" decoding=\"async\" class=\"alignleft\" src=\"https:\/\/anatoliajournal.com\/fotograf\/wp-content\/uploads\/2022\/12\/Olympos-Teleferik-Logo-1024x323.jpg\" alt=\"\" width=\"305\" height=\"96\" \/><\/td>\r\n<\/tr>\r\n<\/tbody>\r\n<\/table>\r\n<\/figure>\r\n\r\n\r\n\r\n<figure class=\"wp-block-table\"><\/figure>\r\n\r\n\r\n\r\n<figure class=\"wp-block-gallery has-nested-images columns-default is-cropped wp-block-gallery-1 is-layout-flex wp-block-gallery-is-layout-flex\"><\/figure>\r\n\r\n\r\n\r\n<figure class=\"wp-block-table\"><\/figure>\r\n\r\n\r\n<hr class=\"wp-block-separator has-alpha-channel-opacity\" \/>\r\n\r\n\r\n\r\n\r\n<p class=\"has-text-align-left\"><strong><mark>I. Anadolu Yemekleri Foto\u011fraf Yar\u0131\u015fmas\u0131&#8217;n\u0131 destekleyen kurum ve kurulu\u015flar:<\/mark><\/strong><\/p>\r\n\r\n\r\n<div class=\"wp-block-image\">\r\n<figure class=\"aligncenter size-large is-resized\"><img loading=\"lazy\" decoding=\"async\" class=\"wp-image-891\" src=\"https:\/\/anatoliajournal.com\/fotograf\/wp-content\/uploads\/2022\/08\/3-994x1024.jpg\" alt=\"\" width=\"597\" height=\"614\" srcset=\"https:\/\/anatoliajournal.com\/fotograf\/wp-content\/uploads\/2022\/08\/3-994x1024.jpg 994w, https:\/\/anatoliajournal.com\/fotograf\/wp-content\/uploads\/2022\/08\/3-291x300.jpg 291w, https:\/\/anatoliajournal.com\/fotograf\/wp-content\/uploads\/2022\/08\/3-768x791.jpg 768w, https:\/\/anatoliajournal.com\/fotograf\/wp-content\/uploads\/2022\/08\/3-1491x1536.jpg 1491w, https:\/\/anatoliajournal.com\/fotograf\/wp-content\/uploads\/2022\/08\/3-1988x2048.jpg 1988w\" sizes=\"auto, (max-width: 597px) 100vw, 597px\" \/><\/figure>\r\n<\/div>","protected":false},"excerpt":{"rendered":"<p>V. Anadolu Yemekleri Foto\u011fraf Yar\u0131\u015fmas\u0131&#8217;n\u0131 destekleyen kurum ve kurulu\u015flar: \u00a0 \u00a0 IV. Anadolu Yemekleri Foto\u011fraf Yar\u0131\u015fmas\u0131&#8217;n\u0131 destekleyen kurum ve kurulu\u015flar: \u00a0 &nbsp; \u00a0 \u00a0 \u00a0 \u00a0 \u00a0 III. Anadolu Yemekleri Foto\u011fraf Yar\u0131\u015fmas\u0131&#8217;n\u0131 destekleyen kurum ve kurulu\u015flar: \u00a0 \u00a0 \u00a0 II. &hellip; <a href=\"https:\/\/anatoliajournal.com\/fotograf\/destekleyenler\/\">Okumaya devam et <span class=\"meta-nav\">&rarr;<\/span><\/a><\/p>\n","protected":false},"author":1,"featured_media":0,"parent":0,"menu_order":0,"comment_status":"closed","ping_status":"closed","template":"","meta":{"footnotes":""},"class_list":["post-884","page","type-page","status-publish","hentry"],"acf":[],"_links":{"self":[{"href":"https:\/\/anatoliajournal.com\/fotograf\/wp-json\/wp\/v2\/pages\/884","targetHints":{"allow":["GET"]}}],"collection":[{"href":"https:\/\/anatoliajournal.com\/fotograf\/wp-json\/wp\/v2\/pages"}],"about":[{"href":"https:\/\/anatoliajournal.com\/fotograf\/wp-json\/wp\/v2\/types\/page"}],"author":[{"embeddable":true,"href":"https:\/\/anatoliajournal.com\/fotograf\/wp-json\/wp\/v2\/users\/1"}],"replies":[{"embeddable":true,"href":"https:\/\/anatoliajournal.com\/fotograf\/wp-json\/wp\/v2\/comments?post=884"}],"version-history":[{"count":114,"href":"https:\/\/anatoliajournal.com\/fotograf\/wp-json\/wp\/v2\/pages\/884\/revisions"}],"predecessor-version":[{"id":2840,"href":"https:\/\/anatoliajournal.com\/fotograf\/wp-json\/wp\/v2\/pages\/884\/revisions\/2840"}],"wp:attachment":[{"href":"https:\/\/anatoliajournal.com\/fotograf\/wp-json\/wp\/v2\/media?parent=884"}],"curies":[{"name":"wp","href":"https:\/\/api.w.org\/{rel}","templated":true}]}}