{"id":833,"date":"2022-08-04T11:22:57","date_gmt":"2022-08-04T08:22:57","guid":{"rendered":"https:\/\/anatoliajournal.com\/fotograf\/?page_id=833"},"modified":"2025-02-19T10:55:48","modified_gmt":"2025-02-19T07:55:48","slug":"yarisma-albumu","status":"publish","type":"page","link":"https:\/\/anatoliajournal.com\/fotograf\/yarisma-albumu\/","title":{"rendered":"Yar\u0131\u015fma Alb\u00fcmleri"},"content":{"rendered":"\r\n<figure>\r\n<table style=\"width: 100%; border-collapse: collapse; border-color: #fcfafa;\">\r\n<tbody>\r\n<tr>\r\n<td style=\"width: 33.3333%; border-color: #fcfafa;\"><a href=\"https:\/\/online.fliphtml5.com\/xjott\/rdsv\/#p=1\" target=\"_blank\" rel=\"noopener\"><img loading=\"lazy\" decoding=\"async\" class=\"wp-image-852\" src=\"https:\/\/anatoliajournal.com\/fotograf\/wp-content\/uploads\/2022\/08\/2021-kapak-tasarimi_Page_1-1024x1024.jpg\" alt=\"\" width=\"285\" height=\"285\" srcset=\"https:\/\/anatoliajournal.com\/fotograf\/wp-content\/uploads\/2022\/08\/2021-kapak-tasarimi_Page_1-1024x1024.jpg 1024w, https:\/\/anatoliajournal.com\/fotograf\/wp-content\/uploads\/2022\/08\/2021-kapak-tasarimi_Page_1-300x300.jpg 300w, https:\/\/anatoliajournal.com\/fotograf\/wp-content\/uploads\/2022\/08\/2021-kapak-tasarimi_Page_1-150x150.jpg 150w, https:\/\/anatoliajournal.com\/fotograf\/wp-content\/uploads\/2022\/08\/2021-kapak-tasarimi_Page_1-768x768.jpg 768w, https:\/\/anatoliajournal.com\/fotograf\/wp-content\/uploads\/2022\/08\/2021-kapak-tasarimi_Page_1-1536x1536.jpg 1536w, https:\/\/anatoliajournal.com\/fotograf\/wp-content\/uploads\/2022\/08\/2021-kapak-tasarimi_Page_1.jpg 1851w\" sizes=\"auto, (max-width: 285px) 100vw, 285px\" \/><\/a><\/td>\r\n<td style=\"width: 33.3333%; border-color: #fcfafa;\"><a href=\"https:\/\/online.fliphtml5.com\/xjott\/lkbi\/#p=1\" target=\"_blank\" rel=\"noopener\"><img loading=\"lazy\" decoding=\"async\" class=\"alignnone wp-image-2101 size-medium\" src=\"http:\/\/anatoliajournal.com\/fotograf\/wp-content\/uploads\/2023\/03\/Backup_of_2021-kapak-tasarimi_Page_1-300x300.jpg\" alt=\"\" width=\"300\" height=\"300\" srcset=\"https:\/\/anatoliajournal.com\/fotograf\/wp-content\/uploads\/2023\/03\/Backup_of_2021-kapak-tasarimi_Page_1-300x300.jpg 300w, https:\/\/anatoliajournal.com\/fotograf\/wp-content\/uploads\/2023\/03\/Backup_of_2021-kapak-tasarimi_Page_1-1024x1024.jpg 1024w, https:\/\/anatoliajournal.com\/fotograf\/wp-content\/uploads\/2023\/03\/Backup_of_2021-kapak-tasarimi_Page_1-150x150.jpg 150w, https:\/\/anatoliajournal.com\/fotograf\/wp-content\/uploads\/2023\/03\/Backup_of_2021-kapak-tasarimi_Page_1-768x768.jpg 768w, https:\/\/anatoliajournal.com\/fotograf\/wp-content\/uploads\/2023\/03\/Backup_of_2021-kapak-tasarimi_Page_1-1536x1536.jpg 1536w, https:\/\/anatoliajournal.com\/fotograf\/wp-content\/uploads\/2023\/03\/Backup_of_2021-kapak-tasarimi_Page_1.jpg 1851w\" sizes=\"auto, (max-width: 300px) 100vw, 300px\" \/><\/a><\/td>\r\n<\/tr>\r\n<tr>\r\n<td style=\"width: 33.3333%; border-color: #fcfafa;\"><a href=\"https:\/\/online.fliphtml5.com\/xjott\/mnpu\/#p=1\" target=\"_blank\" rel=\"noopener\"><img loading=\"lazy\" decoding=\"async\" class=\"alignnone wp-image-2627 size-medium\" src=\"http:\/\/anatoliajournal.com\/fotograf\/wp-content\/uploads\/2024\/08\/2023-kapak_Page_1-300x300.jpg\" alt=\"\" width=\"300\" height=\"300\" srcset=\"https:\/\/anatoliajournal.com\/fotograf\/wp-content\/uploads\/2024\/08\/2023-kapak_Page_1-300x300.jpg 300w, https:\/\/anatoliajournal.com\/fotograf\/wp-content\/uploads\/2024\/08\/2023-kapak_Page_1-1024x1024.jpg 1024w, https:\/\/anatoliajournal.com\/fotograf\/wp-content\/uploads\/2024\/08\/2023-kapak_Page_1-150x150.jpg 150w, https:\/\/anatoliajournal.com\/fotograf\/wp-content\/uploads\/2024\/08\/2023-kapak_Page_1-768x768.jpg 768w, https:\/\/anatoliajournal.com\/fotograf\/wp-content\/uploads\/2024\/08\/2023-kapak_Page_1-1536x1536.jpg 1536w, https:\/\/anatoliajournal.com\/fotograf\/wp-content\/uploads\/2024\/08\/2023-kapak_Page_1.jpg 1851w\" sizes=\"auto, (max-width: 300px) 100vw, 300px\" \/><\/a><\/td>\r\n<td style=\"width: 33.3333%; border-color: #fcfafa;\">\u00a0<\/td>\r\n<\/tr>\r\n<\/tbody>\r\n<\/table>\r\n<\/figure>\r\n<p>&nbsp;<\/p>\r\n","protected":false},"excerpt":{"rendered":"","protected":false},"author":1,"featured_media":0,"parent":0,"menu_order":0,"comment_status":"closed","ping_status":"closed","template":"","meta":{"footnotes":""},"class_list":["post-833","page","type-page","status-publish","hentry"],"acf":[],"_links":{"self":[{"href":"https:\/\/anatoliajournal.com\/fotograf\/wp-json\/wp\/v2\/pages\/833","targetHints":{"allow":["GET"]}}],"collection":[{"href":"https:\/\/anatoliajournal.com\/fotograf\/wp-json\/wp\/v2\/pages"}],"about":[{"href":"https:\/\/anatoliajournal.com\/fotograf\/wp-json\/wp\/v2\/types\/page"}],"author":[{"embeddable":true,"href":"https:\/\/anatoliajournal.com\/fotograf\/wp-json\/wp\/v2\/users\/1"}],"replies":[{"embeddable":true,"href":"https:\/\/anatoliajournal.com\/fotograf\/wp-json\/wp\/v2\/comments?post=833"}],"version-history":[{"count":19,"href":"https:\/\/anatoliajournal.com\/fotograf\/wp-json\/wp\/v2\/pages\/833\/revisions"}],"predecessor-version":[{"id":2696,"href":"https:\/\/anatoliajournal.com\/fotograf\/wp-json\/wp\/v2\/pages\/833\/revisions\/2696"}],"wp:attachment":[{"href":"https:\/\/anatoliajournal.com\/fotograf\/wp-json\/wp\/v2\/media?parent=833"}],"curies":[{"name":"wp","href":"https:\/\/api.w.org\/{rel}","templated":true}]}}