{"id":63,"date":"2021-07-26T17:38:18","date_gmt":"2021-07-26T14:38:18","guid":{"rendered":"https:\/\/anatoliajournal.com\/fotograf\/?page_id=63"},"modified":"2026-02-16T14:17:24","modified_gmt":"2026-02-16T11:17:24","slug":"oduller","status":"publish","type":"page","link":"https:\/\/anatoliajournal.com\/fotograf\/oduller\/","title":{"rendered":"\u00d6D\u00dcLLER"},"content":{"rendered":"\r\n<p><span style=\"font-size: 14pt; color: #993300;\"><strong><span style=\"font-family: 'comic sans ms', sans-serif;\">Genel Kategori<\/span><\/strong><\/span><\/p>\r\n<p><span style=\"font-family: 'comic sans ms', sans-serif; font-size: 10pt;\">\r\n\r\n<\/span><\/p>\r\n<p><span style=\"font-family: 'comic sans ms', sans-serif; font-size: 10pt;\"><span style=\"color: #0000ff;\"><strong><span class=\"tadv-color\">Birincilik \u00f6d\u00fcl\u00fc<\/span><\/strong>: <\/span>Plaket + 2 ki\u015filik 5 g\u00fcnl\u00fck her \u015fey dahil tatil <em><mark>(<\/mark><\/em><strong><em><mark><a href=\"https:\/\/www.acapulco.com.tr\/\" target=\"_blank\" rel=\"noopener\">Acapulco Resort Convention SPA Hotel<\/a>, <\/mark><\/em><\/strong><mark>Girne, KKTC<\/mark><em><mark>)<\/mark><\/em><\/span><\/p>\r\n<p><span style=\"font-family: 'comic sans ms', sans-serif; font-size: 10pt;\">\r\n\r\n<\/span><\/p>\r\n<p><span style=\"font-family: 'comic sans ms', sans-serif; font-size: 10pt;\"><span style=\"color: #0000ff;\"><strong><span class=\"tadv-color\">\u0130kincilik \u00f6d\u00fcl\u00fc<\/span><\/strong>:<\/span> Plaket + 2 ki\u015filik 4 g\u00fcnl\u00fck her \u015fey dahil tatil <em><mark>(<\/mark><\/em><strong><em><mark><a href=\"https:\/\/www.acapulco.com.tr\/\" target=\"_blank\" rel=\"noopener\">Acapulco Resort Convention SPA Hotel<\/a>, <\/mark><\/em><\/strong><mark>Girne, KKTC<\/mark><em><mark>)<\/mark><\/em><\/span><\/p>\r\n<p><span style=\"font-family: 'comic sans ms', sans-serif; font-size: 10pt;\">\r\n\r\n<\/span><\/p>\r\n<p><span style=\"font-family: 'comic sans ms', sans-serif; font-size: 10pt;\"><span style=\"color: #0000ff;\"><strong><span class=\"tadv-color\">\u00dc\u00e7\u00fcnc\u00fcl\u00fck \u00f6d\u00fcl\u00fc<\/span><\/strong>: <\/span>Plaket + 2 ki\u015filik 2 g\u00fcnl\u00fck her \u015fey dahil tatil <em><mark>(<\/mark><\/em><strong><em><mark><a href=\"https:\/\/www.acapulco.com.tr\/\" target=\"_blank\" rel=\"noopener\">Acapulco Resort Convention SPA Hotel<\/a>, <\/mark><\/em><\/strong><mark>Girne, KKTC<\/mark><em><mark>)<\/mark><\/em><\/span><\/p>\r\n<p><span style=\"color: #ff6600;\"><strong><em><span style=\"font-family: 'comic sans ms', sans-serif;\">Not: \u00d6d\u00fcl kazananlar\u0131n KKTC\u2019ye ula\u015f\u0131m giderleri kendilerine ait olup, havaliman\u0131 ile otel aras\u0131ndaki transferleri d\u00fczenleyicilerce sa\u011flanacakt\u0131r.<\/span><\/em><\/strong><\/span><\/p>\r\n<p><span style=\"font-family: 'comic sans ms', sans-serif; font-size: 10pt;\">\r\n\r\n<\/span><\/p>\r\n<hr class=\"wp-block-separator has-alpha-channel-opacity\" \/>\r\n<p><span style=\"font-family: 'comic sans ms', sans-serif; font-size: 10pt;\">\r\n\r\n<\/span><\/p>\r\n<p><span style=\"color: #993300;\"><strong><span style=\"font-family: 'comic sans ms', sans-serif; font-size: 14pt;\">\u00d6\u011frenciler Kategorisi<\/span><\/strong><\/span><\/p>\r\n<p><span style=\"font-family: 'comic sans ms', sans-serif; font-size: 10pt;\">\r\n\r\n<\/span><\/p>\r\n<p><span style=\"font-family: 'comic sans ms', sans-serif; font-size: 10pt;\"><span style=\"color: #0000ff;\"><strong><span class=\"tadv-color\">Birincilik \u00f6d\u00fcl\u00fc<\/span><\/strong>: <\/span>Plaket + 2 ki\u015filik 5 g\u00fcnl\u00fck her \u015fey dahil tatil <em><mark>(<\/mark><\/em><strong><em><mark><a href=\"https:\/\/www.acapulco.com.tr\/\" target=\"_blank\" rel=\"noopener\">Acapulco Resort Convention SPA Hotel<\/a>, <\/mark><\/em><\/strong><mark>Girne, KKTC<\/mark><em><mark>)<\/mark><\/em><\/span><\/p>\r\n<p><span style=\"font-family: 'comic sans ms', sans-serif; font-size: 10pt;\">\r\n\r\n<\/span><\/p>\r\n<p><span style=\"font-family: 'comic sans ms', sans-serif; font-size: 10pt;\"><span style=\"color: #0000ff;\"><strong><span class=\"tadv-color\">\u0130kincilik \u00f6d\u00fcl\u00fc<\/span><\/strong>:<\/span> Plaket + 2 ki\u015filik 4 g\u00fcnl\u00fck her \u015fey dahil tatil <em><mark>(<\/mark><\/em><strong><em><mark><a href=\"https:\/\/www.acapulco.com.tr\/\" target=\"_blank\" rel=\"noopener\">Acapulco Resort Convention SPA Hotel<\/a>, <\/mark><\/em><\/strong><mark>Girne, KKTC<\/mark><em><mark>)<\/mark><\/em><\/span><\/p>\r\n<p><span style=\"font-family: 'comic sans ms', sans-serif; font-size: 10pt;\">\r\n\r\n<\/span><\/p>\r\n<p><span style=\"font-family: 'comic sans ms', sans-serif; font-size: 10pt;\"><span style=\"color: #0000ff;\"><strong><span class=\"tadv-color\">\u00dc\u00e7\u00fcnc\u00fcl\u00fck \u00f6d\u00fcl\u00fc<\/span><\/strong>: <\/span>Plaket + 2 ki\u015filik 2 g\u00fcnl\u00fck her \u015fey dahil tatil <em><mark>(<\/mark><\/em><strong><em><mark><a href=\"https:\/\/www.acapulco.com.tr\/\" target=\"_blank\" rel=\"noopener\">Acapulco Resort Convention SPA Hotel<\/a>, <\/mark><\/em><\/strong><mark>Girne, KKTC<\/mark><em><mark>)<\/mark><\/em><\/span><\/p>\r\n<p><span style=\"color: #ff6600;\"><strong><em><span style=\"font-family: 'comic sans ms', sans-serif;\">Not: \u00d6d\u00fcl kazananlar\u0131n KKTC\u2019ye ula\u015f\u0131m giderleri kendilerine ait olup, havaliman\u0131 ile otel aras\u0131ndaki transferleri d\u00fczenleyicilerce sa\u011flanacakt\u0131r.<\/span><\/em><\/strong><\/span><\/p>\r\n<hr \/>\r\n<p><span style=\"color: #993300;\"><strong><span style=\"font-family: 'comic sans ms', sans-serif; font-size: 14pt;\">K\u0131br\u0131s Yemekleri Kategorisi (\u00d6zel Kategori)<\/span><\/strong><\/span><\/p>\r\n<p><span style=\"font-family: 'comic sans ms', sans-serif; font-size: 10pt;\">\r\n\r\n<\/span><\/p>\r\n<p><span style=\"font-family: 'comic sans ms', sans-serif; font-size: 10pt;\"><span style=\"color: #0000ff;\"><strong><span class=\"tadv-color\">Birincilik \u00f6d\u00fcl\u00fc<\/span><\/strong>: <\/span>Plaket + 2 ki\u015filik 5 g\u00fcnl\u00fck her \u015fey dahil tatil <em><mark>(<\/mark><\/em><strong><em><mark><a href=\"https:\/\/www.acapulco.com.tr\/\" target=\"_blank\" rel=\"noopener\">Acapulco Resort Convention SPA Hotel<\/a>, <\/mark><\/em><\/strong><mark>Girne, KKTC<\/mark><em><mark>)<\/mark><\/em><\/span><\/p>\r\n<p><span style=\"font-family: 'comic sans ms', sans-serif; font-size: 10pt;\">\r\n\r\n<\/span><\/p>\r\n<p><span style=\"font-family: 'comic sans ms', sans-serif; font-size: 10pt;\"><span style=\"color: #0000ff;\"><strong><span class=\"tadv-color\">\u0130kincilik \u00f6d\u00fcl\u00fc<\/span><\/strong>:<\/span> Plaket + 2 ki\u015filik 4 g\u00fcnl\u00fck her \u015fey dahil tatil <em><mark>(<\/mark><\/em><strong><em><mark><a href=\"https:\/\/www.acapulco.com.tr\/\" target=\"_blank\" rel=\"noopener\">Acapulco Resort Convention SPA Hotel<\/a>, <\/mark><\/em><\/strong><mark>Girne, KKTC<\/mark><em><mark>)<\/mark><\/em><\/span><\/p>\r\n<p><span style=\"font-family: 'comic sans ms', sans-serif; font-size: 10pt;\">\r\n\r\n<\/span><\/p>\r\n<p><span style=\"font-family: 'comic sans ms', sans-serif; font-size: 10pt;\"><span style=\"color: #0000ff;\"><strong><span class=\"tadv-color\">\u00dc\u00e7\u00fcnc\u00fcl\u00fck \u00f6d\u00fcl\u00fc<\/span><\/strong>: <\/span>Plaket + 2 ki\u015filik 2 g\u00fcnl\u00fck her \u015fey dahil tatil <em><mark>(<\/mark><\/em><strong><em><mark><a href=\"https:\/\/www.acapulco.com.tr\/\" target=\"_blank\" rel=\"noopener\">Acapulco Resort Convention SPA Hotel<\/a>, <\/mark><\/em><\/strong><mark>Girne, KKTC<\/mark><em><mark>)<\/mark><\/em><\/span><\/p>\r\n<p><span style=\"color: #ff6600;\"><strong><em><span style=\"font-family: 'comic sans ms', sans-serif;\">Not: \u00d6d\u00fcl kazananlar\u0131n KKTC\u2019ye ula\u015f\u0131m giderleri kendilerine ait olup, havaliman\u0131 ile otel aras\u0131ndaki transferleri d\u00fczenleyicilerce sa\u011flanacakt\u0131r.<\/span><\/em><\/strong><\/span><\/p>\r\n","protected":false},"excerpt":{"rendered":"<p>Genel Kategori Birincilik \u00f6d\u00fcl\u00fc: Plaket + 2 ki\u015filik 5 g\u00fcnl\u00fck her \u015fey dahil tatil (Acapulco Resort Convention SPA Hotel, Girne, KKTC) \u0130kincilik \u00f6d\u00fcl\u00fc: Plaket + 2 ki\u015filik 4 g\u00fcnl\u00fck her \u015fey dahil tatil (Acapulco Resort Convention SPA Hotel, Girne, KKTC) &hellip; <a href=\"https:\/\/anatoliajournal.com\/fotograf\/oduller\/\">Okumaya devam et <span class=\"meta-nav\">&rarr;<\/span><\/a><\/p>\n","protected":false},"author":1,"featured_media":0,"parent":0,"menu_order":0,"comment_status":"closed","ping_status":"closed","template":"","meta":{"footnotes":""},"class_list":["post-63","page","type-page","status-publish","hentry"],"acf":[],"_links":{"self":[{"href":"https:\/\/anatoliajournal.com\/fotograf\/wp-json\/wp\/v2\/pages\/63","targetHints":{"allow":["GET"]}}],"collection":[{"href":"https:\/\/anatoliajournal.com\/fotograf\/wp-json\/wp\/v2\/pages"}],"about":[{"href":"https:\/\/anatoliajournal.com\/fotograf\/wp-json\/wp\/v2\/types\/page"}],"author":[{"embeddable":true,"href":"https:\/\/anatoliajournal.com\/fotograf\/wp-json\/wp\/v2\/users\/1"}],"replies":[{"embeddable":true,"href":"https:\/\/anatoliajournal.com\/fotograf\/wp-json\/wp\/v2\/comments?post=63"}],"version-history":[{"count":47,"href":"https:\/\/anatoliajournal.com\/fotograf\/wp-json\/wp\/v2\/pages\/63\/revisions"}],"predecessor-version":[{"id":2810,"href":"https:\/\/anatoliajournal.com\/fotograf\/wp-json\/wp\/v2\/pages\/63\/revisions\/2810"}],"wp:attachment":[{"href":"https:\/\/anatoliajournal.com\/fotograf\/wp-json\/wp\/v2\/media?parent=63"}],"curies":[{"name":"wp","href":"https:\/\/api.w.org\/{rel}","templated":true}]}}