{"id":53,"date":"2021-07-26T17:36:29","date_gmt":"2021-07-26T14:36:29","guid":{"rendered":"https:\/\/anatoliajournal.com\/fotograf\/?page_id=53"},"modified":"2026-02-27T12:41:42","modified_gmt":"2026-02-27T09:41:42","slug":"kategoriler","status":"publish","type":"page","link":"https:\/\/anatoliajournal.com\/fotograf\/en\/kategoriler\/","title":{"rendered":"Kategoriler"},"content":{"rendered":"\r\n<p><span style=\"font-family: 'comic sans ms', sans-serif;\"><span style=\"color: #3366ff;\"><strong><span class=\"tadv-color\">\u00d6\u011frenciler Kategorisi:<\/span><\/strong> <\/span>Bu kategori <strong>Meslek Liselerinin ve \u00fcniversitelerin<\/strong> <em>(\u00f6nlisans, lisans, y\u00fcksek lisans ve doktora)<\/em> <strong>Turizm, Gastronomi, Yiyecek-\u0130\u00e7ecek, G\u0131da Teknolojisi, Turist Rehberli\u011fi, Otel \u0130\u015fletmecili\u011fi vb. b\u00f6l\u00fcmler<\/strong>i ve <strong>Halk E\u011fitim Merkezleri, Olgunla\u015fma Enstit\u00fcleri<\/strong> ile \u00f6zel e\u011fitim kurumlar\u0131n\u0131n <strong>Gastronomi, A\u015f\u00e7\u0131l\u0131k ve Yiyecek-\u0130\u00e7ecek<\/strong> dallar\u0131nda kay\u0131tl\u0131 olan <strong>14 ve \u00fcst\u00fc ya\u015flardaki<\/strong> \u00f6\u011frencilerin, stajyerlerin ve kursiyerlerin kat\u0131l\u0131m\u0131na a\u00e7\u0131kt\u0131r.<\/span><\/p>\r\n<p><span style=\"font-family: 'comic sans ms', sans-serif;\">\r\n\r\n<\/span><\/p>\r\n<p><span style=\"font-family: 'comic sans ms', sans-serif;\"><span style=\"color: #3366ff;\"><strong><span class=\"tadv-color\">Genel Kategori<\/span>:<\/strong> <\/span>Bu kategori, 17 ve \u00fcst\u00fcndeki ya\u015flardaki ki\u015filerin kat\u0131l\u0131m\u0131na a\u00e7\u0131kt\u0131r.<\/span><\/p>\r\n<p><span style=\"color: #993366;\"><strong>NOT:<\/strong> \u00d6\u011frenciler ve Genel kategoriye g\u00f6nderilecek yemek foto\u011fraflar\u0131n\u0131n <strong>Anadolu co\u011frafyas\u0131na (Trakya b\u00f6lgesi dahil) \u00f6zg\u00fc olmas<\/strong>\u0131 \u00f6nko\u015fuldur<\/span><\/p>\r\n<hr \/>\r\n<p><span style=\"font-family: 'comic sans ms', sans-serif; font-size: 10pt;\"><span style=\"color: #3366ff;\"><strong><span style=\"color: #00ccff;\"><span style=\"color: #3366ff;\">K\u0131br\u0131s Yemekleri Kategorisi:<\/span><\/span>\u00a0<\/strong><\/span>\u00a0yar\u0131\u015fma b\u00fcnyesinde &#8220;<strong>ba\u011f\u0131ms\u0131z bir \u201c\u00d6zel Kategori<\/strong>\u201ddir.<\/span><\/p>\r\n<ul>\r\n<li><span style=\"font-family: 'comic sans ms', sans-serif; font-size: 10pt;\">Bu \u00f6zel kategori, <strong data-start=\"208\" data-end=\"234\">her iki ana kategoriye<\/strong> (Genel ve \u00d6\u011frenciler) <strong data-start=\"257\" data-end=\"268\">a\u00e7\u0131kt\u0131r<\/strong>.<\/span><\/li>\r\n<li><span style=\"font-family: 'comic sans ms', sans-serif; font-size: 10pt;\">Kat\u0131l\u0131mc\u0131, ba\u015fvurusunu <strong data-start=\"297\" data-end=\"331\">\u00f6nce ana kategorilerden birine<\/strong> (Genel <strong data-start=\"339\" data-end=\"347\">veya<\/strong> \u00d6\u011frenciler) yapt\u0131ktan sonra ayr\u0131ca, <strong data-start=\"389\" data-end=\"400\">isterse<\/strong> (ana kategori ba\u015fvurusundan <strong data-start=\"429\" data-end=\"448\">ba\u011f\u0131ms\u0131z olarak<\/strong>) <strong data-start=\"450\" data-end=\"480\">farkl\u0131 bir yemek foto\u011fraf\u0131<\/strong> ile <strong data-start=\"485\" data-end=\"519\">K\u0131br\u0131s Yemekleri Kategorisi\u2019ne<\/strong> de ba\u015fvurabilir.<\/span><\/li>\r\n<li><span style=\"font-family: 'comic sans ms', sans-serif; font-size: 10pt;\"><strong data-start=\"541\" data-end=\"572\">K\u0131br\u0131s Yemekleri Kategorisi<\/strong>, ana kategorilerden <strong data-start=\"593\" data-end=\"626\">ayr\u0131 bir j\u00fcri de\u011ferlendirmesi<\/strong>, <strong data-start=\"628\" data-end=\"645\" data-is-only-node=\"\">ayr\u0131 s\u0131ralama<\/strong> ve <strong data-start=\"649\" data-end=\"670\">ayr\u0131 \u00f6d\u00fcllendirme<\/strong> ile sonu\u00e7land\u0131r\u0131l\u0131r.<\/span><\/li>\r\n<li><span style=\"font-family: 'comic sans ms', sans-serif; font-size: 10pt;\"><strong data-start=\"696\" data-end=\"705\">Genel<\/strong> veya <strong data-start=\"711\" data-end=\"725\">\u00d6\u011frenciler<\/strong> ana kategorilerine sunulan eserler, <strong data-start=\"762\" data-end=\"782\" data-is-only-node=\"\">ayn\u0131 eser olarak<\/strong> K\u0131br\u0131s Yemekleri Kategorisi\u2019ne <strong data-start=\"814\" data-end=\"827\">sunulamaz<\/strong>; K\u0131br\u0131s kategorisi i\u00e7in <strong data-start=\"852\" data-end=\"878\">ayr\u0131 (farkl\u0131) bir eser<\/strong> g\u00f6nderilmesi zorunludur.<\/span><\/li>\r\n<\/ul>\r\n","protected":false},"excerpt":{"rendered":"<p>\u00d6\u011frenciler Kategorisi: Bu kategori Meslek Liselerinin ve \u00fcniversitelerin (\u00f6nlisans, lisans, y\u00fcksek lisans ve doktora) Turizm, Gastronomi, Yiyecek-\u0130\u00e7ecek, G\u0131da Teknolojisi, Turist Rehberli\u011fi, Otel \u0130\u015fletmecili\u011fi vb. b\u00f6l\u00fcmleri ve Halk E\u011fitim Merkezleri, Olgunla\u015fma Enstit\u00fcleri ile \u00f6zel e\u011fitim kurumlar\u0131n\u0131n Gastronomi, A\u015f\u00e7\u0131l\u0131k ve Yiyecek-\u0130\u00e7ecek dallar\u0131nda &hellip; <a href=\"https:\/\/anatoliajournal.com\/fotograf\/en\/kategoriler\/\">Okumaya devam et <span class=\"meta-nav\">&rarr;<\/span><\/a><\/p>\n","protected":false},"author":1,"featured_media":0,"parent":0,"menu_order":0,"comment_status":"closed","ping_status":"closed","template":"","meta":{"footnotes":""},"class_list":["post-53","page","type-page","status-publish","hentry"],"acf":[],"_links":{"self":[{"href":"https:\/\/anatoliajournal.com\/fotograf\/wp-json\/wp\/v2\/pages\/53","targetHints":{"allow":["GET"]}}],"collection":[{"href":"https:\/\/anatoliajournal.com\/fotograf\/wp-json\/wp\/v2\/pages"}],"about":[{"href":"https:\/\/anatoliajournal.com\/fotograf\/wp-json\/wp\/v2\/types\/page"}],"author":[{"embeddable":true,"href":"https:\/\/anatoliajournal.com\/fotograf\/wp-json\/wp\/v2\/users\/1"}],"replies":[{"embeddable":true,"href":"https:\/\/anatoliajournal.com\/fotograf\/wp-json\/wp\/v2\/comments?post=53"}],"version-history":[{"count":34,"href":"https:\/\/anatoliajournal.com\/fotograf\/wp-json\/wp\/v2\/pages\/53\/revisions"}],"predecessor-version":[{"id":2961,"href":"https:\/\/anatoliajournal.com\/fotograf\/wp-json\/wp\/v2\/pages\/53\/revisions\/2961"}],"wp:attachment":[{"href":"https:\/\/anatoliajournal.com\/fotograf\/wp-json\/wp\/v2\/media?parent=53"}],"curies":[{"name":"wp","href":"https:\/\/api.w.org\/{rel}","templated":true}]}}