{"id":46,"date":"2021-07-26T14:25:40","date_gmt":"2021-07-26T11:25:40","guid":{"rendered":"https:\/\/anatoliajournal.com\/fotograf\/?page_id=46"},"modified":"2026-02-22T10:52:18","modified_gmt":"2026-02-22T07:52:18","slug":"duzenleyenler","status":"publish","type":"page","link":"https:\/\/anatoliajournal.com\/fotograf\/duzenleyenler\/","title":{"rendered":"D\u00fczenleyenler"},"content":{"rendered":"\r\n<table style=\"border-collapse: collapse; width: 100%;\">\r\n<tbody>\r\n<tr>\r\n<td style=\"width: 33.3333%;\"><span style=\"font-family: 'comic sans ms', sans-serif;\"><img loading=\"lazy\" decoding=\"async\" class=\"aligncenter\" src=\"https:\/\/anatoliajournal.com\/fotograf\/wp-content\/uploads\/2021\/07\/Anatolia-akademisi-1024x1024.jpg\" alt=\"\" width=\"122\" height=\"122\" \/><\/span><\/td>\r\n<td style=\"width: 33.3333%;\"><span style=\"font-family: 'comic sans ms', sans-serif;\"><img loading=\"lazy\" decoding=\"async\" src=\"https:\/\/anatoliajournal.com\/fotograf\/wp-content\/uploads\/2021\/07\/Turizm-Egitimi-Ve-Egiticileri-Dernegi.jpeg\" alt=\"\" width=\"170\" height=\"122\" \/><\/span><\/td>\r\n<td style=\"width: 33.3333%;\"><img loading=\"lazy\" decoding=\"async\" class=\"alignnone wp-image-2841 size-full\" src=\"http:\/\/anatoliajournal.com\/fotograf\/wp-content\/uploads\/2026\/01\/ufulogo.png\" alt=\"\" width=\"167\" height=\"200\" \/><\/td>\r\n<\/tr>\r\n<tr>\r\n<td style=\"width: 33.3333%; text-align: center;\"><span style=\"font-family: 'comic sans ms', sans-serif; font-size: 10pt;\">Anatolia Turizm Akademisi<br \/><a href=\"https:\/\/www.anatoliajournal.com\/atad\/\" target=\"_blank\" rel=\"noreferrer noopener\">www.anatoliajournal.com\/atad<\/a><\/span><\/td>\r\n<td style=\"width: 33.3333%; text-align: center;\"><span style=\"font-family: 'comic sans ms', sans-serif; font-size: 10pt;\">Turizm E\u011fitimi ve E\u011fiticileri Derne\u011fi<br \/><a href=\"https:\/\/www.tureder.net\/\" target=\"_blank\" rel=\"noreferrer noopener\">www.tureder.net<\/a><\/span><\/td>\r\n<td style=\"width: 33.3333%; text-align: center;\">\r\n<p><span style=\"font-family: 'comic sans ms', sans-serif; font-size: 10pt;\">Uluslararas\u0131 Final \u00dcniversitesi <span style=\"color: #000000;\"><span class=\"tadv-color\">\u00dcnal \u00c7a\u011f\u0131ner Turizm ve Mutfak Sanatlar\u0131 Y\u00fcksekokulu<\/span><\/span><br \/><a href=\"https:\/\/www.final.edu.tr\/ufu-7-akademik\/o-3-yuksekokullar\/f-13-unal-caginer-turizm-ve-mutfak-sanatlari-yuksekokulu\" target=\"_blank\" rel=\"noopener\">www.final.edu.tr<\/a><\/span><\/p>\r\n<\/td>\r\n<\/tr>\r\n<\/tbody>\r\n<\/table>\r\n<p>&nbsp;<\/p>\r\n<p><span style=\"font-family: 'comic sans ms', sans-serif; font-size: 10pt;\">\r\n\r\n<\/span><\/p>\r\n<hr \/>\r\n<h1 class=\"entry-title\" style=\"text-align: center;\"><strong><span style=\"font-family: 'comic sans ms', sans-serif; font-size: 14pt;\">Yar\u0131\u015fma Koordinat\u00f6rleri<\/span><\/strong><\/h1>\r\n<div class=\"entry-content\">\r\n<p style=\"text-align: center;\"><span style=\"font-family: 'comic sans ms', sans-serif; font-size: 10pt;\"><span class=\"tadv-color\"><a href=\"https:\/\/nazmikozak.com.tr\/\" target=\"_blank\" rel=\"noopener\"><strong>Prof. Dr. Nazmi Kozak<\/strong><\/a>, <\/span><em>Anatolia Turizm Akademisi<\/em><\/span><br \/><span style=\"font-family: 'comic sans ms', sans-serif; font-size: 10pt;\"><a href=\"https:\/\/www.anatoliajournal.com\/atad\/\" target=\"_blank\" rel=\"noreferrer noopener\">https:\/\/www.anatoliajournal.com\/atad\/<\/a><\/span><\/p>\r\n<p style=\"text-align: center;\"><span style=\"font-family: 'comic sans ms', sans-serif; font-size: 10pt;\"><strong><span class=\"tadv-color\">M. \u00dcnver Kozanl\u0131<\/span>,<\/strong><i> Turizm E\u011fitimi ve E\u011fiticileri Derne\u011fi<\/i><\/span><br \/><span style=\"font-family: 'comic sans ms', sans-serif; font-size: 10pt;\"><a href=\"https:\/\/www.tureder.net\/\" target=\"_blank\" rel=\"noreferrer noopener\">https:\/\/www.tureder.net<\/a><\/span><\/p>\r\n<p style=\"text-align: center;\"><span style=\"font-family: 'comic sans ms', sans-serif; font-size: 10pt;\"><span style=\"color: #000000;\"><strong><span class=\"tadv-color\"><a href=\"https:\/\/staff.final.edu.tr\/nafiya.guden\" target=\"_blank\" rel=\"noopener\">Do\u00e7. Dr. Nafiya G\u00fcden<\/a>,<\/span><\/strong><span class=\"tadv-color\">\u00dcnal \u00c7a\u011f\u0131ner Turizm ve Mutfak Sanatlar\u0131 Y\u00fcksekokulu M\u00fcd\u00fcr\u00fc<\/span><\/span><\/span><br \/><a href=\"https:\/\/www.final.edu.tr\/ufu-7-academic\/o-3-schools\/f-13-unal-caginer-school-of-tourism-and-culinary-arts\" target=\"_blank\" rel=\"noopener\"><span style=\"font-family: 'comic sans ms', sans-serif; font-size: 10pt;\">www.final.edu.tr<\/span><\/a><\/p>\r\n<\/div>\r\n<table style=\"width: 100%; border-collapse: collapse; border-style: none;\">\r\n<tbody>\r\n<tr>\r\n<td style=\"width: 25%; vertical-align: top;\">\u00a0<\/td>\r\n<td style=\"width: 25%; vertical-align: top;\"><a href=\"https:\/\/www.facebook.com\/yemekfotograflariyarismasi\" target=\"_blank\" rel=\"noopener\"><img loading=\"lazy\" decoding=\"async\" class=\"wp-image-2601 alignright\" src=\"http:\/\/anatoliajournal.com\/fotograf\/wp-content\/uploads\/2024\/08\/images.png\" alt=\"\" width=\"86\" height=\"48\" \/><\/a><\/td>\r\n<td style=\"width: 25%; vertical-align: top;\"><a href=\"https:\/\/www.instagram.com\/anatolian_cuisine_photo_cont\/\" target=\"_blank\" rel=\"noopener\"><img loading=\"lazy\" decoding=\"async\" class=\"wp-image-2602 alignnone\" src=\"http:\/\/anatoliajournal.com\/fotograf\/wp-content\/uploads\/2024\/08\/images.jpeg\" alt=\"\" width=\"100\" height=\"56\" \/><\/a><\/td>\r\n<td style=\"width: 25%; vertical-align: top;\">\u00a0<\/td>\r\n<\/tr>\r\n<\/tbody>\r\n<\/table>\r\n","protected":false},"excerpt":{"rendered":"<p>Anatolia Turizm Akademisiwww.anatoliajournal.com\/atad Turizm E\u011fitimi ve E\u011fiticileri Derne\u011fiwww.tureder.net Uluslararas\u0131 Final \u00dcniversitesi \u00dcnal \u00c7a\u011f\u0131ner Turizm ve Mutfak Sanatlar\u0131 Y\u00fcksekokuluwww.final.edu.tr &nbsp; Yar\u0131\u015fma Koordinat\u00f6rleri Prof. Dr. Nazmi Kozak, Anatolia Turizm Akademisihttps:\/\/www.anatoliajournal.com\/atad\/ M. \u00dcnver Kozanl\u0131, Turizm E\u011fitimi ve E\u011fiticileri Derne\u011fihttps:\/\/www.tureder.net Do\u00e7. Dr. Nafiya G\u00fcden,\u00dcnal &hellip; <a href=\"https:\/\/anatoliajournal.com\/fotograf\/duzenleyenler\/\">Okumaya devam et <span class=\"meta-nav\">&rarr;<\/span><\/a><\/p>\n","protected":false},"author":1,"featured_media":0,"parent":0,"menu_order":0,"comment_status":"closed","ping_status":"closed","template":"","meta":{"footnotes":""},"class_list":["post-46","page","type-page","status-publish","hentry"],"acf":[],"_links":{"self":[{"href":"https:\/\/anatoliajournal.com\/fotograf\/wp-json\/wp\/v2\/pages\/46","targetHints":{"allow":["GET"]}}],"collection":[{"href":"https:\/\/anatoliajournal.com\/fotograf\/wp-json\/wp\/v2\/pages"}],"about":[{"href":"https:\/\/anatoliajournal.com\/fotograf\/wp-json\/wp\/v2\/types\/page"}],"author":[{"embeddable":true,"href":"https:\/\/anatoliajournal.com\/fotograf\/wp-json\/wp\/v2\/users\/1"}],"replies":[{"embeddable":true,"href":"https:\/\/anatoliajournal.com\/fotograf\/wp-json\/wp\/v2\/comments?post=46"}],"version-history":[{"count":46,"href":"https:\/\/anatoliajournal.com\/fotograf\/wp-json\/wp\/v2\/pages\/46\/revisions"}],"predecessor-version":[{"id":2957,"href":"https:\/\/anatoliajournal.com\/fotograf\/wp-json\/wp\/v2\/pages\/46\/revisions\/2957"}],"wp:attachment":[{"href":"https:\/\/anatoliajournal.com\/fotograf\/wp-json\/wp\/v2\/media?parent=46"}],"curies":[{"name":"wp","href":"https:\/\/api.w.org\/{rel}","templated":true}]}}