{"id":33,"date":"2021-07-26T12:52:52","date_gmt":"2021-07-26T09:52:52","guid":{"rendered":"https:\/\/anatoliajournal.com\/fotograf\/?page_id=33"},"modified":"2022-12-26T00:54:30","modified_gmt":"2022-12-25T21:54:30","slug":"iletisim","status":"publish","type":"page","link":"https:\/\/anatoliajournal.com\/fotograf\/iletisim\/","title":{"rendered":"BA\u015eVURU B\u0130LG\u0130LER\u0130"},"content":{"rendered":"\n<p class=\"has-vivid-cyan-blue-color has-text-color\"><a href=\"https:\/\/anatoliajournal.com\/fotograf\/?page_id=53\" data-type=\"URL\" data-id=\"https:\/\/anatoliajournal.com\/fotograf\/?page_id=53\">KATEGOR\u0130LER<\/a><\/p>\n\n\n\n<p class=\"has-vivid-cyan-blue-color has-text-color\"><a href=\"https:\/\/anatoliajournal.com\/fotograf\/?page_id=179\" data-type=\"URL\" data-id=\"https:\/\/anatoliajournal.com\/fotograf\/?page_id=179\">BA\u015eVURU KO\u015eULLARI<\/a><\/p>\n\n\n\n<p class=\"has-vivid-cyan-blue-color has-text-color\"><a href=\"https:\/\/anatoliajournal.com\/fotograf\/?page_id=153\" data-type=\"URL\" data-id=\"https:\/\/anatoliajournal.com\/fotograf\/?page_id=153\">TAKV\u0130M<\/a><\/p>\n\n\n\n<p class=\"has-vivid-cyan-blue-color has-text-color\"><a href=\"https:\/\/anatoliajournal.com\/fotograf\/?page_id=176\" data-type=\"URL\" data-id=\"https:\/\/anatoliajournal.com\/fotograf\/?page_id=176\">ESER G\u00d6NDERME<\/a><\/p>\n","protected":false},"excerpt":{"rendered":"<p>KATEGOR\u0130LER BA\u015eVURU KO\u015eULLARI TAKV\u0130M ESER G\u00d6NDERME<\/p>\n","protected":false},"author":1,"featured_media":0,"parent":0,"menu_order":0,"comment_status":"closed","ping_status":"closed","template":"","meta":{"footnotes":""},"class_list":["post-33","page","type-page","status-publish","hentry"],"acf":[],"_links":{"self":[{"href":"https:\/\/anatoliajournal.com\/fotograf\/wp-json\/wp\/v2\/pages\/33","targetHints":{"allow":["GET"]}}],"collection":[{"href":"https:\/\/anatoliajournal.com\/fotograf\/wp-json\/wp\/v2\/pages"}],"about":[{"href":"https:\/\/anatoliajournal.com\/fotograf\/wp-json\/wp\/v2\/types\/page"}],"author":[{"embeddable":true,"href":"https:\/\/anatoliajournal.com\/fotograf\/wp-json\/wp\/v2\/users\/1"}],"replies":[{"embeddable":true,"href":"https:\/\/anatoliajournal.com\/fotograf\/wp-json\/wp\/v2\/comments?post=33"}],"version-history":[{"count":21,"href":"https:\/\/anatoliajournal.com\/fotograf\/wp-json\/wp\/v2\/pages\/33\/revisions"}],"predecessor-version":[{"id":307,"href":"https:\/\/anatoliajournal.com\/fotograf\/wp-json\/wp\/v2\/pages\/33\/revisions\/307"}],"wp:attachment":[{"href":"https:\/\/anatoliajournal.com\/fotograf\/wp-json\/wp\/v2\/media?parent=33"}],"curies":[{"name":"wp","href":"https:\/\/api.w.org\/{rel}","templated":true}]}}