{"id":2156,"date":"2023-03-28T13:27:06","date_gmt":"2023-03-28T10:27:06","guid":{"rendered":"https:\/\/anatoliajournal.com\/fotograf\/?page_id=2156"},"modified":"2025-05-01T16:02:25","modified_gmt":"2025-05-01T13:02:25","slug":"sergiler-2","status":"publish","type":"page","link":"https:\/\/anatoliajournal.com\/fotograf\/sergiler-2\/","title":{"rendered":"ONL\u0130NE SERG\u0130LER"},"content":{"rendered":"<table style=\"width: 100%; border-collapse: collapse; border-color: #fcfcfc;\">\n<tbody>\n<tr>\n<td style=\"width: 50%; border-style: none; border-color: #000000;\"><strong>Sergi i\u00e7in <span style=\"color: #3366ff;\"><a style=\"color: #3366ff;\" href=\"https:\/\/photos.app.goo.gl\/omV5auHJMxwKGwdy9\" target=\"_blank\" rel=\"noopener\">t\u0131klay\u0131n\u0131z<\/a><\/span><\/strong><\/td>\n<td style=\"width: 50%; border-style: none; border-color: #000000;\"><strong>Sergi i\u00e7in <span style=\"color: #3366ff;\"><a style=\"color: #3366ff;\" href=\"https:\/\/photos.app.goo.gl\/1QCd8XSRmArPpU779\" target=\"_blank\" rel=\"noopener\">t\u0131klay\u0131n\u0131z<\/a><\/span><\/strong><\/td>\n<\/tr>\n<tr>\n<td style=\"width: 50%; border-style: none; border-color: #000000;\"><img loading=\"lazy\" decoding=\"async\" class=\"alignnone size-medium wp-image-2165\" src=\"http:\/\/anatoliajournal.com\/fotograf\/wp-content\/uploads\/2023\/03\/2021-300x256.jpg\" alt=\"\" width=\"300\" height=\"256\" srcset=\"https:\/\/anatoliajournal.com\/fotograf\/wp-content\/uploads\/2023\/03\/2021-300x256.jpg 300w, https:\/\/anatoliajournal.com\/fotograf\/wp-content\/uploads\/2023\/03\/2021-1024x875.jpg 1024w, https:\/\/anatoliajournal.com\/fotograf\/wp-content\/uploads\/2023\/03\/2021-768x657.jpg 768w, https:\/\/anatoliajournal.com\/fotograf\/wp-content\/uploads\/2023\/03\/2021-1536x1313.jpg 1536w, https:\/\/anatoliajournal.com\/fotograf\/wp-content\/uploads\/2023\/03\/2021.jpg 2026w\" sizes=\"auto, (max-width: 300px) 100vw, 300px\" \/><\/td>\n<td style=\"width: 50%; border-style: none; border-color: #000000;\"><img loading=\"lazy\" decoding=\"async\" class=\"alignnone size-medium wp-image-2167\" src=\"http:\/\/anatoliajournal.com\/fotograf\/wp-content\/uploads\/2023\/03\/2022-300x250.jpg\" alt=\"\" width=\"300\" height=\"250\" srcset=\"https:\/\/anatoliajournal.com\/fotograf\/wp-content\/uploads\/2023\/03\/2022-300x250.jpg 300w, https:\/\/anatoliajournal.com\/fotograf\/wp-content\/uploads\/2023\/03\/2022-1024x854.jpg 1024w, https:\/\/anatoliajournal.com\/fotograf\/wp-content\/uploads\/2023\/03\/2022-768x640.jpg 768w, https:\/\/anatoliajournal.com\/fotograf\/wp-content\/uploads\/2023\/03\/2022-1536x1281.jpg 1536w, https:\/\/anatoliajournal.com\/fotograf\/wp-content\/uploads\/2023\/03\/2022-2048x1707.jpg 2048w\" sizes=\"auto, (max-width: 300px) 100vw, 300px\" \/><\/td>\n<\/tr>\n<\/tbody>\n<\/table>\n<p>&nbsp;<\/p>\n<table style=\"width: 100%; border-collapse: collapse; border-color: #fcfcfc;\">\n<tbody>\n<tr>\n<td style=\"width: 50%; border-style: none; border-color: #000000;\"><strong>Sergi i\u00e7in <span style=\"color: #3366ff;\">t<a href=\"https:\/\/photos.app.goo.gl\/XdsZk3fY2oegMiGA7\" target=\"_blank\" rel=\"noopener\">\u0131klay\u0131n\u0131z<\/a><\/span><\/strong><\/td>\n<td style=\"width: 50%; border-style: none; border-color: #000000;\"><strong> Sergi i\u00e7in<a href=\"https:\/\/photos.app.goo.gl\/jtwNtaqkrsPw2xfeA\" target=\"_blank\" rel=\"noopener\"> <span style=\"color: #3366ff;\">t\u0131klay\u0131n\u0131z<\/span><\/a><\/strong><\/td>\n<\/tr>\n<tr>\n<td style=\"width: 50%; border-style: none; border-color: #000000;\"><img loading=\"lazy\" decoding=\"async\" class=\"alignnone wp-image-2429 size-medium\" src=\"http:\/\/anatoliajournal.com\/fotograf\/wp-content\/uploads\/2024\/07\/Backup_of_banner-22-300x224.jpg\" alt=\"\" width=\"300\" height=\"224\" srcset=\"https:\/\/anatoliajournal.com\/fotograf\/wp-content\/uploads\/2024\/07\/Backup_of_banner-22-300x224.jpg 300w, https:\/\/anatoliajournal.com\/fotograf\/wp-content\/uploads\/2024\/07\/Backup_of_banner-22-1024x766.jpg 1024w, https:\/\/anatoliajournal.com\/fotograf\/wp-content\/uploads\/2024\/07\/Backup_of_banner-22-768x574.jpg 768w, https:\/\/anatoliajournal.com\/fotograf\/wp-content\/uploads\/2024\/07\/Backup_of_banner-22-1536x1149.jpg 1536w, https:\/\/anatoliajournal.com\/fotograf\/wp-content\/uploads\/2024\/07\/Backup_of_banner-22-2048x1531.jpg 2048w\" sizes=\"auto, (max-width: 300px) 100vw, 300px\" \/><\/td>\n<td style=\"width: 50%; border-style: none; border-color: #000000;\"><img loading=\"lazy\" decoding=\"async\" class=\"alignnone wp-image-2783 size-medium\" src=\"http:\/\/anatoliajournal.com\/fotograf\/wp-content\/uploads\/2025\/05\/online-sergi-afisi-300x217.jpg\" alt=\"\" width=\"300\" height=\"217\" srcset=\"https:\/\/anatoliajournal.com\/fotograf\/wp-content\/uploads\/2025\/05\/online-sergi-afisi-300x217.jpg 300w, https:\/\/anatoliajournal.com\/fotograf\/wp-content\/uploads\/2025\/05\/online-sergi-afisi-1024x741.jpg 1024w, https:\/\/anatoliajournal.com\/fotograf\/wp-content\/uploads\/2025\/05\/online-sergi-afisi-768x556.jpg 768w, https:\/\/anatoliajournal.com\/fotograf\/wp-content\/uploads\/2025\/05\/online-sergi-afisi-1536x1111.jpg 1536w, https:\/\/anatoliajournal.com\/fotograf\/wp-content\/uploads\/2025\/05\/online-sergi-afisi-2048x1481.jpg 2048w\" sizes=\"auto, (max-width: 300px) 100vw, 300px\" \/><\/td>\n<\/tr>\n<\/tbody>\n<\/table>\n","protected":false},"excerpt":{"rendered":"<p>Sergi i\u00e7in t\u0131klay\u0131n\u0131z Sergi i\u00e7in t\u0131klay\u0131n\u0131z &nbsp; Sergi i\u00e7in t\u0131klay\u0131n\u0131z Sergi i\u00e7in t\u0131klay\u0131n\u0131z<\/p>\n","protected":false},"author":1,"featured_media":0,"parent":0,"menu_order":0,"comment_status":"closed","ping_status":"closed","template":"","meta":{"footnotes":""},"class_list":["post-2156","page","type-page","status-publish","hentry"],"acf":[],"_links":{"self":[{"href":"https:\/\/anatoliajournal.com\/fotograf\/wp-json\/wp\/v2\/pages\/2156","targetHints":{"allow":["GET"]}}],"collection":[{"href":"https:\/\/anatoliajournal.com\/fotograf\/wp-json\/wp\/v2\/pages"}],"about":[{"href":"https:\/\/anatoliajournal.com\/fotograf\/wp-json\/wp\/v2\/types\/page"}],"author":[{"embeddable":true,"href":"https:\/\/anatoliajournal.com\/fotograf\/wp-json\/wp\/v2\/users\/1"}],"replies":[{"embeddable":true,"href":"https:\/\/anatoliajournal.com\/fotograf\/wp-json\/wp\/v2\/comments?post=2156"}],"version-history":[{"count":13,"href":"https:\/\/anatoliajournal.com\/fotograf\/wp-json\/wp\/v2\/pages\/2156\/revisions"}],"predecessor-version":[{"id":2784,"href":"https:\/\/anatoliajournal.com\/fotograf\/wp-json\/wp\/v2\/pages\/2156\/revisions\/2784"}],"wp:attachment":[{"href":"https:\/\/anatoliajournal.com\/fotograf\/wp-json\/wp\/v2\/media?parent=2156"}],"curies":[{"name":"wp","href":"https:\/\/api.w.org\/{rel}","templated":true}]}}