{"id":179,"date":"2021-07-29T16:06:36","date_gmt":"2021-07-29T13:06:36","guid":{"rendered":"https:\/\/anatoliajournal.com\/fotograf\/?page_id=179"},"modified":"2026-02-27T12:38:17","modified_gmt":"2026-02-27T09:38:17","slug":"basvuru-kosullari","status":"publish","type":"page","link":"https:\/\/anatoliajournal.com\/fotograf\/basvuru-kosullari\/","title":{"rendered":"Ba\u015fvuru Ko\u015fullar\u0131"},"content":{"rendered":"\r\n<ul class=\"wp-block-list\">\r\n<li><span style=\"font-family: 'comic sans ms', sans-serif; font-size: 10pt;\">Yar\u0131\u015fma, T\u00fcrkiye ve d\u00fcnya genelinde herkesin kat\u0131l\u0131m\u0131na a\u00e7\u0131kt\u0131r.<\/span><\/li>\r\n\r\n\r\n\r\n<li><span style=\"font-family: 'comic sans ms', sans-serif; font-size: 10pt;\">Yemek foto\u011fraflar\u0131n\u0131n <strong>Anadolu co\u011frafyas\u0131na (Trakya b\u00f6lgesi dahil) \u00f6zg\u00fc olmas<\/strong>\u0131 \u00f6nko\u015fuldur. Yemek Anadolu co\u011frafyas\u0131na \u00f6zg\u00fc olup olmad\u0131\u011f\u0131 <em>\u00d6n De\u011ferlendirme Se\u00e7ici Kurulu<\/em>\u00a0taraf\u0131ndan de\u011ferlendirilir. Yemek Anadolu co\u011frafyas\u0131na ait de\u011fil ise, g\u00f6nderilen foto\u011fraf de\u011ferlendirmeye al\u0131nmaz.<\/span><\/li>\r\n\r\n\r\n\r\n<li><span style=\"font-family: 'comic sans ms', sans-serif; font-size: 10pt;\">Yar\u0131\u015fma, amat\u00f6r ve profesyonel herkese a\u00e7\u0131kt\u0131r.<\/span><\/li>\r\n\r\n\r\n\r\n<li><span style=\"font-family: 'comic sans ms', sans-serif; font-size: 10pt;\">Yar\u0131\u015fmaya kat\u0131l\u0131m \u00fccretsizdir.<\/span><\/li>\r\n\r\n\r\n\r\n<li><span style=\"font-family: 'comic sans ms', sans-serif; font-size: 10pt;\">Foto\u011fraflar jpg format\u0131nda ve orijinal \u00e7\u00f6z\u00fcn\u00fcrl\u00fckte g\u00f6nderilmelidir.<\/span><\/li>\r\n<li><span style=\"font-family: 'comic sans ms', sans-serif; font-size: 10pt;\">Yapay zeka ile \u00fcretilen foto\u011fraflar yar\u0131\u015fmaya kabul edilmez.<\/span><\/li>\r\n\r\n\r\n\r\n<li><span style=\"font-family: 'comic sans ms', sans-serif; font-size: 10pt;\">Bir ki\u015fi en fazla <strong>be\u015f (5) foto\u011fraf<\/strong> ile yar\u0131\u015fmaya kat\u0131labilir.<\/span><\/li>\r\n\r\n\r\n\r\n<li><span style=\"font-family: 'comic sans ms', sans-serif; font-size: 10pt;\">Kat\u0131lacaklar\u0131n yukar\u0131da yer alan \u201c<strong>Kat\u0131l\u0131m Formlar\u0131<\/strong>\u201dn\u0131 doldurarak foto\u011fraflarla birlikte <a href=\"mailto:anadoluyemekfotograflari@gmail.com\"><strong>anadoluyemekfotograflari@gmail.com<\/strong><\/a> g\u00f6ndermeleri gerekmektedir.<\/span><\/li>\r\n\r\n\r\n\r\n<li><span style=\"font-family: 'comic sans ms', sans-serif; font-size: 10pt;\">Foto\u011fraflar\u0131n en az 12 MP gibi (12 MP=4,256\u00a0X\u00a02,832 piksel) olmal\u0131d\u0131r.<\/span><\/li>\r\n\r\n\r\n\r\n<li><span style=\"font-family: 'comic sans ms', sans-serif; font-size: 10pt;\">Anadolu Yemekleri Foto\u011fraf Yar\u0131\u015fmas\u0131na kat\u0131lacak eserlerin daha \u00f6nce \u00f6d\u00fcl almam\u0131\u015f olmas\u0131 ve e\u015f zamanl\u0131 d\u00fczenlenen bir yar\u0131\u015fmaya g\u00f6nderilmemi\u015f olmas\u0131 gerekmektedir. Daha \u00f6nce \u00f6d\u00fcl alan foto\u011fraflar ile foto\u011fraflar\u0131n belirli k\u0131s\u0131mlar\u0131n\u0131n de\u011fi\u015ftirilmesiyle olu\u015fturulan foto\u011fraflar ile g\u00f6nderilen foto\u011fraflar ge\u00e7ersiz say\u0131l\u0131r.<\/span><\/li>\r\n\r\n\r\n\r\n<li><span style=\"font-family: 'comic sans ms', sans-serif; font-size: 10pt;\">Foto\u011fraflar \u00fczerinde teknik d\u00fczenlemeler (renk, keskinlik, toz alma ve kontrast ayarlar\u0131) kabul edilir.<\/span><\/li>\r\n\r\n\r\n\r\n<li><span style=\"font-family: 'comic sans ms', sans-serif; font-size: 10pt;\">Birden fazla foto\u011fraf\u0131n montajlanmas\u0131yla olu\u015fturulan foto\u011fraflar kabul edilmeyecektir.<\/span><\/li>\r\n\r\n\r\n\r\n<li><span style=\"font-family: 'comic sans ms', sans-serif; font-size: 10pt;\">Foto\u011fraflarda insan g\u00f6r\u00fcnt\u00fcs\u00fc olmamal\u0131d\u0131r. \u0130nsan g\u00f6r\u00fcnt\u00fcs\u00fc olan foto\u011fraflar ge\u00e7ersiz say\u0131lacakt\u0131r.<\/span><\/li>\r\n\r\n\r\n\r\n<li><span style=\"font-family: 'comic sans ms', sans-serif; font-size: 10pt;\">Yar\u0131\u015fmaya ba\u015fkalar\u0131na ait foto\u011fraflarla kat\u0131l\u0131m kabul edilmez. Herhangi bir \u015fekilde finale kalma veya \u00f6d\u00fcl alma s\u00f6z konusu olsa da foto\u011fraf\u0131n\/foto\u011fraflar\u0131n ba\u015fkas\u0131na ait oldu\u011fu anla\u015f\u0131ld\u0131\u011f\u0131nda, al\u0131nan \u00f6d\u00fcller iptal edilir ve bu durum kamuoyu ile payla\u015f\u0131l\u0131r.<\/span><\/li>\r\n\r\n\r\n\r\n<li><span style=\"font-family: 'comic sans ms', sans-serif; font-size: 10pt;\">Yar\u0131\u015fmada finale kalan ve \u00f6d\u00fcl alan foto\u011fraflar\u0131n yay\u0131m, kullan\u0131m ve sergileme hakk\u0131 Anatolia Turizm Akademisi ile Turizm E\u011fitimi ve E\u011fiticileri Derne\u011fi\u2019ne ait olacakt\u0131r.<\/span><\/li>\r\n\r\n\r\n\r\n<li><span style=\"font-family: 'comic sans ms', sans-serif; font-size: 10pt;\">Kat\u0131l\u0131mc\u0131; dereceye giren, sergilenmeye hak kazanm\u0131\u015f foto\u011fraflar\u0131n yar\u0131\u015fma sonu\u00e7land\u0131\u011f\u0131 tarihten itibaren, yar\u0131\u015fma sonu\u00e7lar\u0131n\u0131n duyurusu i\u00e7in internet, g\u00f6rsel ve yaz\u0131l\u0131 bas\u0131n kanallar\u0131nda kullan\u0131lmas\u0131na, yer ve muhteva s\u0131n\u0131r\u0131 olmadan idare ve b\u00fcnyesindeki ba\u011fl\u0131 kurulu\u015flar\u0131n tan\u0131t\u0131lmas\u0131nda ve yay\u0131nlar\u0131nda isminin ve\/veya eser ad\u0131n\u0131n kullan\u0131lmas\u0131 \u015fart\u0131yla kullan\u0131m hakk\u0131n\u0131 verdi\u011fini pe\u015finen kabul etti\u011fini ve buna ba\u011fl\u0131 olarak gerek Fikir ve\u00a0<a href=\"https:\/\/yarismaduyurulari.com\/kultur-sanat-yarismalari\/\" target=\"_blank\" rel=\"noreferrer noopener\">Sanat<\/a>\u00a0Eserleri Kanunu gerekse di\u011fer ilgili mevzuat gere\u011fince \u00f6d\u00fcl alan ve sergilenmeye hak kazanan eserinin\/eserlerinin \u00e7o\u011faltma, i\u015fleme, temsil, umuma iletim haklar\u0131n\u0131n ve yay\u0131mlanma haklar\u0131n\u0131n kullan\u0131m\u0131 i\u00e7in idareye izin\/muvafakat verdi\u011fini kabul eder.<\/span><\/li>\r\n\r\n\r\n\r\n<li><span style=\"font-family: 'comic sans ms', sans-serif; font-size: 10pt;\">Bu \u015fekilde kullan\u0131lan eserler i\u00e7in, eser sahibi sonradan verdi\u011fi izni kesinlikle geri almayaca\u011f\u0131n\u0131 ve eserin yukar\u0131daki \u015fekilde kullan\u0131lmas\u0131n\u0131 engellemeyece\u011fini veya bu izin\/muvafakat i\u00e7in idareden ayr\u0131ca hi\u00e7bir hak ve alacak talebinin olmad\u0131\u011f\u0131n\u0131 ve bundan sonra da olmayaca\u011f\u0131n\u0131 ve maddi, manevi talepte bulunmayaca\u011f\u0131n\u0131 gayri kabili r\u00fccu kabul, beyan ve taahh\u00fct eder.<\/span><\/li>\r\n\r\n\r\n\r\n<li><span style=\"font-family: 'comic sans ms', sans-serif; font-size: 10pt;\">Kat\u0131l\u0131mc\u0131, yar\u0131\u015fma i\u00e7in g\u00f6nderdi\u011fi foto\u011fraflar\u0131n t\u00fcm\u00fcyle kendisine ait oldu\u011funu, kendisi taraf\u0131ndan \u00e7ekildi\u011fini ve t\u00fcm izinlerinin al\u0131nd\u0131\u011f\u0131n\u0131 kabul, beyan ve taahh\u00fct eder.<\/span><\/li>\r\n\r\n\r\n\r\n<li><span style=\"font-family: 'comic sans ms', sans-serif; font-size: 10pt;\">\u00d6d\u00fcl alan, sergilemeye de\u011fer bulunan foto\u011fraflar idarenin web sitelerinde, ayn\u0131 zamanda idareye ait Sosyal Medya (Facebook, Twitter, Instagram vb) ve her t\u00fcrl\u00fc dijital medya hesaplar\u0131nda tan\u0131t\u0131m ama\u00e7l\u0131 ve yar\u0131\u015fman\u0131n amac\u0131na uygun bi\u00e7imde yay\u0131nlanabilecektir.<\/span><\/li>\r\n\r\n\r\n\r\n<li><span style=\"font-family: 'comic sans ms', sans-serif; font-size: 10pt;\">Kat\u0131l\u0131mc\u0131lar, yar\u0131\u015fmaya foto\u011fraf g\u00f6ndermekle i\u015fbu Yar\u0131\u015fma \u015eartnamesinde yer alan hususlar\u0131 okumu\u015f ve onaylam\u0131\u015f kabul olunurlar. Yar\u0131\u015fma kurallar\u0131n\u0131 ihlal etti\u011fi daha sonradan anla\u015f\u0131lan kat\u0131l\u0131mc\u0131dan \u00f6d\u00fcl\u00fc ve unvan\u0131 geri al\u0131n\u0131r.<\/span><\/li>\r\n\r\n\r\n\r\n<li><span style=\"font-family: 'comic sans ms', sans-serif; font-size: 10pt;\">\u00d6d\u00fcl kazananlar\u0131n \u00f6d\u00fcl t\u00f6renine kat\u0131labilmeleri i\u00e7in konaklama olana\u011f\u0131 sa\u011flanacakt\u0131r.<\/span><\/li>\r\n<\/ul>\r\n","protected":false},"excerpt":{"rendered":"","protected":false},"author":1,"featured_media":0,"parent":0,"menu_order":0,"comment_status":"closed","ping_status":"closed","template":"","meta":{"footnotes":""},"class_list":["post-179","page","type-page","status-publish","hentry"],"acf":[],"_links":{"self":[{"href":"https:\/\/anatoliajournal.com\/fotograf\/wp-json\/wp\/v2\/pages\/179","targetHints":{"allow":["GET"]}}],"collection":[{"href":"https:\/\/anatoliajournal.com\/fotograf\/wp-json\/wp\/v2\/pages"}],"about":[{"href":"https:\/\/anatoliajournal.com\/fotograf\/wp-json\/wp\/v2\/types\/page"}],"author":[{"embeddable":true,"href":"https:\/\/anatoliajournal.com\/fotograf\/wp-json\/wp\/v2\/users\/1"}],"replies":[{"embeddable":true,"href":"https:\/\/anatoliajournal.com\/fotograf\/wp-json\/wp\/v2\/comments?post=179"}],"version-history":[{"count":36,"href":"https:\/\/anatoliajournal.com\/fotograf\/wp-json\/wp\/v2\/pages\/179\/revisions"}],"predecessor-version":[{"id":2958,"href":"https:\/\/anatoliajournal.com\/fotograf\/wp-json\/wp\/v2\/pages\/179\/revisions\/2958"}],"wp:attachment":[{"href":"https:\/\/anatoliajournal.com\/fotograf\/wp-json\/wp\/v2\/media?parent=179"}],"curies":[{"name":"wp","href":"https:\/\/api.w.org\/{rel}","templated":true}]}}