{"id":176,"date":"2021-07-29T16:06:17","date_gmt":"2021-07-29T13:06:17","guid":{"rendered":"https:\/\/anatoliajournal.com\/fotograf\/?page_id=176"},"modified":"2026-02-04T11:05:53","modified_gmt":"2026-02-04T08:05:53","slug":"eser-gonderme","status":"publish","type":"page","link":"https:\/\/anatoliajournal.com\/fotograf\/eser-gonderme\/","title":{"rendered":"Eser G\u00f6nderme"},"content":{"rendered":"\r\n<p class=\"has-black-color has-white-background-color has-text-color has-background\"><span style=\"font-family: 'comic sans ms', sans-serif; font-size: 10pt;\">Yar\u0131\u015fmaya bir ki\u015fi <strong><span class=\"tadv-color\" style=\"color: #cf2e2e;\">en fazla be\u015f (5) foto\u011fraf<\/span><\/strong> g\u00f6nderebilir. Foto\u011fraflarla birlikte, ba\u015fvurulan kategoriye g\u00f6re (\u00d6\u011frenci veya Genel) A\u015eA\u011eIDAK\u0130 KATILIM FORMLARININ DOLDURULARAK G\u00d6NDER\u0130LMES\u0130 gerekmektedir.<\/span><\/p>\r\n<p><span style=\"font-family: 'comic sans ms', sans-serif; font-size: 10pt;\">\r\n\r\n<\/span><\/p>\r\n<hr class=\"wp-block-separator has-alpha-channel-opacity\" \/>\r\n<p><span style=\"font-family: 'comic sans ms', sans-serif; font-size: 10pt;\">\r\n\r\n<\/span><\/p>\r\n<p><span style=\"font-family: 'comic sans ms', sans-serif; font-size: 10pt;\"><strong><span class=\"tadv-color\" style=\"color: #0693e3;\">Genel Kategori <\/span><a href=\"https:\/\/anatoliajournal.com\/depo\/genel.docx\" target=\"_blank\" rel=\"noopener\"><span class=\"tadv-color\" style=\"color: #993300;\">Kat\u0131l\u0131m Belgesi<\/span><\/a><\/strong><\/span><\/p>\r\n<p><span style=\"font-family: 'comic sans ms', sans-serif; font-size: 10pt;\">\r\n\r\n<\/span><\/p>\r\n<hr class=\"wp-block-separator has-alpha-channel-opacity\" \/>\r\n<p><span style=\"font-family: 'comic sans ms', sans-serif; font-size: 10pt;\">\r\n\r\n<\/span><\/p>\r\n<p><span style=\"font-family: 'comic sans ms', sans-serif; font-size: 10pt;\"><strong><span class=\"tadv-color\" style=\"color: #0693e3;\">\u00d6\u011frenci Kategorisi <\/span><\/strong><span style=\"color: #993300;\"><a style=\"color: #993300;\" href=\"https:\/\/anatoliajournal.com\/depo\/ogrenci.docx\" target=\"_blank\" rel=\"noopener\"><span class=\"tadv-color\"><strong>Kat\u0131l\u0131m Belgesi<\/strong><\/span><\/a><\/span><\/span><\/p>\r\n<hr \/>\r\n<p><span style=\"font-family: 'comic sans ms', sans-serif; font-size: 10pt;\"><strong><span class=\"tadv-color\" style=\"color: #993300;\"><span class=\"tadv-color\" style=\"color: #0693e3;\">K\u0131br\u0131s Yemekleri Kategorisi <\/span><\/span><span style=\"color: #993300;\"><a style=\"color: #993300;\" href=\"https:\/\/anatoliajournal.com\/depo\/kibris.docx\" target=\"_blank\" rel=\"noopener\">Kat\u0131l\u0131m Belgesi<\/a><\/span><\/strong><\/span><\/p>\r\n<p><span style=\"font-family: 'comic sans ms', sans-serif; font-size: 10pt;\">\r\n\r\n<\/span><\/p>\r\n<hr class=\"wp-block-separator has-alpha-channel-opacity\" \/>\r\n<p><span style=\"font-family: 'comic sans ms', sans-serif; font-size: 10pt;\">\r\n\r\n<\/span><\/p>\r\n<p><span style=\"font-family: 'comic sans ms', sans-serif; font-size: 10pt;\"><strong><span class=\"tadv-color\" style=\"color: #0693e3;\">Foto\u011fraf g\u00f6nderme adresi:<\/span><\/strong> <span style=\"color: #993300; font-size: 12pt;\"><a style=\"color: #993300;\" href=\"mailto:anadoluyemekfotograflari@gmail.com\"><strong><span class=\"tadv-color\">anadoluyemekfotograflari@gmail.com<\/span><\/strong><\/a><\/span><\/span><\/p>\r\n","protected":false},"excerpt":{"rendered":"<p>Yar\u0131\u015fmaya bir ki\u015fi en fazla be\u015f (5) foto\u011fraf g\u00f6nderebilir. Foto\u011fraflarla birlikte, ba\u015fvurulan kategoriye g\u00f6re (\u00d6\u011frenci veya Genel) A\u015eA\u011eIDAK\u0130 KATILIM FORMLARININ DOLDURULARAK G\u00d6NDER\u0130LMES\u0130 gerekmektedir. Genel Kategori Kat\u0131l\u0131m Belgesi \u00d6\u011frenci Kategorisi Kat\u0131l\u0131m Belgesi K\u0131br\u0131s Yemekleri Kategorisi Kat\u0131l\u0131m Belgesi Foto\u011fraf g\u00f6nderme adresi: anadoluyemekfotograflari@gmail.com<\/p>\n","protected":false},"author":1,"featured_media":0,"parent":0,"menu_order":0,"comment_status":"closed","ping_status":"closed","template":"","meta":{"footnotes":""},"class_list":["post-176","page","type-page","status-publish","hentry"],"acf":[],"_links":{"self":[{"href":"https:\/\/anatoliajournal.com\/fotograf\/wp-json\/wp\/v2\/pages\/176","targetHints":{"allow":["GET"]}}],"collection":[{"href":"https:\/\/anatoliajournal.com\/fotograf\/wp-json\/wp\/v2\/pages"}],"about":[{"href":"https:\/\/anatoliajournal.com\/fotograf\/wp-json\/wp\/v2\/types\/page"}],"author":[{"embeddable":true,"href":"https:\/\/anatoliajournal.com\/fotograf\/wp-json\/wp\/v2\/users\/1"}],"replies":[{"embeddable":true,"href":"https:\/\/anatoliajournal.com\/fotograf\/wp-json\/wp\/v2\/comments?post=176"}],"version-history":[{"count":19,"href":"https:\/\/anatoliajournal.com\/fotograf\/wp-json\/wp\/v2\/pages\/176\/revisions"}],"predecessor-version":[{"id":2881,"href":"https:\/\/anatoliajournal.com\/fotograf\/wp-json\/wp\/v2\/pages\/176\/revisions\/2881"}],"wp:attachment":[{"href":"https:\/\/anatoliajournal.com\/fotograf\/wp-json\/wp\/v2\/media?parent=176"}],"curies":[{"name":"wp","href":"https:\/\/api.w.org\/{rel}","templated":true}]}}