{"id":153,"date":"2021-07-26T21:05:40","date_gmt":"2021-07-26T18:05:40","guid":{"rendered":"https:\/\/anatoliajournal.com\/fotograf\/?page_id=153"},"modified":"2026-02-16T14:16:59","modified_gmt":"2026-02-16T11:16:59","slug":"takvim","status":"publish","type":"page","link":"https:\/\/anatoliajournal.com\/fotograf\/takvim\/","title":{"rendered":"Takvim"},"content":{"rendered":"<p><span style=\"font-family: 'comic sans ms', sans-serif;\"><\/span><\/p>\r\n<p><span style=\"font-family: 'comic sans ms', sans-serif; font-size: 10pt;\"><span class=\"tadv-color\" style=\"color: #3366ff;\">Ba\u015fvurular\u0131n ba\u015flama tarihi:<\/span> <strong>01 Mart 2026<\/strong><\/span><br \/><span style=\"font-family: 'comic sans ms', sans-serif; font-size: 10pt;\"><span class=\"tadv-color\" style=\"color: #3366ff;\">Son kat\u0131l\u0131m tarihi: <\/span><strong>30 Temmuz 2026<\/strong><mark><br \/><\/mark><span class=\"tadv-color\" style=\"color: #3366ff;\">\u00d6d\u00fcl t\u00f6reni tarihi:<\/span> 16 <strong>Ekim 2026<\/strong>, Girne\/KKTC<strong><br \/><\/strong><span style=\"color: #3366ff;\">Finale Kalanlar\u0131n sergisi: <\/span><strong>12 &#8211; 17 Ekim 2026<\/strong>, Girne\/KKTC<\/span><\/p>\r\n<p><span style=\"font-family: 'comic sans ms', sans-serif; font-size: 10pt;\">\r\n\r\n<\/span><\/p>\r\n<hr class=\"wp-block-separator has-alpha-channel-opacity\" \/>\r\n<p><span style=\"font-family: 'comic sans ms', sans-serif; font-size: 10pt;\">\r\n\r\n<\/span><\/p>\r\n<p><span style=\"font-family: 'comic sans ms', sans-serif; font-size: 10pt;\">* Yar\u0131\u015fmaya g\u00f6nderilen eserler i\u00e7inden daha \u00f6nce \u00f6d\u00fcl alm\u0131\u015f, ba\u015fkas\u0131na ait foto\u011fraf\u0131n g\u00f6nderilmesi, kopya vb. durumlarla ilgili itirazlar\u0131n yap\u0131labilmesi i\u00e7in finale kalan eserler internet ortam\u0131nda ask\u0131ya \u00e7\u0131kar\u0131lacakt\u0131r. Finale kalan eserlerin ask\u0131ya \u00e7\u0131kar\u0131ld\u0131\u011f\u0131nda sosyal medyada duyurusu yap\u0131lacakt\u0131r.<\/span><\/p>\r\n<p><span style=\"font-family: 'comic sans ms', sans-serif;\"><\/span><\/p>","protected":false},"excerpt":{"rendered":"<p>Ba\u015fvurular\u0131n ba\u015flama tarihi: 01 Mart 2026Son kat\u0131l\u0131m tarihi: 30 Temmuz 2026\u00d6d\u00fcl t\u00f6reni tarihi: 16 Ekim 2026, Girne\/KKTCFinale Kalanlar\u0131n sergisi: 12 &#8211; 17 Ekim 2026, Girne\/KKTC * Yar\u0131\u015fmaya g\u00f6nderilen eserler i\u00e7inden daha \u00f6nce \u00f6d\u00fcl alm\u0131\u015f, ba\u015fkas\u0131na ait foto\u011fraf\u0131n g\u00f6nderilmesi, kopya vb. &hellip; <a href=\"https:\/\/anatoliajournal.com\/fotograf\/takvim\/\">Okumaya devam et <span class=\"meta-nav\">&rarr;<\/span><\/a><\/p>\n","protected":false},"author":1,"featured_media":0,"parent":0,"menu_order":0,"comment_status":"closed","ping_status":"closed","template":"","meta":{"footnotes":""},"class_list":["post-153","page","type-page","status-publish","hentry"],"acf":[],"_links":{"self":[{"href":"https:\/\/anatoliajournal.com\/fotograf\/wp-json\/wp\/v2\/pages\/153","targetHints":{"allow":["GET"]}}],"collection":[{"href":"https:\/\/anatoliajournal.com\/fotograf\/wp-json\/wp\/v2\/pages"}],"about":[{"href":"https:\/\/anatoliajournal.com\/fotograf\/wp-json\/wp\/v2\/types\/page"}],"author":[{"embeddable":true,"href":"https:\/\/anatoliajournal.com\/fotograf\/wp-json\/wp\/v2\/users\/1"}],"replies":[{"embeddable":true,"href":"https:\/\/anatoliajournal.com\/fotograf\/wp-json\/wp\/v2\/comments?post=153"}],"version-history":[{"count":32,"href":"https:\/\/anatoliajournal.com\/fotograf\/wp-json\/wp\/v2\/pages\/153\/revisions"}],"predecessor-version":[{"id":2874,"href":"https:\/\/anatoliajournal.com\/fotograf\/wp-json\/wp\/v2\/pages\/153\/revisions\/2874"}],"wp:attachment":[{"href":"https:\/\/anatoliajournal.com\/fotograf\/wp-json\/wp\/v2\/media?parent=153"}],"curies":[{"name":"wp","href":"https:\/\/api.w.org\/{rel}","templated":true}]}}