 

{"id":87,"date":"2016-05-31T09:41:01","date_gmt":"2016-05-31T06:41:01","guid":{"rendered":"http:\/\/anatoliajournal.com\/aramak\/?page_id=87"},"modified":"2019-12-02T23:58:42","modified_gmt":"2019-12-02T20:58:42","slug":"konferans-kitapciklari","status":"publish","type":"page","link":"https:\/\/anatoliajournal.com\/aramak\/konferans-kitapciklari\/","title":{"rendered":"Konferans Kitap\u00e7\u0131klar\u0131"},"content":{"rendered":"","protected":false},"excerpt":{"rendered":"","protected":false},"author":2,"featured_media":0,"parent":0,"menu_order":0,"comment_status":"closed","ping_status":"closed","template":"","meta":[],"_links":{"self":[{"href":"https:\/\/anatoliajournal.com\/aramak\/wp-json\/wp\/v2\/pages\/87"}],"collection":[{"href":"https:\/\/anatoliajournal.com\/aramak\/wp-json\/wp\/v2\/pages"}],"about":[{"href":"https:\/\/anatoliajournal.com\/aramak\/wp-json\/wp\/v2\/types\/page"}],"author":[{"embeddable":true,"href":"https:\/\/anatoliajournal.com\/aramak\/wp-json\/wp\/v2\/users\/2"}],"replies":[{"embeddable":true,"href":"https:\/\/anatoliajournal.com\/aramak\/wp-json\/wp\/v2\/comments?post=87"}],"version-history":[{"count":1,"href":"https:\/\/anatoliajournal.com\/aramak\/wp-json\/wp\/v2\/pages\/87\/revisions"}],"predecessor-version":[{"id":2565,"href":"https:\/\/anatoliajournal.com\/aramak\/wp-json\/wp\/v2\/pages\/87\/revisions\/2565"}],"wp:attachment":[{"href":"https:\/\/anatoliajournal.com\/aramak\/wp-json\/wp\/v2\/media?parent=87"}],"curies":[{"name":"wp","href":"https:\/\/api.w.org\/{rel}","templated":true}]}}