 

{"id":665,"date":"2019-05-29T17:45:16","date_gmt":"2019-05-29T14:45:16","guid":{"rendered":"https:\/\/anatoliajournal.com\/aramak\/?page_id=665"},"modified":"2019-12-06T18:44:08","modified_gmt":"2019-12-06T15:44:08","slug":"xiii-konferans-izmir-02-05-mayiss-2019","status":"publish","type":"page","link":"https:\/\/anatoliajournal.com\/aramak\/xiii-konferans-izmir-02-05-mayiss-2019\/","title":{"rendered":"XIII. Konferans &#8211; \u0130zmir, 02-05 May\u0131s 2019"},"content":{"rendered":"<table align=\"center\" border=\"0\" width=\"850\">\n<tbody>\n<tr>\n<td bgcolor=\"#003300\" colspan=\"2\" style=\"text-align: center; vertical-align: middle;\">\n<p style=\"text-align: center;\">\n\t\t\t\t\t<span style=\"color:#F0FFFF;\">XIII.&nbsp;Akademik Turizm E\u011fitimi Arama Konferans\u0131<\/span>\n\t\t\t\t<\/p>\n<\/td>\n<\/tr>\n<tr>\n<td bgcolor=\"#FFFFCC\" style=\"text-align: left; vertical-align: middle;\">\n\t\t\t\tKonu\n\t\t\t<\/td>\n<td bgcolor=\"#FFFFCC\" style=\"text-align: left; vertical-align: middle;\">\n\t\t\t\t21. Y&uuml;zy\u0131lda Turizm ve Otelcilik E\u011fitimi\n\t\t\t<\/td>\n<\/tr>\n<tr>\n<td bgcolor=\"#AAFFFF\" style=\"text-align: left; vertical-align: middle;\" width=\"205\">\n\t\t\t\tTarih\n\t\t\t<\/td>\n<td bgcolor=\"#AAFFFF\" style=\"text-align: left; vertical-align: middle;\" width=\"635\">\n\t\t\t\t02-05 May\u0131s 2019\n\t\t\t<\/td>\n<\/tr>\n<tr>\n<td bgcolor=\"#FFFFCC\" style=\"text-align: left; vertical-align: middle;\">\n\t\t\t\tYer\n\t\t\t<\/td>\n<td bgcolor=\"#FFFFCC\" style=\"text-align: left; vertical-align: middle;\">\n\t\t\t\t\u0130zmir, T&Uuml;RK\u0130YE\n\t\t\t<\/td>\n<\/tr>\n<tr>\n<td bgcolor=\"#AAFFFF\" style=\"text-align: left; vertical-align: middle;\">\n\t\t\t\tMekan:\n\t\t\t<\/td>\n<td bgcolor=\"#AAFFFF\" style=\"text-align: left; vertical-align: middle;\">\n\t\t\t\tClub Resort Atlantis, \u0130zmir, T&Uuml;RK\u0130YE\n\t\t\t<\/td>\n<\/tr>\n<tr>\n<td bgcolor=\"#FFFFCC\" style=\"text-align: left; vertical-align: middle;\">\n\t\t\t\tKoordinat&ouml;rler\n\t\t\t<\/td>\n<td bgcolor=\"#FFFFCC\" style=\"text-align: left; vertical-align: middle;\">\n\t\t\t\tProf. Dr. Metin KOZAK &#8211; Prof. Dr. Nazmi KOZAK\n\t\t\t<\/td>\n<\/tr>\n<tr>\n<td bgcolor=\"#AAFFFF\" style=\"text-align: left; vertical-align: middle;\">\n\t\t\t\tD&uuml;zenleyen\n\t\t\t<\/td>\n<td bgcolor=\"#AAFFFF\" style=\"text-align: left; vertical-align: middle;\">\n\t\t\t\tAnatolia Turizm Akademisi &#8211; Dokuz Eyl&uuml;l &Uuml;niversitesi\n\t\t\t<\/td>\n<\/tr>\n<tr>\n<td bgcolor=\"#FFFFCC\" style=\"text-align: left; vertical-align: middle;\">\n\t\t\t\tModerat&ouml;r\n\t\t\t<\/td>\n<td bgcolor=\"#FFFFCC\" style=\"text-align: left; vertical-align: middle;\">\n\t\t\t\tDr. \u0130rfan MISIRLI\n\t\t\t<\/td>\n<\/tr>\n<\/tbody>\n<\/table>\n<p>\n\t&nbsp; &nbsp; &nbsp; &nbsp; &nbsp; &nbsp; &nbsp; &nbsp; &nbsp; &nbsp; &nbsp; &nbsp; &nbsp;&nbsp;<a href=\"https:\/\/anatoliajournal.com\/aramak\/wp-content\/uploads\/2019\/05\/MAYA_LOGO-2.jpg\"><img loading=\"lazy\" alt=\"MAYA_LOGO\" class=\"alignnone size-medium wp-image-834\" height=\"140\" src=\"https:\/\/anatoliajournal.com\/aramak\/wp-content\/uploads\/2019\/05\/MAYA_LOGO-2-300x140.jpg\" width=\"300\" \/><\/a>&nbsp; &nbsp;&nbsp;<a href=\"https:\/\/anatoliajournal.com\/aramak\/wp-content\/uploads\/2019\/05\/ATLANTIS_LOGO.jpg\"><img loading=\"lazy\" alt=\"ATLANTIS_LOGO\" class=\"alignnone size-medium wp-image-830\" height=\"220\" src=\"https:\/\/anatoliajournal.com\/aramak\/wp-content\/uploads\/2019\/05\/ATLANTIS_LOGO-300x220.jpg\" width=\"300\" \/><\/a>\n<\/p>\n<p>\n\t[toggle title=&#8217;XIII. Akademik Turizm E\u011fitimi Arama Konferans\u0131 Sonu&ccedil; Bildirgesi&#8217;]&nbsp;\n<\/p>\n<p align=\"center\">\n\t<i>&ldquo;<\/i>21. Y&uuml;zy\u0131lda Turizm ve Otelcilik E\u011fitimi<i>&rdquo;<\/i>\n<\/p>\n<p align=\"center\">\n\tOrtak Ak\u0131l Arama Toplant\u0131s\u0131\n<\/p>\n<p align=\"center\">\n\t<i>(\u0130zmir\/T&Uuml;RK\u0130YE, 05&nbsp;May\u0131s&nbsp;2019)<\/i>\n<\/p>\n<p style=\"text-align: justify;\">\n\t2009 y\u0131l\u0131ndan bu yana d&uuml;zenlenen 13. Akademik Turizm E\u011fitimi Arama Konferanslar\u0131n\u0131n 13&rsquo;&uuml;nc&uuml;s&uuml;, Seferihisar&rsquo;\u0131n S\u0131\u011fac\u0131k beldesinde faaliyet g&ouml;steren Club Resort Atlantis S\u0131\u011fac\u0131k tesislerinde yap\u0131ld\u0131. 21. Y&uuml;zy\u0131lda Turizm ve Otelcilik E\u011fitimi Nas\u0131l Olmal\u0131?&rdquo; ba\u015fl\u0131\u011f\u0131 alt\u0131nda ger&ccedil;ekle\u015ftirilen arama konferans\u0131ndan ula\u015f\u0131lan sonu&ccedil;lar &ldquo;SI\u011eACIK B\u0130LD\u0130RGES\u0130&rdquo; ba\u015fl\u0131\u011f\u0131 alt\u0131nda kamuoyu ile payla\u015f\u0131ld\u0131.\n<\/p>\n<p style=\"text-align: justify;\">\n\t2009 y\u0131l\u0131ndan bu yana d&uuml;zenlenen 13. Akademik Turizm E\u011fitimi Arama Konferanslar\u0131n\u0131n 13&rsquo;&uuml;nc&uuml;s&uuml;, Seferihisar&rsquo;\u0131n S\u0131\u011fac\u0131k beldesinde faaliyet g&ouml;steren Club Resort Atlantis S\u0131\u011fac\u0131k tesislerinde yap\u0131ld\u0131. Dokuz Eyl&uuml;l &Uuml;niversitesi Reha Midilli Fo&ccedil;a Turizm Fak&uuml;ltesi&rsquo;nin organizasyonunda ve Anatolia Turizm Akademisi&rsquo;nin akademik deste\u011fi ile 2-5 May\u0131s 2019 tarihlerinde d&uuml;zenlendi. Arama Konferans\u0131, Kastamonu &Uuml;niversitesi Turizm Fak&uuml;ltesi &ouml;\u011fretim &uuml;yesi Dr. &Ouml;\u011fr. &Uuml;yesi \u0130rfan M\u0131s\u0131rl\u0131&rsquo;n\u0131n moderat&ouml;rl&uuml;\u011f&uuml;nde ger&ccedil;ekle\u015ftirildi.\n<\/p>\n<p style=\"text-align: justify;\">\n\t&ldquo;21. Y&uuml;zy\u0131lda Turizm ve Otelcilik E\u011fitimi Nas\u0131l Olmal\u0131d\u0131r? temas\u0131 alt\u0131nda ger&ccedil;ekle\u015ftirilen arama konferans\u0131nda gelece\u011fin turizm ve otelcilik e\u011fitimine ili\u015fkin sonu&ccedil;lar &ldquo;E\u011fitim-&Ouml;\u011fretim&rdquo;, &ldquo;Kurumsal D&ouml;n&uuml;\u015f&uuml;m&rdquo;, &ldquo;Sekt&ouml;r-E\u011fitim Kurumlar\u0131 \u0130\u015fbirli\u011fi&rdquo; ve &ldquo;E\u011fitim Y&ouml;ntemi ve Teknolojileri&rdquo; ba\u015fl\u0131klar\u0131nda ortaya konuldu. Arama konferans\u0131 sonu&ccedil;lar\u0131 &ldquo;S\u0131\u011fac\u0131k Bildirgesi&rdquo; olarak kamuoyu ile payla\u015f\u0131ld\u0131.\n<\/p>\n<p style=\"text-align: justify;\">\n\t<strong>Turizm e\u011fitiminde End&uuml;stri 4.0<\/strong>\n<\/p>\n<p style=\"text-align: justify;\">\n\t13. Akademik Turizm E\u011fitimi Arama Konferans\u0131&rsquo;nda ula\u015f\u0131lan ilk sonu&ccedil;, End&uuml;stri 4.0&rsquo;in her alanda oldu\u011fu gibi turizm e\u011fitimine &ouml;nemli oranda etkileyece\u011fi oldu. Bu ba\u015fl\u0131k alt\u0131nda ortaya konulan tespitler aras\u0131nda; turizm e\u011fitim\/&ouml;\u011fretim programlar\u0131, beklentileri, davran\u0131\u015f kal\u0131plar\u0131 ve profili h\u0131zla de\u011fi\u015fen yeni ku\u015faklar\u0131n ihtiya&ccedil;lar\u0131na g&ouml;re \u015fekillenece\u011fi yer ald\u0131. Ek olarak, e\u011fitim\/&ouml;\u011fretim programlar\u0131, &ouml;\u011frencilerin y&ouml;nelimlerine uygun olacak \u015fekilde ki\u015fiselle\u015ftirilerek zaman verimlili\u011fi esas\u0131na g&ouml;re \u015fekillenece\u011fi, &ouml;\u011frencilerin sekt&ouml;rde azami deneyim kazanmalar\u0131na imkan tan\u0131rken, e\u011fitim &ouml;\u011fretim kurumlar\u0131nda verilen teorik dersler daha kompakt bir hal alaca\u011f\u0131; programlarda dijital teknolojilerin e\u011fitim ama&ccedil;l\u0131 kullan\u0131m\u0131n\u0131n artaca\u011f\u0131; e\u011fitim\/&ouml;\u011fretim programlar\u0131ndaki derslerin giri\u015fimcilik ve yenilik&ccedil;ilik bak\u0131\u015f a&ccedil;\u0131s\u0131yla ve dijital teknolojilerin kullan\u0131m\u0131na dayal\u0131 bi&ccedil;imde i\u015flenece\u011fi; uluslararas\u0131 i\u015fbirlikleri ile &ccedil;ift diplomal\u0131 e\u011fitim &ouml;\u011fretim programlar\u0131 geli\u015ftirilerek, ara\u015ft\u0131rma a\u011f\u0131rl\u0131kl\u0131 akademik e\u011fitim ile uygulamal\u0131 a\u011f\u0131rl\u0131kl\u0131 akademik e\u011fitimin birbirinden ayr\u0131laca\u011f\u0131 &ouml;ng&ouml;r&uuml;lm&uuml;\u015ft&uuml;r.\n<\/p>\n<p style=\"text-align: justify;\">\n\t<strong>Zaman ve mek&acirc;na ba\u011fl\u0131 olmayan e\u011fitim <\/strong>\n<\/p>\n<p style=\"text-align: justify;\">\n\tArama konferans\u0131nda kurumsal d&ouml;n&uuml;\u015f&uuml;m ba\u015fl\u0131\u011f\u0131 alt\u0131nda ula\u015f\u0131lan en &ouml;nemli sonu&ccedil;, gelecekte e\u011fitimin zaman ve mek&acirc;na ba\u011fl\u0131 olmaks\u0131z\u0131n yap\u0131laca\u011f\u0131, bu ba\u011flamda mevcut s\u0131n\u0131f ortam\u0131ndaki e\u011fitiminin ortadan kalkaca\u011f\u0131 oldu. Kurumsal d&ouml;n&uuml;\u015f&uuml;m ba\u015fl\u0131\u011f\u0131 alt\u0131nda elde edilen sonu&ccedil;lar aras\u0131nda; gelecekteki turizm e\u011fitiminin &ouml;ncelikle insani boyuttaki yeteneklerin geli\u015ftirilmesine (etik, empati, duygu kontrol&uuml;, be\u015feri ili\u015fkiler vb.) &ouml;nem veren bir &ccedil;er&ccedil;evede y&uuml;r&uuml;t&uuml;lece\u011fi; y&ouml;ntemsel d&ouml;n&uuml;\u015f&uuml;m boyutu ise dijital e\u011fitim ve online e\u011fitim y&ouml;ntemleri kullan\u0131larak ger&ccedil;ekle\u015ftirilece\u011fi ve yap\u0131sal boyutta uzmanla\u015fma; uluslararas\u0131 entegrasyonlar, zaman ve mek&acirc;nlardan uzak dijital yap\u0131lar\u0131n ve network &ccedil;al\u0131\u015fmalar\u0131n\u0131n yo\u011funla\u015ft\u0131\u011f\u0131 bir d&ouml;n&uuml;\u015f&uuml;m&uuml;n ger&ccedil;ekle\u015fece\u011fi &ouml;ng&ouml;r&uuml;leri yap\u0131ld\u0131.\n<\/p>\n<p style=\"text-align: justify;\">\n\t<strong>Sekt&ouml;rel ihtiya&ccedil;lara uygun e\u011fitim<\/strong>\n<\/p>\n<p style=\"text-align: justify;\">\n\tG&uuml;n&uuml;m&uuml;zde oldu\u011fu gibi gelecekte de turizm ve otelcilik e\u011fitiminin sekt&ouml;rel beklentilere uygunlu\u011funun &ouml;nemli olmaya devam edece\u011fi arama konferans\u0131nda ula\u015f\u0131lan sonu&ccedil;lar aras\u0131nda yer ald\u0131. Bu ba\u015fl\u0131k alt\u0131nda ula\u015f\u0131lan sonu&ccedil;lar aras\u0131nda; insan kaynaklar\u0131 turizm ve otelcilik ba\u015far\u0131s\u0131n\u0131n en &ouml;nemli unsuru oldu\u011fu i&ccedil;in, turizm rekabet g&uuml;c&uuml; y&uuml;kselen bir end&uuml;stri olmay\u0131 devam ettirece\u011fi; e\u011fitim kurumlar\u0131 sekt&ouml;r i\u015fbirli\u011finde end&uuml;strinin katk\u0131s\u0131, e\u011fitimin kalitesinin artmas\u0131na ve end&uuml;strinin ihtiya&ccedil;lar\u0131na cevap verebilecek insan g&uuml;c&uuml;n&uuml;n yeti\u015ftirilmesine imk&acirc;n sa\u011flayaca\u011f\u0131; e\u011fitim kurumlar\u0131 ile sekt&ouml;r i\u015fbirli\u011finde turizm e\u011fitimcilerinin katk\u0131s\u0131, sekt&ouml;r&uuml;n yeni &uuml;retilen bilgilerden ve teorik geli\u015fmelerden haberdar olmas\u0131n\u0131 ve y&ouml;netici yetkinliklerin geli\u015ftirilmesini sa\u011flayabilece\u011fi; e\u011fitim kurumlar\u0131 turizm sekt&ouml;r&uuml; i\u015fbirli\u011finin s&uuml;reklili\u011finin ve kurumsalla\u015fmas\u0131n\u0131n sa\u011flanmas\u0131yla hem e\u011fitim kurumlar\u0131n\u0131n sekt&ouml;rel geli\u015fmelerden haberdar olaca\u011f\u0131 hem de sekt&ouml;r&uuml;n iyi uygulamalar\u0131 ve teorik bilgileri &ouml;\u011frenme f\u0131rsat\u0131n\u0131 bulabilece\u011fi &ouml;ng&uuml;r&uuml;ld&uuml;.\n<\/p>\n<p style=\"text-align: justify;\">\n\t<strong>Teknoloji temelli e\u011fitim<\/strong>\n<\/p>\n<p style=\"text-align: justify;\">\n\tGelecekte verilen e\u011fitimin y&ouml;ntemi ve teknolojileri konusunda ortaya konulan en &ouml;nemli sonu&ccedil; da, e\u011fitimin gelecekte b&uuml;t&uuml;n&uuml;yle teknoloji temelli olaca\u011f\u0131 oldu. Ayr\u0131ca, &ouml;n&uuml;m&uuml;zdeki yak\u0131n d&ouml;nemde ya\u015fam bi&ccedil;imi, e\u011fitim sistemi ve i\u015f ya\u015fam\u0131 yo\u011fun bir bi&ccedil;imde teknolojik d&ouml;n&uuml;\u015f&uuml;me uygun y&ouml;ntem ve ara&ccedil;lar geli\u015fecek ve her d&uuml;zeyde turizm e\u011fitiminde bunlardan yararlan\u0131lmas\u0131 ka&ccedil;\u0131n\u0131lmaz olaca\u011f\u0131; &ouml;zellikle e\u011fitim ve &ouml;\u011frenme bi&ccedil;im ve s&uuml;re&ccedil;lerini d&ouml;n&uuml;\u015ft&uuml;recek bu y&ouml;ntem ve ara&ccedil;larla, s&ouml;z konusu s&uuml;re&ccedil;ler b&uuml;y&uuml;k oranda teknoloji temelli hale gelece\u011fi; b&ouml;ylece zaman ve mekan s\u0131n\u0131rl\u0131l\u0131klar\u0131 a\u015f\u0131lm\u0131\u015f olaca\u011f\u0131ndan, bu e\u011fitimlere eri\u015fimin de kolayla\u015faca\u011f\u0131 &ouml;ng&ouml;r&uuml;ld&uuml;. Bu ba\u011flamda, e\u011fitim y&ouml;ntemleri ve teknolojileri alan\u0131nda yap\u0131lan &ccedil;al\u0131\u015fma, &ouml;zellikle &ouml;\u011fretim programlar\u0131 ve d&ouml;n&uuml;\u015f&uuml;m alanlar\u0131nda yap\u0131lacak &ccedil;al\u0131\u015fmalarda kullan\u0131labilecek f\u0131rsatlar ve yollar ortaya koymada rehberlik yapabilece\u011fi ifade edildi.&nbsp;[\/toggle]\n<\/p>\n<p>\n\t[toggle title=&#8217;XIII. Akademik Turizm E\u011fitimi Arama Kat\u0131l\u0131mc\u0131 Listesi&#8217;]\n<\/p>\n<table border=\"1\" cellpadding=\"0\" cellspacing=\"0\" width=\"0\">\n<tbody>\n<tr>\n<td style=\"width: 265px; height: 38px; text-align: left; vertical-align: middle;\">\n<p>\n\t\t\t\t\t<strong><em>&nbsp; &nbsp; &nbsp; Ad\u0131 Soyad\u0131<\/em><\/strong>\n\t\t\t\t<\/p>\n<\/td>\n<td style=\"width: 297px; height: 38px; text-align: left; vertical-align: middle;\">\n<p>\n\t\t\t\t\t<strong><em>Kurum\/Kurulu\u015f<\/em><\/strong>\n\t\t\t\t<\/p>\n<\/td>\n<\/tr>\n<tr>\n<td style=\"width: 265px; height: 19px; text-align: left; vertical-align: middle;\">\n<p style=\"margin-left: 18pt;\">\n\t\t\t\t\tAsl\u0131 &Ouml;zen\n\t\t\t\t<\/p>\n<\/td>\n<td style=\"width: 297px; height: 19px; text-align: left; vertical-align: middle;\">\n<p>\n\t\t\t\t\tDokuz Eyl&uuml;l &Uuml;niversitesi\n\t\t\t\t<\/p>\n<\/td>\n<\/tr>\n<tr>\n<td style=\"width: 265px; height: 18px; text-align: left; vertical-align: middle;\">\n<p style=\"margin-left: 18pt;\">\n\t\t\t\t\tAtila Y&uuml;ksel\n\t\t\t\t<\/p>\n<\/td>\n<td style=\"width: 297px; height: 18px; text-align: left; vertical-align: middle;\">\n<p>\n\t\t\t\t\tAdnan Menderes &Uuml;niversitesi\n\t\t\t\t<\/p>\n<\/td>\n<\/tr>\n<tr>\n<td style=\"width: 265px; height: 19px; text-align: left; vertical-align: middle;\">\n<p style=\"margin-left: 18pt;\">\n\t\t\t\t\tAtilla Akbaba\n\t\t\t\t<\/p>\n<\/td>\n<td style=\"width: 297px; height: 19px; text-align: left; vertical-align: middle;\">\n<p>\n\t\t\t\t\t\u0130zmir K&acirc;tip &Ccedil;elebi &Uuml;niversitesi\n\t\t\t\t<\/p>\n<\/td>\n<\/tr>\n<tr>\n<td style=\"width: 265px; height: 19px; text-align: left; vertical-align: middle;\">\n<p style=\"margin-left: 18pt;\">\n\t\t\t\t\tAv\u015far Kurgun\n\t\t\t\t<\/p>\n<\/td>\n<td style=\"width: 297px; height: 19px; text-align: left; vertical-align: middle;\">\n<p>\n\t\t\t\t\tDokuz Eyl&uuml;l &Uuml;niversitesi\n\t\t\t\t<\/p>\n<\/td>\n<\/tr>\n<tr>\n<td style=\"width: 265px; height: 19px; text-align: left; vertical-align: middle;\">\n<p style=\"margin-left: 18pt;\">\n\t\t\t\t\tAy&ccedil;a &Ouml;zt&uuml;rk\n\t\t\t\t<\/p>\n<\/td>\n<td style=\"width: 297px; height: 19px; text-align: left; vertical-align: middle;\">\n<p>\n\t\t\t\t\tDokuz Eyl&uuml;l &Uuml;niversitesi\n\t\t\t\t<\/p>\n<\/td>\n<\/tr>\n<tr>\n<td style=\"width: 265px; height: 18px; text-align: left; vertical-align: middle;\">\n<p style=\"margin-left: 18pt;\">\n\t\t\t\t\tBeykan &Ccedil;izel\n\t\t\t\t<\/p>\n<\/td>\n<td style=\"width: 297px; height: 18px; text-align: left; vertical-align: middle;\">\n<p>\n\t\t\t\t\tAkdeniz &Uuml;niversitesi\n\t\t\t\t<\/p>\n<\/td>\n<\/tr>\n<tr>\n<td style=\"width: 265px; height: 19px; text-align: left; vertical-align: middle;\">\n<p style=\"margin-left: 18pt;\">\n\t\t\t\t\tBilge Kas\u0131rga \u0130pek\n\t\t\t\t<\/p>\n<\/td>\n<td style=\"width: 297px; height: 19px; text-align: left; vertical-align: middle;\">\n<p>\n\t\t\t\t\t\u0130pek Dan\u0131\u015fmanl\u0131k\n\t\t\t\t<\/p>\n<\/td>\n<\/tr>\n<tr>\n<td style=\"width: 265px; height: 19px; text-align: left; vertical-align: middle;\">\n<p style=\"margin-left: 18pt;\">\n\t\t\t\t\tBilgehan G&uuml;lcan\n\t\t\t\t<\/p>\n<\/td>\n<td style=\"width: 297px; height: 19px; text-align: left; vertical-align: middle;\">\n<p>\n\t\t\t\t\tAnkara Hac\u0131bayram Veli &Uuml;niversitesi\n\t\t\t\t<\/p>\n<\/td>\n<\/tr>\n<tr>\n<td style=\"width: 265px; height: 19px; text-align: left; vertical-align: middle;\">\n<p style=\"margin-left: 18pt;\">\n\t\t\t\t\tC&uuml;neyt Meng&uuml;\n\t\t\t\t<\/p>\n<\/td>\n<td style=\"width: 297px; height: 19px; text-align: left; vertical-align: middle;\">\n<p>\n\t\t\t\t\tMercan Turizm\n\t\t\t\t<\/p>\n<\/td>\n<\/tr>\n<tr>\n<td style=\"width: 265px; height: 21px; text-align: left; vertical-align: middle;\">\n<p style=\"margin-left: 18pt;\">\n\t\t\t\t\tDemet Ceyhan\n\t\t\t\t<\/p>\n<\/td>\n<td style=\"width: 297px; height: 21px; text-align: left; vertical-align: middle;\">\n<p>\n\t\t\t\t\tAntalya Bilim &Uuml;niversitesi\n\t\t\t\t<\/p>\n<\/td>\n<\/tr>\n<tr>\n<td style=\"width: 265px; height: 19px; text-align: left; vertical-align: middle;\">\n<p style=\"margin-left: 18pt;\">\n\t\t\t\t\tEbru G&uuml;neren &Ouml;zdemir\n\t\t\t\t<\/p>\n<\/td>\n<td style=\"width: 297px; height: 19px; text-align: left; vertical-align: middle;\">\n<p>\n\t\t\t\t\tNev\u015fehir Hac\u0131 Bekta\u015f Veli &Uuml;niversitesi\n\t\t\t\t<\/p>\n<\/td>\n<\/tr>\n<tr>\n<td style=\"width: 265px; height: 17px; text-align: left; vertical-align: middle;\">\n<p style=\"margin-left: 18pt;\">\n\t\t\t\t\tEbru G&uuml;nl&uuml; K&uuml;&ccedil;&uuml;kaltan\n\t\t\t\t<\/p>\n<\/td>\n<td style=\"width: 297px; height: 17px; text-align: left; vertical-align: middle;\">\n<p>\n\t\t\t\t\tDokuz Eyl&uuml;l &Uuml;niversitesi\n\t\t\t\t<\/p>\n<\/td>\n<\/tr>\n<tr>\n<td style=\"width: 265px; height: 18px; text-align: left; vertical-align: middle;\">\n<p style=\"margin-left: 18pt;\">\n\t\t\t\t\tEbrucan Kahraman\n\t\t\t\t<\/p>\n<\/td>\n<td style=\"width: 297px; height: 18px; text-align: left; vertical-align: middle;\">\n<p>\n\t\t\t\t\tT&uuml;rkiye Seyahat Acentalar\u0131 Birli\u011fi\n\t\t\t\t<\/p>\n<\/td>\n<\/tr>\n<tr>\n<td style=\"width: 265px; height: 18px; text-align: left; vertical-align: middle;\">\n<p style=\"margin-left: 18pt;\">\n\t\t\t\t\tFatma Bike Kocao\u011flu\n\t\t\t\t<\/p>\n<\/td>\n<td style=\"width: 297px; height: 18px; text-align: left; vertical-align: middle;\">\n<p>\n\t\t\t\t\tAntalya Bilim &Uuml;niversitesi\n\t\t\t\t<\/p>\n<\/td>\n<\/tr>\n<tr>\n<td style=\"width: 265px; height: 19px; text-align: left; vertical-align: middle;\">\n<p style=\"margin-left: 18pt;\">\n\t\t\t\t\tFunda Bagana\n\t\t\t\t<\/p>\n<\/td>\n<td style=\"width: 297px; height: 19px; text-align: left; vertical-align: middle;\">\n<p>\n\t\t\t\t\tClub Resort Atlantis\n\t\t\t\t<\/p>\n<\/td>\n<\/tr>\n<tr>\n<td style=\"width: 265px; height: 18px; text-align: left; vertical-align: middle;\">\n<p style=\"margin-left: 18pt;\">\n\t\t\t\t\tG&ouml;knil Nur Ko&ccedil;ak\n\t\t\t\t<\/p>\n<\/td>\n<td style=\"width: 297px; height: 18px; text-align: left; vertical-align: middle;\">\n<p>\n\t\t\t\t\tMersin &Uuml;niversitesi\n\t\t\t\t<\/p>\n<\/td>\n<\/tr>\n<tr>\n<td style=\"width: 265px; height: 19px; text-align: left; vertical-align: middle;\">\n<p style=\"margin-left: 18pt;\">\n\t\t\t\t\tHan\u0131m Kader \u015eanl\u0131&ouml;z &Ouml;zgen\n\t\t\t\t<\/p>\n<\/td>\n<td style=\"width: 297px; height: 19px; text-align: left; vertical-align: middle;\">\n<p>\n\t\t\t\t\t&Ouml;zye\u011fin &Uuml;niversitesi\n\t\t\t\t<\/p>\n<\/td>\n<\/tr>\n<tr>\n<td style=\"width: 265px; height: 19px; text-align: left; vertical-align: middle;\">\n<p style=\"margin-left: 18pt;\">\n\t\t\t\t\tHilmi Y&uuml;ksel\n\t\t\t\t<\/p>\n<\/td>\n<td style=\"width: 297px; height: 19px; text-align: left; vertical-align: middle;\">\n<p>\n\t\t\t\t\tDokuz Eyl&uuml;l &Uuml;niversitesi\n\t\t\t\t<\/p>\n<\/td>\n<\/tr>\n<tr>\n<td style=\"width: 265px; height: 19px; text-align: left; vertical-align: middle;\">\n<p style=\"margin-left: 18pt;\">\n\t\t\t\t\t\u0130brahim Boz\n\t\t\t\t<\/p>\n<\/td>\n<td style=\"width: 297px; height: 19px; text-align: left; vertical-align: middle;\">\n<p>\n\t\t\t\t\tToros &Uuml;niversitesi\n\t\t\t\t<\/p>\n<\/td>\n<\/tr>\n<tr>\n<td style=\"width: 265px; height: 19px; text-align: left; vertical-align: middle;\">\n<p style=\"margin-left: 18pt;\">\n\t\t\t\t\t\u0130rfan M\u0131s\u0131rl\u0131\n\t\t\t\t<\/p>\n<\/td>\n<td style=\"width: 297px; height: 19px; text-align: left; vertical-align: middle;\">\n<p>\n\t\t\t\t\tKastamonu &Uuml;niversitesi\n\t\t\t\t<\/p>\n<\/td>\n<\/tr>\n<tr>\n<td style=\"width: 265px; height: 19px; text-align: left; vertical-align: middle;\">\n<p style=\"margin-left: 18pt;\">\n\t\t\t\t\tMeryem Ako\u011flan Kozak, &nbsp;\n\t\t\t\t<\/p>\n<\/td>\n<td style=\"width: 297px; height: 19px; text-align: left; vertical-align: middle;\">\n<p>\n\t\t\t\t\tAnadolu &Uuml;niversitesi\n\t\t\t\t<\/p>\n<\/td>\n<\/tr>\n<tr>\n<td style=\"width: 265px; height: 19px; text-align: left; vertical-align: middle;\">\n<p style=\"margin-left: 18pt;\">\n\t\t\t\t\tMetin Kozak\n\t\t\t\t<\/p>\n<\/td>\n<td style=\"width: 297px; height: 19px; text-align: left; vertical-align: middle;\">\n<p>\n\t\t\t\t\tDokuz Eyl&uuml;l &Uuml;niversitesi\n\t\t\t\t<\/p>\n<\/td>\n<\/tr>\n<tr>\n<td style=\"width: 265px; height: 19px; text-align: left; vertical-align: middle;\">\n<p style=\"margin-left: 18pt;\">\n\t\t\t\t\tMustafa Tepeci\n\t\t\t\t<\/p>\n<\/td>\n<td style=\"width: 297px; height: 19px; text-align: left; vertical-align: middle;\">\n<p>\n\t\t\t\t\tManisa Celal Bayar &Uuml;niversitesi\n\t\t\t\t<\/p>\n<\/td>\n<\/tr>\n<tr>\n<td style=\"width: 265px; height: 19px; text-align: left; vertical-align: middle;\">\n<p style=\"margin-left: 18pt;\">\n\t\t\t\t\tMuzaffer Ta\u011f\u0131l&nbsp;&nbsp;\n\t\t\t\t<\/p>\n<\/td>\n<td style=\"width: 297px; height: 19px; text-align: left; vertical-align: middle;\">\n<p>\n\t\t\t\t\tKaya \u0130zmir Thermal &amp; Convention Hotel\n\t\t\t\t<\/p>\n<\/td>\n<\/tr>\n<tr>\n<td style=\"width: 265px; height: 17px; text-align: left; vertical-align: middle;\">\n<p style=\"margin-left: 18pt;\">\n\t\t\t\t\tNaz\u0131m &Ccedil;oki\u015fler\n\t\t\t\t<\/p>\n<\/td>\n<td style=\"width: 297px; height: 17px; text-align: left; vertical-align: middle;\">\n<p>\n\t\t\t\t\t\u0130zmir K&acirc;tip &Ccedil;elebi &Uuml;niversitesi\n\t\t\t\t<\/p>\n<\/td>\n<\/tr>\n<tr>\n<td style=\"width: 265px; height: 19px; text-align: left; vertical-align: middle;\">\n<p style=\"margin-left: 18pt;\">\n\t\t\t\t\tNazmi Kozak\n\t\t\t\t<\/p>\n<\/td>\n<td style=\"width: 297px; height: 19px; text-align: left; vertical-align: middle;\">\n<p>\n\t\t\t\t\tAnadolu &Uuml;niversitesi\n\t\t\t\t<\/p>\n<\/td>\n<\/tr>\n<tr>\n<td style=\"width: 265px; height: 19px; text-align: left; vertical-align: middle;\">\n<p style=\"margin-left: 18pt;\">\n\t\t\t\t\tOrhan Y&uuml;cel\n\t\t\t\t<\/p>\n<\/td>\n<td style=\"width: 297px; height: 19px; text-align: left; vertical-align: middle;\">\n<p>\n\t\t\t\t\tClub Resort Atlantis\n\t\t\t\t<\/p>\n<\/td>\n<\/tr>\n<tr>\n<td style=\"width: 265px; height: 19px; text-align: left; vertical-align: middle;\">\n<p style=\"margin-left: 18pt;\">\n\t\t\t\t\tOsman Nuri &Ouml;zdo\u011fan\n\t\t\t\t<\/p>\n<\/td>\n<td style=\"width: 297px; height: 19px; text-align: left; vertical-align: middle;\">\n<p>\n\t\t\t\t\tAdnan Menderes &Uuml;niversitesi\n\t\t\t\t<\/p>\n<\/td>\n<\/tr>\n<tr>\n<td style=\"width: 265px; height: 19px; text-align: left; vertical-align: middle;\">\n<p style=\"margin-left: 18pt;\">\n\t\t\t\t\t&Ouml;zkan T&uuml;t&uuml;nc&uuml;\n\t\t\t\t<\/p>\n<\/td>\n<td style=\"width: 297px; height: 19px; text-align: left; vertical-align: middle;\">\n<p>\n\t\t\t\t\tDokuz Eyl&uuml;l &Uuml;niversitesi\n\t\t\t\t<\/p>\n<\/td>\n<\/tr>\n<tr>\n<td style=\"width: 265px; height: 19px; text-align: left; vertical-align: middle;\">\n<p style=\"margin-left: 18pt;\">\n\t\t\t\t\tP\u0131nar I\u015f\u0131ldar\n\t\t\t\t<\/p>\n<\/td>\n<td style=\"width: 297px; height: 19px; text-align: left; vertical-align: middle;\">\n<p>\n\t\t\t\t\tDokuz Eyl&uuml;l &Uuml;niversitesi\n\t\t\t\t<\/p>\n<\/td>\n<\/tr>\n<tr>\n<td style=\"width: 265px; height: 19px; text-align: left; vertical-align: middle;\">\n<p style=\"margin-left: 18pt;\">\n\t\t\t\t\tTeoman Alemdar\n\t\t\t\t<\/p>\n<\/td>\n<td style=\"width: 297px; height: 19px; text-align: left; vertical-align: middle;\">\n<p>\n\t\t\t\t\t&Ouml;zye\u011fin &Uuml;niversitesi\n\t\t\t\t<\/p>\n<\/td>\n<\/tr>\n<\/tbody>\n<\/table>\n<p>\n\t[\/toggle]<\/p>\n","protected":false},"excerpt":{"rendered":"<p>XIII.&nbsp;Akademik Turizm E\u011fitimi Arama Konferans\u0131 Konu 21. Y&uuml;zy\u0131lda Turizm ve Otelcilik E\u011fitimi Tarih 02-05 May\u0131s 2019 Yer \u0130zmir, T&Uuml;RK\u0130YE Mekan: Club Resort Atlantis, \u0130zmir, T&Uuml;RK\u0130YE Koordinat&ouml;rler Prof. Dr. Metin KOZAK &#8211; Prof. Dr. Nazmi KOZAK D&uuml;zenleyen Anatolia Turizm Akademisi &#8211; <a href=\"https:\/\/anatoliajournal.com\/aramak\/xiii-konferans-izmir-02-05-mayiss-2019\/\" class=\"read-more\">Read More &#8230;<\/a><\/p>\n","protected":false},"author":2,"featured_media":3612,"parent":0,"menu_order":13,"comment_status":"closed","ping_status":"closed","template":"","meta":[],"_links":{"self":[{"href":"https:\/\/anatoliajournal.com\/aramak\/wp-json\/wp\/v2\/pages\/665"}],"collection":[{"href":"https:\/\/anatoliajournal.com\/aramak\/wp-json\/wp\/v2\/pages"}],"about":[{"href":"https:\/\/anatoliajournal.com\/aramak\/wp-json\/wp\/v2\/types\/page"}],"author":[{"embeddable":true,"href":"https:\/\/anatoliajournal.com\/aramak\/wp-json\/wp\/v2\/users\/2"}],"replies":[{"embeddable":true,"href":"https:\/\/anatoliajournal.com\/aramak\/wp-json\/wp\/v2\/comments?post=665"}],"version-history":[{"count":3,"href":"https:\/\/anatoliajournal.com\/aramak\/wp-json\/wp\/v2\/pages\/665\/revisions"}],"predecessor-version":[{"id":2604,"href":"https:\/\/anatoliajournal.com\/aramak\/wp-json\/wp\/v2\/pages\/665\/revisions\/2604"}],"wp:featuredmedia":[{"embeddable":true,"href":"https:\/\/anatoliajournal.com\/aramak\/wp-json\/wp\/v2\/media\/3612"}],"wp:attachment":[{"href":"https:\/\/anatoliajournal.com\/aramak\/wp-json\/wp\/v2\/media?parent=665"}],"curies":[{"name":"wp","href":"https:\/\/api.w.org\/{rel}","templated":true}]}}