 

{"id":607,"date":"2017-01-11T12:51:06","date_gmt":"2017-01-11T09:51:06","guid":{"rendered":"http:\/\/anatoliajournal.com\/aramak\/?page_id=607"},"modified":"2022-07-12T12:02:08","modified_gmt":"2022-07-12T09:02:08","slug":"xi-konferans-urgup-9-10-aralik-2016","status":"publish","type":"page","link":"https:\/\/anatoliajournal.com\/aramak\/konferans-kitapciklari\/xi-konferans-urgup-9-10-aralik-2016\/","title":{"rendered":"XI. Konferans \u2013 \u00dcrg\u00fcp, 9-10 Aral\u0131k 2016"},"content":{"rendered":"<a href=\"https:\/\/anatoliajournal.com\/aramak\/wp-content\/uploads\/2022\/07\/11.-Akademik-Turizm-Egitimi-Arama-Konferansi.pdf\" class=\"pdfemb-viewer\" style=\"\" data-width=\"max\" data-height=\"max\"  data-toolbar=\"bottom\" data-toolbar-fixed=\"off\">11. Akademik Turizm E\u011fitimi Arama Konferans\u0131<br\/><\/a>\n","protected":false},"excerpt":{"rendered":"","protected":false},"author":2,"featured_media":0,"parent":87,"menu_order":11,"comment_status":"closed","ping_status":"closed","template":"","meta":[],"_links":{"self":[{"href":"https:\/\/anatoliajournal.com\/aramak\/wp-json\/wp\/v2\/pages\/607"}],"collection":[{"href":"https:\/\/anatoliajournal.com\/aramak\/wp-json\/wp\/v2\/pages"}],"about":[{"href":"https:\/\/anatoliajournal.com\/aramak\/wp-json\/wp\/v2\/types\/page"}],"author":[{"embeddable":true,"href":"https:\/\/anatoliajournal.com\/aramak\/wp-json\/wp\/v2\/users\/2"}],"replies":[{"embeddable":true,"href":"https:\/\/anatoliajournal.com\/aramak\/wp-json\/wp\/v2\/comments?post=607"}],"version-history":[{"count":5,"href":"https:\/\/anatoliajournal.com\/aramak\/wp-json\/wp\/v2\/pages\/607\/revisions"}],"predecessor-version":[{"id":3858,"href":"https:\/\/anatoliajournal.com\/aramak\/wp-json\/wp\/v2\/pages\/607\/revisions\/3858"}],"up":[{"embeddable":true,"href":"https:\/\/anatoliajournal.com\/aramak\/wp-json\/wp\/v2\/pages\/87"}],"wp:attachment":[{"href":"https:\/\/anatoliajournal.com\/aramak\/wp-json\/wp\/v2\/media?parent=607"}],"curies":[{"name":"wp","href":"https:\/\/api.w.org\/{rel}","templated":true}]}}