 

{"id":60,"date":"2016-05-29T14:41:56","date_gmt":"2016-05-29T11:41:56","guid":{"rendered":"http:\/\/anatoliajournal.com\/aramak\/?page_id=60"},"modified":"2019-12-02T23:55:45","modified_gmt":"2019-12-02T20:55:45","slug":"v-konferans-manavgat-11-14-nisan-2013","status":"publish","type":"page","link":"https:\/\/anatoliajournal.com\/aramak\/v-konferans-manavgat-11-14-nisan-2013\/","title":{"rendered":"V. Konferans &#8211; Manavgat, 11-14 Nisan 2013"},"content":{"rendered":"<table align=\"center\" border=\"0\" width=\"850\">\n<tbody>\n<tr>\n<td bgcolor=\"#003300\" colspan=\"2\">\n<p style=\"text-align: center;\">\n\t\t\t\t\t<span style=\"color:#FFFFFF;\">V. Akademik Turizm E\u011fitimi Arama Konferans\u0131<\/span>\n\t\t\t\t<\/p>\n<\/td>\n<\/tr>\n<tr>\n<td bgcolor=\"#FFFFCC\">\n\t\t\t\tKonu\n\t\t\t<\/td>\n<td bgcolor=\"#FFFFCC\">\n\t\t\t\tTurizm Alan\u0131nda Do&ccedil;entlik S\u0131navlar\u0131: Disiplinleraras\u0131 Bir Alanda Niteli\u011fin ve Ba\u015far\u0131n\u0131n &Ouml;l&ccedil;&uuml;tleri Neler Olmal\u0131?\n\t\t\t<\/td>\n<\/tr>\n<tr>\n<td bgcolor=\"#AAFFFF\" width=\"205\">\n\t\t\t\tTarih\n\t\t\t<\/td>\n<td bgcolor=\"#AAFFFF\" width=\"635\">\n\t\t\t\t11 &#8211; 14 Nisan 2013\n\t\t\t<\/td>\n<\/tr>\n<tr>\n<td bgcolor=\"#FFFFCC\">\n\t\t\t\tYer\n\t\t\t<\/td>\n<td bgcolor=\"#FFFFCC\">\n\t\t\t\tManavgat, Antalya\n\t\t\t<\/td>\n<\/tr>\n<tr>\n<td bgcolor=\"#AAFFFF\">\n\t\t\t\tOtel\n\t\t\t<\/td>\n<td bgcolor=\"#AAFFFF\">\n\t\t\t\t<a href=\"http:\/\/www.alibey.com\/tr\/club-manavgat\" rel=\"noopener noreferrer\" target=\"_blank\">Club Alibey Manavgat,<\/a>&nbsp;Antalya\n\t\t\t<\/td>\n<\/tr>\n<tr>\n<td bgcolor=\"#FFFFCC\">\n\t\t\t\tKoordinat&ouml;rler\n\t\t\t<\/td>\n<td bgcolor=\"#FFFFCC\">\n\t\t\t\tProf. Dr. Nazmi KOZAK &#8211; Prof. Dr. Metin KOZAK\n\t\t\t<\/td>\n<\/tr>\n<tr>\n<td bgcolor=\"#AAFFFF\">\n\t\t\t\tD&uuml;zenleyen\n\t\t\t<\/td>\n<td bgcolor=\"#AAFFFF\">\n\t\t\t\tAnatolia: Turizm Ara\u015ft\u0131rmalar\u0131 Dergisi\n\t\t\t<\/td>\n<\/tr>\n<tr>\n<td bgcolor=\"#FFFFCC\">\n\t\t\t\tModerat&ouml;r\n\t\t\t<\/td>\n<td bgcolor=\"#FFFFCC\">\n\t\t\t\tDr. \u0130rfan MISIRLI,&nbsp;<a href=\"http:\/\/sisma.com.tr\/\" rel=\"noopener noreferrer\" target=\"_blank\"><strong>S\u0130SMA Dan\u0131\u015fmanl\u0131k,<\/strong><\/a>&nbsp;Ankara\n\t\t\t<\/td>\n<\/tr>\n<\/tbody>\n<\/table>\n<hr align=\"center\" noshade=\"noshade\" size=\"1\" width=\"841\" \/>\n<p>\n\t[toggle title=&#8217;V. Akademik Turizm E\u011fitimi Arama Konferans\u0131 Sonu&ccedil; Bildirgesi&#8217;]\n<\/p>\n<p align=\"justify\">\n\tTurizm alan\u0131nda Do&ccedil;entlik derecesine sahip olmak isteyen bir adayda olmas\u0131 gereken temel nitelik olarak belirlenen bilimsel ara\u015ft\u0131rma ve yay\u0131n yapma konusunda, aday\u0131n &ouml;ncelikle alan\u0131 ile ilgili teorik ve y&ouml;ntemsel donan\u0131ma, bilimsel ara\u015ft\u0131rma ve yay\u0131nlar\u0131nda bilim &uuml;retme k&uuml;lt&uuml;r&uuml; ve bilim ahlak\u0131na sahip olmas\u0131 gerekti\u011fi; ayr\u0131ca bu k&uuml;lt&uuml;r ve ahlak\u0131 ya\u015fam bi&ccedil;imi haline getirmenin esas oldu\u011fu ifade edilmi\u015ftir.\n<\/p>\n<p>\n\tE\u011fitim-&ouml;\u011fretim faaliyetlerinin nitelikleri konusunda; kendi alan\u0131 ile ilgili e\u011fitiminin bulunmas\u0131, e\u011fitim-&ouml;\u011fretim ile ilgili y&ouml;ntem ve yeterli deneyime sahip olmas\u0131, e\u011fitim-&ouml;\u011fretim ile ilgili materyal haz\u0131rlayabilme ve sunabilmesi konular\u0131nda bilgi ve donan\u0131ma sahip olmas\u0131 gerekti\u011fi sonucuna ula\u015f\u0131lm\u0131\u015ft\u0131r.\n<\/p>\n<p>\n\tBilim insan\u0131 yeti\u015ftirme konusundaki g&ouml;revleri aras\u0131nda her konuda bilim ahlak\u0131na uygun hareket edilmesi, yeti\u015ftirdi\u011fi bilim insan\u0131n\u0131n &ouml;ncelikle ki\u015filik geli\u015fimine &ouml;nem vermesi, sonras\u0131nda yatay ve dikey geli\u015fimi ile bilgi ve becerisinin geli\u015fimini sa\u011flanmas\u0131 beklenmektedir. Ayr\u0131ca bu bilim dal\u0131nda do&ccedil;ent olanlar\u0131n &ccedil;ok y&ouml;nl&uuml; bilgi ve beceriye sahip olmas\u0131 gereklili\u011fi vurgulanm\u0131\u015ft\u0131r.\n<\/p>\n<p>\n\tToplumsal fayda olu\u015fturma a&ccedil;\u0131s\u0131dan; halk, yerel kurulu\u015flar ve sivil toplum &ouml;rg&uuml;tleri ile g&uuml;&ccedil;l&uuml; ili\u015fkiler kurulmas\u0131, proje geli\u015ftirilmesi, yerel-ulusal-uluslararas\u0131 finans kurulu\u015flar\u0131n\u0131n turizm geli\u015fim projelerini destekleme olanak ve olas\u0131l\u0131klar\u0131n\u0131 ara\u015ft\u0131r\u0131lmas\u0131, &ccedil;evre koruma ve turizm bilincinin topluma yayg\u0131nla\u015ft\u0131r\u0131lmas\u0131, kent konseylerine etkin kat\u0131l\u0131mda bulunulmas\u0131, hobi etkinlikleri d&uuml;zenlenmesi ve benzeri g&ouml;revleri etkin ve verimli bir bi&ccedil;imde ya\u015fama ge&ccedil;irmesinin &ouml;nemli oldu\u011fu belirlenmi\u015ftir.\n<\/p>\n<p>\n\tTurizm alan\u0131nda g&ouml;rev yapan bir do&ccedil;entin kurumsal ve &ouml;rg&uuml;tsel faaliyetler ba\u011flam\u0131nda &ccedil;e\u015fitli koordinat&ouml;rl&uuml;k g&ouml;revlerini yerine getirmesi, komisyon &uuml;yeliklerinde bulunmas\u0131, akademik ve idari g&ouml;revleri yerine getirmesi, akademik ve sekt&ouml;rel faaliyetleri yerine getirmesi de yine ortaya &ccedil;\u0131kan g&ouml;rev y&ouml;nl&uuml; nitelikler aras\u0131ndad\u0131r.&nbsp;\n<\/p>\n<p>\n\tMesleki ve ki\u015fisel geli\u015fim faaliyetleri ba\u011flam\u0131nda, alan\u0131 ile ilgili ulusal ve uluslararas\u0131 bilimsel ve sekt&ouml;rel organizasyonlara aktif olarak kat\u0131lmas\u0131, ders vermeden &ouml;nce &ouml;zel veya kamu sekt&ouml;r&uuml;nde g&ouml;revler &uuml;stlenmesi ve alan\u0131 ile ilgili ulusal ve uluslararas\u0131 &ouml;rg&uuml;tlere &uuml;ye olunman\u0131n olgunla\u015fma s&uuml;recini artt\u0131raca\u011f\u0131 vurgulanm\u0131\u015ft\u0131r.\n<\/p>\n<p>\n\tKi\u015fisel gereklilikler ba\u011flam\u0131nda ise, &ouml;nceki di\u011fer b&uuml;t&uuml;n komisyonlar taraf\u0131ndan dile getirilen Do&ccedil;entlik unvan\u0131 alma konusundaki yeterliliklerde yer almas\u0131 gereken temel konu i&ccedil;erisinde, ki\u015fisel gerekliliklerin mutlaka yer almas\u0131 gerekti\u011fi g&ouml;r&uuml;lmektedir. Ki\u015fisel gereklilikler konusundaki beklentilerin, Do&ccedil;entlik unvan\u0131 alacak bir akademisyen ya da ara\u015ft\u0131rmac\u0131n\u0131n sahip olmas\u0131 ya da y&uuml;r&uuml;tmesi gereken di\u011fer g&ouml;rev boyutlar\u0131na yans\u0131mas\u0131 do\u011fald\u0131r. Bu nedenle; ki\u015fisel yeterlilikleri ta\u015f\u0131madan, Do&ccedil;entlik unvan\u0131n\u0131n akademik y&ouml;nlerinin anla\u015f\u0131lmas\u0131 zorla\u015fmaktad\u0131r.[\/toggle]\n<\/p>\n<p>\n\t[toggle title=&#8217;V. Akademik Turizm E\u011fitimi Arama Kat\u0131l\u0131mc\u0131 Listesi&#8217;]\n<\/p>\n<table align=\"center\" border=\"1\" cellpadding=\"0\" cellspacing=\"0\" width=\"824\">\n<tbody>\n<tr>\n<td bgcolor=\"#CCCCCC\" valign=\"top\" width=\"296\">\n<p>\n\t\t\t\t\t<strong><em>Ad\u0131 &#8211; Soyad\u0131<\/em><\/strong>\n\t\t\t\t<\/p>\n<\/td>\n<td bgcolor=\"#CCCCCC\" valign=\"top\" width=\"193\">\n<p>\n\t\t\t\t\t<strong><em>Unvan<\/em><\/strong>\n\t\t\t\t<\/p>\n<\/td>\n<td bgcolor=\"#CCCCCC\" valign=\"top\" width=\"327\">\n<p>\n\t\t\t\t\t<strong><em>&Uuml;niversite\/Kurum<\/em><\/strong>\n\t\t\t\t<\/p>\n<\/td>\n<\/tr>\n<\/tbody>\n<\/table>\n<table align=\"center\" border=\"0\" cellpadding=\"0\" cellspacing=\"0\" width=\"824\">\n<tbody>\n<tr>\n<td bgcolor=\"#FFFFFF\" valign=\"top\" width=\"297\">\n<p>\n\t\t\t\t\tA. Ak\u0131n Aksu\n\t\t\t\t<\/p>\n<\/td>\n<td bgcolor=\"#FFFFFF\" valign=\"top\" width=\"191\">\n<p>\n\t\t\t\t\tProf.Dr.\n\t\t\t\t<\/p>\n<\/td>\n<td bgcolor=\"#FFFFFF\" valign=\"top\" width=\"328\">\n<p>\n\t\t\t\t\tAkdeniz &Uuml;niversitesi\n\t\t\t\t<\/p>\n<\/td>\n<\/tr>\n<tr>\n<td bgcolor=\"#E9E9E9\" valign=\"top\" width=\"297\">\n<p>\n\t\t\t\t\tAbdullah Tanr\u0131sevdi\n\t\t\t\t<\/p>\n<\/td>\n<td bgcolor=\"#E9E9E9\" valign=\"top\" width=\"191\">\n<p>\n\t\t\t\t\tDo&ccedil;.Dr.\n\t\t\t\t<\/p>\n<\/td>\n<td bgcolor=\"#E9E9E9\" valign=\"top\" width=\"328\">\n<p>\n\t\t\t\t\tAdnan Menderes &Uuml;niversitesi\n\t\t\t\t<\/p>\n<\/td>\n<\/tr>\n<tr>\n<td bgcolor=\"#FFFFFF\" valign=\"top\" width=\"297\">\n<p>\n\t\t\t\t\tAdnan T&uuml;rksoy\n\t\t\t\t<\/p>\n<\/td>\n<td bgcolor=\"#FFFFFF\" valign=\"top\" width=\"191\">\n<p>\n\t\t\t\t\tProf.Dr.\n\t\t\t\t<\/p>\n<\/td>\n<td bgcolor=\"#FFFFFF\" valign=\"top\" width=\"328\">\n<p>\n\t\t\t\t\tEge &Uuml;niversitesi\n\t\t\t\t<\/p>\n<\/td>\n<\/tr>\n<tr>\n<td bgcolor=\"#E9E9E9\" valign=\"top\" width=\"297\">\n<p>\n\t\t\t\t\tBahattin &Ouml;zdemir\n\t\t\t\t<\/p>\n<\/td>\n<td bgcolor=\"#E9E9E9\" valign=\"top\" width=\"191\">\n<p>\n\t\t\t\t\tDo&ccedil;.Dr.\n\t\t\t\t<\/p>\n<\/td>\n<td bgcolor=\"#E9E9E9\" valign=\"top\" width=\"328\">\n<p>\n\t\t\t\t\tAkdeniz &Uuml;niversitesi\n\t\t\t\t<\/p>\n<\/td>\n<\/tr>\n<tr>\n<td bgcolor=\"#FFFFFF\" valign=\"top\" width=\"297\">\n<p>\n\t\t\t\t\tBahattin R\u0131zao\u011flu\n\t\t\t\t<\/p>\n<\/td>\n<td bgcolor=\"#FFFFFF\" valign=\"top\" width=\"191\">\n<p>\n\t\t\t\t\tProf.Dr.\n\t\t\t\t<\/p>\n<\/td>\n<td bgcolor=\"#FFFFFF\" valign=\"top\" width=\"328\">\n<p>\n\t\t\t\t\tAdnan Menderes &Uuml;niversitesi\n\t\t\t\t<\/p>\n<\/td>\n<\/tr>\n<tr>\n<td bgcolor=\"#E9E9E9\" valign=\"top\" width=\"297\">\n<p>\n\t\t\t\t\tBur&ccedil;in K\u0131rlar\n\t\t\t\t<\/p>\n<\/td>\n<td bgcolor=\"#E9E9E9\" valign=\"top\" width=\"191\">\n<p>\n\t\t\t\t\tAra\u015f.G&ouml;r.\n\t\t\t\t<\/p>\n<\/td>\n<td bgcolor=\"#E9E9E9\" valign=\"top\" width=\"328\">\n<p>\n\t\t\t\t\tDokuz Eyl&uuml;l &Uuml;niversitesi\n\t\t\t\t<\/p>\n<\/td>\n<\/tr>\n<tr>\n<td bgcolor=\"#FFFFFF\" valign=\"top\" width=\"297\">\n<p>\n\t\t\t\t\tCelil &Ccedil;ak\u0131c\u0131\n\t\t\t\t<\/p>\n<\/td>\n<td bgcolor=\"#FFFFFF\" valign=\"top\" width=\"191\">\n<p>\n\t\t\t\t\tProf.Dr.\n\t\t\t\t<\/p>\n<\/td>\n<td bgcolor=\"#FFFFFF\" valign=\"top\" width=\"328\">\n<p>\n\t\t\t\t\tMersin &Uuml;niversitesi\n\t\t\t\t<\/p>\n<\/td>\n<\/tr>\n<tr>\n<td bgcolor=\"#E9E9E9\" valign=\"top\" width=\"297\">\n<p>\n\t\t\t\t\t&Ccedil;a\u011fatay &Uuml;n&uuml;san\n\t\t\t\t<\/p>\n<\/td>\n<td bgcolor=\"#E9E9E9\" valign=\"top\" width=\"191\">\n<p>\n\t\t\t\t\tProf.Dr.\n\t\t\t\t<\/p>\n<\/td>\n<td bgcolor=\"#E9E9E9\" valign=\"top\" width=\"328\">\n<p>\n\t\t\t\t\tKonya Karatay &Uuml;niversitesi\n\t\t\t\t<\/p>\n<\/td>\n<\/tr>\n<tr>\n<td bgcolor=\"#FFFFFF\" valign=\"top\" width=\"297\">\n<p>\n\t\t\t\t\t&Ccedil;a\u011f\u0131l Hale &Ouml;zel\n\t\t\t\t<\/p>\n<\/td>\n<td bgcolor=\"#FFFFFF\" valign=\"top\" width=\"191\">\n<p>\n\t\t\t\t\tYard.Do&ccedil;.Dr.\n\t\t\t\t<\/p>\n<\/td>\n<td bgcolor=\"#FFFFFF\" valign=\"top\" width=\"328\">\n<p>\n\t\t\t\t\tAnadolu &Uuml;niversitesi\n\t\t\t\t<\/p>\n<\/td>\n<\/tr>\n<tr>\n<td bgcolor=\"#E9E9E9\" valign=\"top\" width=\"297\">\n<p>\n\t\t\t\t\tE. Ozan Aks&ouml;z\n\t\t\t\t<\/p>\n<\/td>\n<td bgcolor=\"#E9E9E9\" valign=\"top\" width=\"191\">\n<p>\n\t\t\t\t\tYard.Do&ccedil;.Dr.\n\t\t\t\t<\/p>\n<\/td>\n<td bgcolor=\"#E9E9E9\" valign=\"top\" width=\"328\">\n<p>\n\t\t\t\t\tAnadolu &Uuml;niversitesi\n\t\t\t\t<\/p>\n<\/td>\n<\/tr>\n<tr>\n<td bgcolor=\"#FFFFFF\" valign=\"top\" width=\"297\">\n<p>\n\t\t\t\t\tEbru G&uuml;nl&uuml;\n\t\t\t\t<\/p>\n<\/td>\n<td bgcolor=\"#FFFFFF\" valign=\"top\" width=\"191\">\n<p>\n\t\t\t\t\tDo&ccedil;.Dr.\n\t\t\t\t<\/p>\n<\/td>\n<td bgcolor=\"#FFFFFF\" valign=\"top\" width=\"328\">\n<p>\n\t\t\t\t\tDokuz Eyl&uuml;l &Uuml;niversitesi\n\t\t\t\t<\/p>\n<\/td>\n<\/tr>\n<tr>\n<td bgcolor=\"#E9E9E9\" valign=\"top\" width=\"297\">\n<p>\n\t\t\t\t\tEmrullah T&ouml;ren\n\t\t\t\t<\/p>\n<\/td>\n<td bgcolor=\"#E9E9E9\" valign=\"top\" width=\"191\">\n<p>\n\t\t\t\t\tAra\u015f.G&ouml;r.\n\t\t\t\t<\/p>\n<\/td>\n<td bgcolor=\"#E9E9E9\" valign=\"top\" width=\"328\">\n<p>\n\t\t\t\t\tAnadolu &Uuml;niversitesi\n\t\t\t\t<\/p>\n<\/td>\n<\/tr>\n<tr>\n<td bgcolor=\"#FFFFFF\" valign=\"top\" width=\"297\">\n<p>\n\t\t\t\t\tFatma Nur \u0130plik\n\t\t\t\t<\/p>\n<\/td>\n<td bgcolor=\"#FFFFFF\" valign=\"top\" width=\"191\">\n<p>\n\t\t\t\t\tDo&ccedil;. Dr.\n\t\t\t\t<\/p>\n<\/td>\n<td bgcolor=\"#FFFFFF\" valign=\"top\" width=\"328\">\n<p>\n\t\t\t\t\tAdana Teknik &Uuml;niversitesi\n\t\t\t\t<\/p>\n<\/td>\n<\/tr>\n<tr>\n<td bgcolor=\"#E9E9E9\" valign=\"top\" width=\"297\">\n<p>\n\t\t\t\t\tF&uuml;sun \u0130. Din&ccedil;er\n\t\t\t\t<\/p>\n<\/td>\n<td bgcolor=\"#E9E9E9\" valign=\"top\" width=\"191\">\n<p>\n\t\t\t\t\tProf.Dr.\n\t\t\t\t<\/p>\n<\/td>\n<td bgcolor=\"#E9E9E9\" valign=\"top\" width=\"328\">\n<p>\n\t\t\t\t\t\u0130stanbul &Uuml;niversitesi\n\t\t\t\t<\/p>\n<\/td>\n<\/tr>\n<tr>\n<td bgcolor=\"#FFFFFF\" valign=\"top\" width=\"297\">\n<p>\n\t\t\t\t\tH. Rafet Y&uuml;nc&uuml;\n\t\t\t\t<\/p>\n<\/td>\n<td bgcolor=\"#FFFFFF\" valign=\"top\" width=\"191\">\n<p>\n\t\t\t\t\tYard.Do&ccedil;.Dr.\n\t\t\t\t<\/p>\n<\/td>\n<td bgcolor=\"#FFFFFF\" valign=\"top\" width=\"328\">\n<p>\n\t\t\t\t\tAnadolu &Uuml;niversitesi\n\t\t\t\t<\/p>\n<\/td>\n<\/tr>\n<tr>\n<td bgcolor=\"#E9E9E9\" valign=\"top\" width=\"297\">\n<p>\n\t\t\t\t\tH&uuml;seyin Y\u0131ld\u0131r\u0131m\n\t\t\t\t<\/p>\n<\/td>\n<td bgcolor=\"#E9E9E9\" valign=\"top\" width=\"191\">\n<p>\n\t\t\t\t\t&nbsp;\n\t\t\t\t<\/p>\n<\/td>\n<td bgcolor=\"#E9E9E9\" valign=\"top\" width=\"328\">\n<p>\n\t\t\t\t\tDetay Yay\u0131nc\u0131l\u0131k\n\t\t\t\t<\/p>\n<\/td>\n<\/tr>\n<tr>\n<td bgcolor=\"#FFFFFF\" valign=\"top\" width=\"297\">\n<p>\n\t\t\t\t\tKurtulu\u015f Karamustafa\n\t\t\t\t<\/p>\n<\/td>\n<td bgcolor=\"#FFFFFF\" valign=\"top\" width=\"191\">\n<p>\n\t\t\t\t\tProf.Dr.\n\t\t\t\t<\/p>\n<\/td>\n<td bgcolor=\"#FFFFFF\" valign=\"top\" width=\"328\">\n<p>\n\t\t\t\t\tErciyes &Uuml;niversitesi\n\t\t\t\t<\/p>\n<\/td>\n<\/tr>\n<tr>\n<td bgcolor=\"#E9E9E9\" valign=\"top\" width=\"297\">\n<p>\n\t\t\t\t\tMehmet Han Erg&uuml;ven\n\t\t\t\t<\/p>\n<\/td>\n<td bgcolor=\"#E9E9E9\" valign=\"top\" width=\"191\">\n<p>\n\t\t\t\t\tYard.Do&ccedil;.Dr.\n\t\t\t\t<\/p>\n<\/td>\n<td bgcolor=\"#E9E9E9\" valign=\"top\" width=\"328\">\n<p>\n\t\t\t\t\tK\u0131rklareli &Uuml;niversitesi\n\t\t\t\t<\/p>\n<\/td>\n<\/tr>\n<tr>\n<td bgcolor=\"#FFFFFF\" valign=\"top\" width=\"297\">\n<p>\n\t\t\t\t\tMehmet Sar\u0131\u0131\u015f\u0131k\n\t\t\t\t<\/p>\n<\/td>\n<td bgcolor=\"#FFFFFF\" valign=\"top\" width=\"191\">\n<p>\n\t\t\t\t\tDo&ccedil;.Dr.\n\t\t\t\t<\/p>\n<\/td>\n<td bgcolor=\"#FFFFFF\" valign=\"top\" width=\"328\">\n<p>\n\t\t\t\t\tSakarya &Uuml;niversitesi\n\t\t\t\t<\/p>\n<\/td>\n<\/tr>\n<tr>\n<td bgcolor=\"#E9E9E9\" valign=\"top\" width=\"297\">\n<p>\n\t\t\t\t\tMehmet Ye\u015filta\u015f\n\t\t\t\t<\/p>\n<\/td>\n<td bgcolor=\"#E9E9E9\" valign=\"top\" width=\"191\">\n<p>\n\t\t\t\t\tProf.Dr.\n\t\t\t\t<\/p>\n<\/td>\n<td bgcolor=\"#E9E9E9\" valign=\"top\" width=\"328\">\n<p>\n\t\t\t\t\tGazi &Uuml;niversitesi\n\t\t\t\t<\/p>\n<\/td>\n<\/tr>\n<tr>\n<td bgcolor=\"#FFFFFF\" valign=\"top\" width=\"297\">\n<p>\n\t\t\t\t\tMeryem Ako\u011flan Kozak\n\t\t\t\t<\/p>\n<\/td>\n<td bgcolor=\"#FFFFFF\" valign=\"top\" width=\"191\">\n<p>\n\t\t\t\t\tProf.Dr.\n\t\t\t\t<\/p>\n<\/td>\n<td bgcolor=\"#FFFFFF\" valign=\"top\" width=\"328\">\n<p>\n\t\t\t\t\tAnadolu &Uuml;niversitesi\n\t\t\t\t<\/p>\n<\/td>\n<\/tr>\n<tr>\n<td bgcolor=\"#E9E9E9\" valign=\"top\" width=\"297\">\n<p>\n\t\t\t\t\tMetin Kozak\n\t\t\t\t<\/p>\n<\/td>\n<td bgcolor=\"#E9E9E9\" valign=\"top\" width=\"191\">\n<p>\n\t\t\t\t\tProf.Dr.\n\t\t\t\t<\/p>\n<\/td>\n<td bgcolor=\"#E9E9E9\" valign=\"top\" width=\"328\">\n<p>\n\t\t\t\t\tDokuz Eyl&uuml;l &Uuml;niversitesi\n\t\t\t\t<\/p>\n<\/td>\n<\/tr>\n<tr>\n<td bgcolor=\"#FFFFFF\" valign=\"top\" width=\"297\">\n<p>\n\t\t\t\t\tMuammer Tuna\n\t\t\t\t<\/p>\n<\/td>\n<td bgcolor=\"#FFFFFF\" valign=\"top\" width=\"191\">\n<p>\n\t\t\t\t\tProf.Dr.\n\t\t\t\t<\/p>\n<\/td>\n<td bgcolor=\"#FFFFFF\" valign=\"top\" width=\"328\">\n<p>\n\t\t\t\t\tMu\u011fla &Uuml;niversitesi\n\t\t\t\t<\/p>\n<\/td>\n<\/tr>\n<tr>\n<td bgcolor=\"#E9E9E9\" valign=\"top\" width=\"297\">\n<p>\n\t\t\t\t\tMustafa Koyuncu\n\t\t\t\t<\/p>\n<\/td>\n<td bgcolor=\"#E9E9E9\" valign=\"top\" width=\"191\">\n<p>\n\t\t\t\t\tProf.Dr.\n\t\t\t\t<\/p>\n<\/td>\n<td bgcolor=\"#E9E9E9\" valign=\"top\" width=\"328\">\n<p>\n\t\t\t\t\tAksaray &Uuml;niversitesi\n\t\t\t\t<\/p>\n<\/td>\n<\/tr>\n<tr>\n<td bgcolor=\"#FFFFFF\" valign=\"top\" width=\"297\">\n<p>\n\t\t\t\t\tNazmi Kozak\n\t\t\t\t<\/p>\n<\/td>\n<td bgcolor=\"#FFFFFF\" valign=\"top\" width=\"191\">\n<p>\n\t\t\t\t\tProf.Dr.\n\t\t\t\t<\/p>\n<\/td>\n<td bgcolor=\"#FFFFFF\" valign=\"top\" width=\"328\">\n<p>\n\t\t\t\t\tAnadolu &Uuml;niversitesi\n\t\t\t\t<\/p>\n<\/td>\n<\/tr>\n<tr>\n<td bgcolor=\"#E9E9E9\" valign=\"top\" width=\"297\">\n<p>\n\t\t\t\t\tN&uuml;zhet Kahraman\n\t\t\t\t<\/p>\n<\/td>\n<td bgcolor=\"#E9E9E9\" valign=\"top\" width=\"191\">\n<p>\n\t\t\t\t\tProf.Dr.\n\t\t\t\t<\/p>\n<\/td>\n<td bgcolor=\"#E9E9E9\" valign=\"top\" width=\"328\">\n<p>\n\t\t\t\t\t\u0130stanbul Ticaret &Uuml;niversitesi\n\t\t\t\t<\/p>\n<\/td>\n<\/tr>\n<tr>\n<td bgcolor=\"#FFFFFF\" valign=\"top\" width=\"297\">\n<p>\n\t\t\t\t\tO\u011fuz T&uuml;rkay\n\t\t\t\t<\/p>\n<\/td>\n<td bgcolor=\"#FFFFFF\" valign=\"top\" width=\"191\">\n<p>\n\t\t\t\t\tDo&ccedil;.Dr.\n\t\t\t\t<\/p>\n<\/td>\n<td bgcolor=\"#FFFFFF\" valign=\"top\" width=\"328\">\n<p>\n\t\t\t\t\tSakarya &Uuml;niversitesi\n\t\t\t\t<\/p>\n<\/td>\n<\/tr>\n<tr>\n<td bgcolor=\"#E9E9E9\" valign=\"top\" width=\"297\">\n<p>\n\t\t\t\t\tOsman &Ccedil;olako\u011flu\n\t\t\t\t<\/p>\n<\/td>\n<td bgcolor=\"#E9E9E9\" valign=\"top\" width=\"191\">\n<p>\n\t\t\t\t\tDo&ccedil;.Dr.\n\t\t\t\t<\/p>\n<\/td>\n<td bgcolor=\"#E9E9E9\" valign=\"top\" width=\"328\">\n<p>\n\t\t\t\t\tAdnan Menderes &Uuml;niversitesi\n\t\t\t\t<\/p>\n<\/td>\n<\/tr>\n<tr>\n<td bgcolor=\"#FFFFFF\" valign=\"top\" width=\"297\">\n<p>\n\t\t\t\t\tOya Aytemiz Seymen\n\t\t\t\t<\/p>\n<\/td>\n<td bgcolor=\"#FFFFFF\" valign=\"top\" width=\"191\">\n<p>\n\t\t\t\t\tProf.Dr.\n\t\t\t\t<\/p>\n<\/td>\n<td bgcolor=\"#FFFFFF\" valign=\"top\" width=\"328\">\n<p>\n\t\t\t\t\tBal\u0131kesir &Uuml;niversitesi\n\t\t\t\t<\/p>\n<\/td>\n<\/tr>\n<tr>\n<td bgcolor=\"#E9E9E9\" valign=\"top\" width=\"297\">\n<p>\n\t\t\t\t\t&Ouml;zkan T&uuml;t&uuml;nc&uuml;\n\t\t\t\t<\/p>\n<\/td>\n<td bgcolor=\"#E9E9E9\" valign=\"top\" width=\"191\">\n<p>\n\t\t\t\t\tProf.Dr.\n\t\t\t\t<\/p>\n<\/td>\n<td bgcolor=\"#E9E9E9\" valign=\"top\" width=\"328\">\n<p>\n\t\t\t\t\tDokuz Eyl&uuml;l &Uuml;niversitesi\n\t\t\t\t<\/p>\n<\/td>\n<\/tr>\n<tr>\n<td bgcolor=\"#FFFFFF\" valign=\"top\" width=\"297\">\n<p>\n\t\t\t\t\tSonay Kaygalak\n\t\t\t\t<\/p>\n<\/td>\n<td bgcolor=\"#FFFFFF\" valign=\"top\" width=\"191\">\n<p>\n\t\t\t\t\tAra\u015f.G&ouml;r.\n\t\t\t\t<\/p>\n<\/td>\n<td bgcolor=\"#FFFFFF\" valign=\"top\" width=\"328\">\n<p>\n\t\t\t\t\tDokuz Eyl&uuml;l &Uuml;niversitesi\n\t\t\t\t<\/p>\n<\/td>\n<\/tr>\n<tr>\n<td bgcolor=\"#E9E9E9\" valign=\"top\" width=\"297\">\n<p>\n\t\t\t\t\tTaki Can Metin\n\t\t\t\t<\/p>\n<\/td>\n<td bgcolor=\"#E9E9E9\" valign=\"top\" width=\"191\">\n<p>\n\t\t\t\t\tAra\u015f.G&ouml;r.\n\t\t\t\t<\/p>\n<\/td>\n<td bgcolor=\"#E9E9E9\" valign=\"top\" width=\"328\">\n<p>\n\t\t\t\t\tAnadolu &Uuml;niversitesi\n\t\t\t\t<\/p>\n<\/td>\n<\/tr>\n<tr>\n<td bgcolor=\"#FFFFFF\" valign=\"top\" width=\"297\">\n<p>\n\t\t\t\t\t&Uuml;lker &Ccedil;olako\u011flu\n\t\t\t\t<\/p>\n<\/td>\n<td bgcolor=\"#FFFFFF\" valign=\"top\" width=\"191\">\n<p>\n\t\t\t\t\tYard.Do&ccedil;.Dr.\n\t\t\t\t<\/p>\n<\/td>\n<td bgcolor=\"#FFFFFF\" valign=\"top\" width=\"328\">\n<p>\n\t\t\t\t\tAdnan Menderes &Uuml;niversitesi\n\t\t\t\t<\/p>\n<\/td>\n<\/tr>\n<tr>\n<td bgcolor=\"#E9E9E9\" valign=\"top\" width=\"297\">\n<p>\n\t\t\t\t\tYa\u015far Sar\u0131\n\t\t\t\t<\/p>\n<\/td>\n<td bgcolor=\"#E9E9E9\" valign=\"top\" width=\"191\">\n<p>\n\t\t\t\t\tDo&ccedil;. Dr.\n\t\t\t\t<\/p>\n<\/td>\n<td bgcolor=\"#E9E9E9\" valign=\"top\" width=\"328\">\n<p>\n\t\t\t\t\tOsmangazi &Uuml;niversitesi\n\t\t\t\t<\/p>\n<\/td>\n<\/tr>\n<tr>\n<td bgcolor=\"#FFFFFF\" valign=\"top\" width=\"297\">\n<p>\n\t\t\t\t\tYe\u015fim Co\u015far\n\t\t\t\t<\/p>\n<\/td>\n<td bgcolor=\"#FFFFFF\" valign=\"top\" width=\"191\">\n<p>\n\t\t\t\t\tDr.\n\t\t\t\t<\/p>\n<\/td>\n<td bgcolor=\"#FFFFFF\" valign=\"top\" width=\"328\">\n<p>\n\t\t\t\t\tDokuz Eyl&uuml;l &Uuml;niversitesi\n\t\t\t\t<\/p>\n<\/td>\n<\/tr>\n<tr>\n<td bgcolor=\"#E9E9E9\" valign=\"top\" width=\"297\">\n<p>\n\t\t\t\t\tY&uuml;ksel &Ouml;zt&uuml;rk\n\t\t\t\t<\/p>\n<\/td>\n<td bgcolor=\"#E9E9E9\" valign=\"top\" width=\"191\">\n<p>\n\t\t\t\t\tProf.Dr.\n\t\t\t\t<\/p>\n<\/td>\n<td bgcolor=\"#E9E9E9\" valign=\"top\" width=\"328\">\n<p>\n\t\t\t\t\tGazi &Uuml;niversitesi\n\t\t\t\t<\/p>\n<\/td>\n<\/tr>\n<tr>\n<td bgcolor=\"#FFFFFF\" valign=\"top\" width=\"297\">\n<p>\n\t\t\t\t\tZeynep Arslan\n\t\t\t\t<\/p>\n<\/td>\n<td bgcolor=\"#FFFFFF\" valign=\"top\" width=\"191\">\n<p>\n\t\t\t\t\tProf.Dr.\n\t\t\t\t<\/p>\n<\/td>\n<td bgcolor=\"#FFFFFF\" valign=\"top\" width=\"328\">\n<p>\n\t\t\t\t\tNev\u015fehir &Uuml;niversitesi\n\t\t\t\t<\/p>\n<\/td>\n<\/tr>\n<\/tbody>\n<\/table>\n<p>\n\t[\/toggle]\n<\/p>\n<p>\n\t[toggle title=&#8217;V. Akademik Turizm E\u011fitimi Arama Konferans\u0131n\u0131n Ard\u0131ndan &#8211; Nazmi Kozak&#8217;]<iframe class=\"pdfjs-viewer\" width=\"100%\" height=\"849px\" src=\"https:\/\/anatoliajournal.com\/aramak\/wp-content\/plugins\/pdf-viewer\/stable\/web\/viewer.html?file=http:\/\/anatoliajournal.com\/aramak\/wp-content\/uploads\/2016\/06\/5-konf-ard-nkozak.pdf\"><\/iframe> [\/toggle]<\/p>\n","protected":false},"excerpt":{"rendered":"<p>V. Akademik Turizm E\u011fitimi Arama Konferans\u0131 Konu Turizm Alan\u0131nda Do&ccedil;entlik S\u0131navlar\u0131: Disiplinleraras\u0131 Bir Alanda Niteli\u011fin ve Ba\u015far\u0131n\u0131n &Ouml;l&ccedil;&uuml;tleri Neler Olmal\u0131? Tarih 11 &#8211; 14 Nisan 2013 Yer Manavgat, Antalya Otel Club Alibey Manavgat,&nbsp;Antalya Koordinat&ouml;rler Prof. Dr. Nazmi KOZAK &#8211; Prof. <a href=\"https:\/\/anatoliajournal.com\/aramak\/v-konferans-manavgat-11-14-nisan-2013\/\" class=\"read-more\">Read More &#8230;<\/a><\/p>\n","protected":false},"author":2,"featured_media":0,"parent":0,"menu_order":5,"comment_status":"closed","ping_status":"closed","template":"","meta":[],"_links":{"self":[{"href":"https:\/\/anatoliajournal.com\/aramak\/wp-json\/wp\/v2\/pages\/60"}],"collection":[{"href":"https:\/\/anatoliajournal.com\/aramak\/wp-json\/wp\/v2\/pages"}],"about":[{"href":"https:\/\/anatoliajournal.com\/aramak\/wp-json\/wp\/v2\/types\/page"}],"author":[{"embeddable":true,"href":"https:\/\/anatoliajournal.com\/aramak\/wp-json\/wp\/v2\/users\/2"}],"replies":[{"embeddable":true,"href":"https:\/\/anatoliajournal.com\/aramak\/wp-json\/wp\/v2\/comments?post=60"}],"version-history":[{"count":2,"href":"https:\/\/anatoliajournal.com\/aramak\/wp-json\/wp\/v2\/pages\/60\/revisions"}],"predecessor-version":[{"id":2610,"href":"https:\/\/anatoliajournal.com\/aramak\/wp-json\/wp\/v2\/pages\/60\/revisions\/2610"}],"wp:attachment":[{"href":"https:\/\/anatoliajournal.com\/aramak\/wp-json\/wp\/v2\/media?parent=60"}],"curies":[{"name":"wp","href":"https:\/\/api.w.org\/{rel}","templated":true}]}}