 

{"id":57,"date":"2016-05-29T14:40:57","date_gmt":"2016-05-29T11:40:57","guid":{"rendered":"http:\/\/anatoliajournal.com\/aramak\/?page_id=57"},"modified":"2019-12-02T23:57:17","modified_gmt":"2019-12-02T20:57:17","slug":"iv-konferans-marmaris-27-30-ekim-2011","status":"publish","type":"page","link":"https:\/\/anatoliajournal.com\/aramak\/iv-konferans-marmaris-27-30-ekim-2011\/","title":{"rendered":"IV. Konferans &#8211; Marmaris, 27-30 Ekim 2011"},"content":{"rendered":"<table align=\"center\" border=\"0\" width=\"850\">\n<tbody>\n<tr>\n<td bgcolor=\"#003300\" colspan=\"2\">\n<p style=\"text-align: center;\">\n\t\t\t\t\t<span style=\"color:#FFFFFF;\">IV. Akademik Turizm E\u011fitimi Arama Konferans\u0131<\/span>\n\t\t\t\t<\/p>\n<\/td>\n<\/tr>\n<tr>\n<td bgcolor=\"#FFFFCC\">\n\t\t\t\tKonu\n\t\t\t<\/td>\n<td bgcolor=\"#FFFFCC\">\n\t\t\t\tTurizm Konulu Akademik Ders Kitaplar\u0131\n\t\t\t<\/td>\n<\/tr>\n<tr>\n<td bgcolor=\"#AAFFFF\" width=\"205\">\n\t\t\t\tTarih\n\t\t\t<\/td>\n<td bgcolor=\"#AAFFFF\" width=\"635\">\n\t\t\t\t27 &#8211; 30 Ekim 2011\n\t\t\t<\/td>\n<\/tr>\n<tr>\n<td bgcolor=\"#FFFFCC\">\n\t\t\t\tYer\n\t\t\t<\/td>\n<td bgcolor=\"#FFFFCC\">\n\t\t\t\tMarmaris, Mu\u011fla\n\t\t\t<\/td>\n<\/tr>\n<tr>\n<td bgcolor=\"#AAFFFF\">\n\t\t\t\tOtel\n\t\t\t<\/td>\n<td bgcolor=\"#AAFFFF\">\n\t\t\t\t<a href=\"http:\/\/www.grandyazicihotels.com\/\" rel=\"noopener noreferrer\" target=\"_blank\">Grand Yaz\u0131c\u0131 Mares Otel<\/a>,&nbsp;Marmaris\n\t\t\t<\/td>\n<\/tr>\n<tr>\n<td bgcolor=\"#FFFFCC\">\n\t\t\t\tKoordinat&ouml;rler\n\t\t\t<\/td>\n<td bgcolor=\"#FFFFCC\">\n\t\t\t\tProf. Dr. Nazmi KOZAK &#8211; Prof. Dr. Metin KOZAK\n\t\t\t<\/td>\n<\/tr>\n<tr>\n<td bgcolor=\"#AAFFFF\">\n\t\t\t\tD&uuml;zenleyen\n\t\t\t<\/td>\n<td bgcolor=\"#AAFFFF\">\n\t\t\t\tAnatolia: Turizm Ara\u015ft\u0131rmalar\u0131 Dergisi\n\t\t\t<\/td>\n<\/tr>\n<tr>\n<td bgcolor=\"#FFFFCC\">\n\t\t\t\tModerat&ouml;r\n\t\t\t<\/td>\n<td bgcolor=\"#FFFFCC\">\n\t\t\t\tDr. \u0130rfan MISIRLI,&nbsp;<a href=\"http:\/\/sisma.com.tr\/\" rel=\"noopener noreferrer\" target=\"_blank\"><strong>S\u0130SMA Dan\u0131\u015fmanl\u0131k,<\/strong><\/a>&nbsp;Ankara\n\t\t\t<\/td>\n<\/tr>\n<\/tbody>\n<\/table>\n<p>\n\t&nbsp;\n<\/p>\n<p>\n\t[toggle title=&#8217;IV. Akademik Turizm E\u011fitimi Arama Konferans\u0131 Sonu&ccedil; Bildirgesi&#8217;]\n<\/p>\n<p align=\"justify\">\n\t27-30 Ekim 2011 tarihleri aras\u0131nda Marmaris Grand Yaz\u0131c\u0131 Mares Oteli&rsquo;nde ger&ccedil;ekle\u015ftirilen 4. Akademik Turizm E\u011fitimi Arama Konferans\u0131&rsquo;nda akademik ders kitab\u0131n\u0131n yaz\u0131m\u0131na, yay\u0131m\u0131na ve da\u011f\u0131t\u0131m\u0131na ili\u015fkin sorunlar tart\u0131\u015f\u0131lm\u0131\u015f ve bu sorunlar\u0131n &ccedil;&ouml;z&uuml;m&uuml;ne y&ouml;nelik be\u015f farkl\u0131 boyutu irdeleyen &ccedil;al\u0131\u015fma gruplar\u0131 olu\u015fturulmu\u015ftur. Bu gruplar s\u0131ras\u0131yla; etik, kitap yaz\u0131m y&ouml;ntemi, okuyucu, yazar ve yay\u0131nevi alanlar\u0131nda yer alan sorunlar\u0131 irdelemi\u015f ve a\u015fa\u011f\u0131daki sonu&ccedil;lara ula\u015fm\u0131\u015flard\u0131r.\n<\/p>\n<p align=\"justify\">\n\tEtik konusunda &ldquo;T&Uuml;BA Bilimsel Do\u011fruluk \u0130lkeleri&rdquo; adl\u0131 &ccedil;al\u0131\u015fman\u0131n yazar ve yay\u0131nevlerine kaynakl\u0131k edece\u011fi saptanm\u0131\u015ft\u0131r. Yay\u0131nevlerinin, kitap bas\u0131m\u0131 konusunda kendilerine ba\u015fvuran yazar i&ccedil;in, &ldquo;T&Uuml;BA Bilimsel Do\u011fruluk \u0130lkeleri&rdquo;ni taahh&uuml;tname haline getirerek, yazar taraf\u0131ndan bunlara uyulaca\u011f\u0131n\u0131n garanti edilmesi i&ccedil;in gerekli d&uuml;zenlemeleri yapmalar\u0131 &ouml;nerilmektedir. Yazar\u0131n ilgili ilkeleri i&ccedil;selle\u015ftirmesi gerekmektedir. Ayr\u0131ca &uuml;niversitelerdeki etik kurullar\u0131n daha etkin hale getirilmesi konusunda fikir birli\u011fine var\u0131lm\u0131\u015ft\u0131r.\n<\/p>\n<p align=\"justify\">\n\tTurizm konulu akademik ders kitab\u0131n\u0131n okuyucu boyutu ile ilgili olarak yazar ve yay\u0131nevleri ayr\u0131nt\u0131l\u0131 bir \u015fekilde okuyucular\u0131n (&ouml;\u011frencilerin) &ouml;zellikleri, istekleri, beklentileri ve &uuml;mitlerini &ouml;\u011frenmek i&ccedil;in bilgi toplamal\u0131 ve bu bilgileri de\u011ferlendirmelidir. Elektronik kitap ve a&ccedil;\u0131k eri\u015fim programlar\u0131n\u0131n &uuml;niversitelerde kullan\u0131ma a&ccedil;\u0131k olarak yayg\u0131nla\u015ft\u0131r\u0131lmas\u0131 &ouml;nerilmektedir. Bu konuda yay\u0131nevlerinin teknolojiye ayak uydurmalar\u0131 ve bu ba\u011flamda &ccedil;al\u0131\u015fmalar yapmalar\u0131 gerekmektedir. Ders kitab\u0131 fiyat\u0131n\u0131n, okuyucunun (&ouml;\u011frenci) sat\u0131n alma g&uuml;c&uuml;ne g&ouml;re tekrar g&ouml;zden ge&ccedil;irilmesi &ouml;nerilmektedir.\n<\/p>\n<p align=\"justify\">\n\tYay\u0131nevlerine ili\u015fkin farkl\u0131 sorunlar ya\u015fanmaktad\u0131r. Yay\u0131nevlerinin uzmanla\u015famamas\u0131, kurumsalla\u015famamas\u0131, kar marj\u0131n\u0131n d&uuml;\u015f&uuml;k olmas\u0131, korsan yay\u0131nc\u0131l\u0131k ve izinsiz fotokopi gibi sorunlar ders kitab\u0131n\u0131n yay\u0131m\u0131n\u0131 do\u011frudan etkileyen olumsuzluklar olarak saptanm\u0131\u015ft\u0131r. Bu sorunlara &ccedil;&ouml;z&uuml;m &ouml;nerileri olarak uzmanla\u015fman\u0131n ve yay\u0131nc\u0131l\u0131\u011f\u0131n kurumsalla\u015fmas\u0131n\u0131n te\u015fvik edilmesi, korsan yay\u0131nc\u0131l\u0131\u011f\u0131n &ouml;n&uuml;ne ge&ccedil;ilmesi, &ouml;\u011fretim elemanlar\u0131n\u0131n korsan yay\u0131nc\u0131l\u0131\u011fa daha fazla duyarl\u0131 olmas\u0131, edit&ouml;rl&uuml;k sistemine ili\u015fkin al\u0131nabilecek &ouml;nlemlerin geli\u015ftirilmesi &ouml;nerilmi\u015ftir.\n<\/p>\n<p align=\"justify\">\n\tYazar\u0131n kariyer kayg\u0131s\u0131, itibar kazanma, gelir elde etme, edit&ouml;rl&uuml; kitaplarda yer alma, birikimi aktarma, ders kitab\u0131 eksi\u011fini giderme ile ilgili sorunlar\u0131 oldu\u011fu saptanm\u0131\u015ft\u0131r. Yazar\u0131n alan\u0131nda yeterince bilgiye sahip olmadan uzmanl\u0131k alan\u0131 d\u0131\u015f\u0131nda yay\u0131n yapmamas\u0131, T&uuml;rk&ccedil;e dilini do\u011fru ve anla\u015f\u0131l\u0131r kullanmas\u0131, gerekti\u011finde edit&ouml;ryal destek almas\u0131 &ouml;nerilmektedir. Ayr\u0131ca uzmanl\u0131k alanlar\u0131na g&ouml;re ileti\u015fim a\u011f\u0131n\u0131n olu\u015fturulmas\u0131 uygun g&ouml;r&uuml;lmektedir.\n<\/p>\n<p align=\"justify\">\n\tYaz\u0131m konusunda ders kitab\u0131n\u0131n i&ccedil;eri\u011finin program &ccedil;\u0131kt\u0131lar\u0131na, dersin ama&ccedil;lar\u0131na ve hedef kitle &ouml;zelliklerine g&ouml;re belirlenmesi gerekti\u011fi saptanm\u0131\u015ft\u0131r. Ders kitab\u0131 yazarken uygulamal\u0131 ve kuramsal dersler farkl\u0131 tasar\u0131m ilkeleri &ccedil;er&ccedil;evesinde ele al\u0131nmal\u0131d\u0131r. Ders kitab\u0131n\u0131n anlat\u0131m dili, &ouml;\u011frencinin anlayaca\u011f\u0131 ve ortak terminolojiyi dikkate alacak \u015fekilde yap\u0131land\u0131r\u0131lmal\u0131, i&ccedil;erik haz\u0131rlarken etik kurallara uyulmal\u0131, gerek &ouml;\u011frenen gerekse sekt&ouml;r&uuml;n gereksinimini kar\u015f\u0131layacak bi&ccedil;imde tasarlanmal\u0131d\u0131r. Ayr\u0131ca bir ders kitab\u0131 haz\u0131rlama rehberinin olu\u015fturulmas\u0131 &ouml;nerilmektedir.[\/toggle]\n<\/p>\n<p>\n\t[toggle title=&#8217;IV. Akademik Turizm E\u011fitimi Arama Kat\u0131l\u0131mc\u0131 Listesi&#8217;]\n<\/p>\n<table align=\"center\" border=\"1\" cellpadding=\"0\" cellspacing=\"0\">\n<tbody>\n<tr>\n<td bgcolor=\"#CCCCCC\" valign=\"top\" width=\"305\">\n<p>\n\t\t\t\t\t<strong><em>Ad\u0131 &#8211; Soyad\u0131<\/em><\/strong>\n\t\t\t\t<\/p>\n<\/td>\n<td bgcolor=\"#CCCCCC\" valign=\"top\" width=\"193\">\n<p>\n\t\t\t\t\t<strong><em>Unvan<\/em><\/strong>\n\t\t\t\t<\/p>\n<\/td>\n<td bgcolor=\"#CCCCCC\" valign=\"top\" width=\"338\">\n<p>\n\t\t\t\t\t<strong><em>&Uuml;niversite\/Kurum<\/em><\/strong>\n\t\t\t\t<\/p>\n<\/td>\n<\/tr>\n<\/tbody>\n<\/table>\n<table align=\"center\" cellpadding=\"0\" cellspacing=\"0\">\n<tbody>\n<tr bgcolor=\"#B7B7B7\">\n<td valign=\"top\" width=\"312\">\n<p>\n\t\t\t\t\tAdnan T&Uuml;RKSOY\n\t\t\t\t<\/p>\n<\/td>\n<td valign=\"top\" width=\"192\">\n<p>\n\t\t\t\t\tDo&ccedil;. Dr.\n\t\t\t\t<\/p>\n<\/td>\n<td valign=\"top\" width=\"338\">\n<p>\n\t\t\t\t\tEge &Uuml;niversitesi\n\t\t\t\t<\/p>\n<\/td>\n<\/tr>\n<tr bgcolor=\"#FFFFFF\">\n<td valign=\"top\" width=\"312\">\n<p>\n\t\t\t\t\tAsl\u0131han AYKA&Ccedil;\n\t\t\t\t<\/p>\n<\/td>\n<td valign=\"top\" width=\"192\">\n<p>\n\t\t\t\t\tYrd. Do&ccedil;. Dr.\n\t\t\t\t<\/p>\n<\/td>\n<td valign=\"top\" width=\"338\">\n<p>\n\t\t\t\t\tEge &Uuml;niversitesi\n\t\t\t\t<\/p>\n<\/td>\n<\/tr>\n<tr bgcolor=\"#B7B7B7\">\n<td valign=\"top\" width=\"312\">\n<p>\n\t\t\t\t\tAy\u015fe Ba\u015f COLLINS\n\t\t\t\t<\/p>\n<\/td>\n<td valign=\"top\" width=\"192\">\n<p>\n\t\t\t\t\tDo&ccedil;. Dr.\n\t\t\t\t<\/p>\n<\/td>\n<td valign=\"top\" width=\"338\">\n<p>\n\t\t\t\t\tBilkent &Uuml;niversitesi\n\t\t\t\t<\/p>\n<\/td>\n<\/tr>\n<tr bgcolor=\"#FFFFFF\">\n<td valign=\"top\" width=\"312\">\n<p>\n\t\t\t\t\tBahattin &Ouml;ZDEM\u0130R\n\t\t\t\t<\/p>\n<\/td>\n<td valign=\"top\" width=\"192\">\n<p>\n\t\t\t\t\tDo&ccedil;. Dr.\n\t\t\t\t<\/p>\n<\/td>\n<td valign=\"top\" width=\"338\">\n<p>\n\t\t\t\t\tAkdeniz &Uuml;niversitesi\n\t\t\t\t<\/p>\n<\/td>\n<\/tr>\n<tr bgcolor=\"#B7B7B7\">\n<td valign=\"top\" width=\"312\">\n<p>\n\t\t\t\t\tBahattin RIZAO\u011eLU\n\t\t\t\t<\/p>\n<\/td>\n<td valign=\"top\" width=\"192\">\n<p>\n\t\t\t\t\tProf. Dr.\n\t\t\t\t<\/p>\n<\/td>\n<td valign=\"top\" width=\"338\">\n<p>\n\t\t\t\t\tAdnan Menderes &Uuml;niversitesi\n\t\t\t\t<\/p>\n<\/td>\n<\/tr>\n<tr bgcolor=\"#FFFFFF\">\n<td valign=\"top\" width=\"312\">\n<p>\n\t\t\t\t\tBar\u0131\u015f SEYHAN\n\t\t\t\t<\/p>\n<\/td>\n<td valign=\"top\" width=\"192\">\n<p>\n\t\t\t\t\tAr\u015f. G&ouml;r.\n\t\t\t\t<\/p>\n<\/td>\n<td valign=\"top\" width=\"338\">\n<p>\n\t\t\t\t\tAnadolu &Uuml;niversitesi\n\t\t\t\t<\/p>\n<\/td>\n<\/tr>\n<tr bgcolor=\"#B7B7B7\">\n<td valign=\"top\" width=\"312\">\n<p>\n\t\t\t\t\t&Ccedil;a\u011fatay &Uuml;N&Uuml;SAN\n\t\t\t\t<\/p>\n<\/td>\n<td valign=\"top\" width=\"192\">\n<p>\n\t\t\t\t\tProf. Dr.\n\t\t\t\t<\/p>\n<\/td>\n<td valign=\"top\" width=\"338\">\n<p>\n\t\t\t\t\tKTO Karatay &Uuml;niversitesi\n\t\t\t\t<\/p>\n<\/td>\n<\/tr>\n<tr bgcolor=\"#FFFFFF\">\n<td valign=\"top\" width=\"312\">\n<p>\n\t\t\t\t\tDuygu BABAT\n\t\t\t\t<\/p>\n<\/td>\n<td valign=\"top\" width=\"192\">\n<p>\n\t\t\t\t\tAr\u015f. G&ouml;r.\n\t\t\t\t<\/p>\n<\/td>\n<td valign=\"top\" width=\"338\">\n<p>\n\t\t\t\t\tMu\u011fla &Uuml;niversitesi\n\t\t\t\t<\/p>\n<\/td>\n<\/tr>\n<tr bgcolor=\"#B7B7B7\">\n<td valign=\"top\" width=\"312\">\n<p>\n\t\t\t\t\tEbru G&Uuml;NL&Uuml;\n\t\t\t\t<\/p>\n<\/td>\n<td valign=\"top\" width=\"192\">\n<p>\n\t\t\t\t\tDo&ccedil;. Dr.\n\t\t\t\t<\/p>\n<\/td>\n<td valign=\"top\" width=\"338\">\n<p>\n\t\t\t\t\tDokuz Eyl&uuml;l &Uuml;niversitesi\n\t\t\t\t<\/p>\n<\/td>\n<\/tr>\n<tr bgcolor=\"#FFFFFF\">\n<td valign=\"top\" width=\"312\">\n<p>\n\t\t\t\t\tEmrullah T&Ouml;REN\n\t\t\t\t<\/p>\n<\/td>\n<td valign=\"top\" width=\"192\">\n<p>\n\t\t\t\t\tAr\u015f. G&ouml;r.\n\t\t\t\t<\/p>\n<\/td>\n<td valign=\"top\" width=\"338\">\n<p>\n\t\t\t\t\tAnadolu &Uuml;niversitesi\n\t\t\t\t<\/p>\n<\/td>\n<\/tr>\n<tr bgcolor=\"#B7B7B7\">\n<td valign=\"top\" width=\"312\">\n<p>\n\t\t\t\t\tEylin BABACAN\n\t\t\t\t<\/p>\n<\/td>\n<td valign=\"top\" width=\"192\">\n<p>\n\t\t\t\t\tAr\u015f. G&ouml;r. Dr.\n\t\t\t\t<\/p>\n<\/td>\n<td valign=\"top\" width=\"338\">\n<p>\n\t\t\t\t\tMu\u011fla &Uuml;niversitesi\n\t\t\t\t<\/p>\n<\/td>\n<\/tr>\n<tr bgcolor=\"#FFFFFF\">\n<td valign=\"top\" width=\"312\">\n<p>\n\t\t\t\t\tH. Rafet Y&Uuml;NC&Uuml;\n\t\t\t\t<\/p>\n<\/td>\n<td valign=\"top\" width=\"192\">\n<p>\n\t\t\t\t\tYrd. Do&ccedil;. Dr.\n\t\t\t\t<\/p>\n<\/td>\n<td valign=\"top\" width=\"338\">\n<p>\n\t\t\t\t\tAnadolu &Uuml;niversitesi\n\t\t\t\t<\/p>\n<\/td>\n<\/tr>\n<tr bgcolor=\"#B7B7B7\">\n<td valign=\"top\" width=\"312\">\n<p>\n\t\t\t\t\tHasan \u015eEN\n\t\t\t\t<\/p>\n<\/td>\n<td valign=\"top\" width=\"192\">\n<p>\n\t\t\t\t\tYrd. Do&ccedil;. Dr.\n\t\t\t\t<\/p>\n<\/td>\n<td valign=\"top\" width=\"338\">\n<p>\n\t\t\t\t\tMu\u011fla &Uuml;niversitesi\n\t\t\t\t<\/p>\n<\/td>\n<\/tr>\n<tr bgcolor=\"#FFFFFF\">\n<td valign=\"top\" width=\"312\">\n<p>\n\t\t\t\t\tHatice K&uuml;bra BAH\u015e\u0130\u015eO\u011eLU\n\t\t\t\t<\/p>\n<\/td>\n<td valign=\"top\" width=\"192\">\n<p>\n\t\t\t\t\tYrd. Do&ccedil;. Dr.\n\t\t\t\t<\/p>\n<\/td>\n<td valign=\"top\" width=\"338\">\n<p>\n\t\t\t\t\tMu\u011fla &Uuml;niversitesi\n\t\t\t\t<\/p>\n<\/td>\n<\/tr>\n<tr bgcolor=\"#B7B7B7\">\n<td valign=\"top\" width=\"312\">\n<p>\n\t\t\t\t\tH&uuml;seyin YILDIRIM\n\t\t\t\t<\/p>\n<\/td>\n<td valign=\"top\" width=\"192\">\n<p>\n\t\t\t\t\tYay\u0131nc\u0131\n\t\t\t\t<\/p>\n<\/td>\n<td valign=\"top\" width=\"338\">\n<p>\n\t\t\t\t\tDetay Yay\u0131nc\u0131l\u0131k\n\t\t\t\t<\/p>\n<\/td>\n<\/tr>\n<tr bgcolor=\"#FFFFFF\">\n<td valign=\"top\" width=\"312\">\n<p>\n\t\t\t\t\tI\u015f\u0131l &Ouml;ZGEN\n\t\t\t\t<\/p>\n<\/td>\n<td valign=\"top\" width=\"192\">\n<p>\n\t\t\t\t\tYrd. Do&ccedil;. Dr.\n\t\t\t\t<\/p>\n<\/td>\n<td valign=\"top\" width=\"338\">\n<p>\n\t\t\t\t\tDokuz Eyl&uuml;l &Uuml;niversitesi\n\t\t\t\t<\/p>\n<\/td>\n<\/tr>\n<tr bgcolor=\"#B7B7B7\">\n<td valign=\"top\" width=\"312\">\n<p>\n\t\t\t\t\t\u0130brahim AKYOL\n\t\t\t\t<\/p>\n<\/td>\n<td valign=\"top\" width=\"192\">\n<p>\n\t\t\t\t\tYay\u0131nc\u0131\n\t\t\t\t<\/p>\n<\/td>\n<td valign=\"top\" width=\"338\">\n<p>\n\t\t\t\t\tMaya Akademi Yay\u0131nc\u0131l\u0131k\n\t\t\t\t<\/p>\n<\/td>\n<\/tr>\n<tr bgcolor=\"#FFFFFF\">\n<td valign=\"top\" width=\"312\">\n<p>\n\t\t\t\t\t\u0130rem ERDEM AYDIN\n\t\t\t\t<\/p>\n<\/td>\n<td valign=\"top\" width=\"192\">\n<p>\n\t\t\t\t\tAr\u015f. G&ouml;r. Dr.\n\t\t\t\t<\/p>\n<\/td>\n<td valign=\"top\" width=\"338\">\n<p>\n\t\t\t\t\tAnadolu &Uuml;niversitesi\n\t\t\t\t<\/p>\n<\/td>\n<\/tr>\n<tr bgcolor=\"#B7B7B7\">\n<td valign=\"top\" width=\"312\">\n<p>\n\t\t\t\t\tMahmut DEM\u0130R\n\t\t\t\t<\/p>\n<\/td>\n<td valign=\"top\" width=\"192\">\n<p>\n\t\t\t\t\tYrd. Do&ccedil;. Dr.\n\t\t\t\t<\/p>\n<\/td>\n<td valign=\"top\" width=\"338\">\n<p>\n\t\t\t\t\tMu\u011fla &Uuml;niversitesi\n\t\t\t\t<\/p>\n<\/td>\n<\/tr>\n<tr bgcolor=\"#FFFFFF\">\n<td valign=\"top\" width=\"312\">\n<p>\n\t\t\t\t\tMaria D. ALVAREZ\n\t\t\t\t<\/p>\n<\/td>\n<td valign=\"top\" width=\"192\">\n<p>\n\t\t\t\t\tDo&ccedil;. Dr.\n\t\t\t\t<\/p>\n<\/td>\n<td valign=\"top\" width=\"338\">\n<p>\n\t\t\t\t\tBo\u011fazi&ccedil;i &Uuml;niversitesi\n\t\t\t\t<\/p>\n<\/td>\n<\/tr>\n<tr bgcolor=\"#B7B7B7\">\n<td valign=\"top\" width=\"312\">\n<p>\n\t\t\t\t\tMehmet Han ERG&Uuml;VEN\n\t\t\t\t<\/p>\n<\/td>\n<td valign=\"top\" width=\"192\">\n<p>\n\t\t\t\t\tYrd. Do&ccedil;. Dr.\n\t\t\t\t<\/p>\n<\/td>\n<td valign=\"top\" width=\"338\">\n<p>\n\t\t\t\t\tK\u0131rklareli &Uuml;niversitesi\n\t\t\t\t<\/p>\n<\/td>\n<\/tr>\n<tr bgcolor=\"#FFFFFF\">\n<td valign=\"top\" width=\"312\">\n<p>\n\t\t\t\t\tMehmet &Ouml;ZDEM\u0130R\n\t\t\t\t<\/p>\n<\/td>\n<td valign=\"top\" width=\"192\">\n<p>\n\t\t\t\t\tDr.\n\t\t\t\t<\/p>\n<\/td>\n<td valign=\"top\" width=\"338\">\n<p>\n\t\t\t\t\tAnadolu &Uuml;niversitesi\n\t\t\t\t<\/p>\n<\/td>\n<\/tr>\n<tr bgcolor=\"#B7B7B7\">\n<td valign=\"top\" width=\"312\">\n<p>\n\t\t\t\t\tMehmet YE\u015e\u0130LTA\u015e\n\t\t\t\t<\/p>\n<\/td>\n<td valign=\"top\" width=\"192\">\n<p>\n\t\t\t\t\tDo&ccedil;. Dr.\n\t\t\t\t<\/p>\n<\/td>\n<td valign=\"top\" width=\"338\">\n<p>\n\t\t\t\t\tGazi &Uuml;niversitesi\n\t\t\t\t<\/p>\n<\/td>\n<\/tr>\n<tr bgcolor=\"#FFFFFF\">\n<td valign=\"top\" width=\"312\">\n<p>\n\t\t\t\t\tMetin ARGAN\n\t\t\t\t<\/p>\n<\/td>\n<td valign=\"top\" width=\"192\">\n<p>\n\t\t\t\t\tDo&ccedil;. Dr.\n\t\t\t\t<\/p>\n<\/td>\n<td valign=\"top\" width=\"338\">\n<p>\n\t\t\t\t\tAnadolu &Uuml;niversitesi\n\t\t\t\t<\/p>\n<\/td>\n<\/tr>\n<tr bgcolor=\"#B7B7B7\">\n<td valign=\"top\" width=\"312\">\n<p>\n\t\t\t\t\tMetin KOZAK\n\t\t\t\t<\/p>\n<\/td>\n<td valign=\"top\" width=\"192\">\n<p>\n\t\t\t\t\tProf. Dr.\n\t\t\t\t<\/p>\n<\/td>\n<td valign=\"top\" width=\"338\">\n<p>\n\t\t\t\t\tMu\u011fla &Uuml;niversitesi\n\t\t\t\t<\/p>\n<\/td>\n<\/tr>\n<tr bgcolor=\"#FFFFFF\">\n<td valign=\"top\" width=\"312\">\n<p>\n\t\t\t\t\tMetin TEBERLER\n\t\t\t\t<\/p>\n<\/td>\n<td valign=\"top\" width=\"192\">\n<p>\n\t\t\t\t\tDo&ccedil;. Dr.\n\t\t\t\t<\/p>\n<\/td>\n<td valign=\"top\" width=\"338\">\n<p>\n\t\t\t\t\t\u0130stanbul Teknik &Uuml;niversitesi\n\t\t\t\t<\/p>\n<\/td>\n<\/tr>\n<tr bgcolor=\"#B7B7B7\">\n<td valign=\"top\" width=\"312\">\n<p>\n\t\t\t\t\tMuammer TUNA\n\t\t\t\t<\/p>\n<\/td>\n<td valign=\"top\" width=\"192\">\n<p>\n\t\t\t\t\tProf. Dr.\n\t\t\t\t<\/p>\n<\/td>\n<td valign=\"top\" width=\"338\">\n<p>\n\t\t\t\t\tMu\u011fla &Uuml;niversitesi\n\t\t\t\t<\/p>\n<\/td>\n<\/tr>\n<tr bgcolor=\"#FFFFFF\">\n<td valign=\"top\" width=\"312\">\n<p>\n\t\t\t\t\tM&uuml;jgan BOZKAYA\n\t\t\t\t<\/p>\n<\/td>\n<td valign=\"top\" width=\"192\">\n<p>\n\t\t\t\t\tDo&ccedil;. Dr.\n\t\t\t\t<\/p>\n<\/td>\n<td valign=\"top\" width=\"338\">\n<p>\n\t\t\t\t\tAnadolu &Uuml;niversitesi\n\t\t\t\t<\/p>\n<\/td>\n<\/tr>\n<tr bgcolor=\"#B7B7B7\">\n<td valign=\"top\" width=\"312\">\n<p>\n\t\t\t\t\tNazmi KOZAK\n\t\t\t\t<\/p>\n<\/td>\n<td valign=\"top\" width=\"192\">\n<p>\n\t\t\t\t\tProf. Dr.\n\t\t\t\t<\/p>\n<\/td>\n<td valign=\"top\" width=\"338\">\n<p>\n\t\t\t\t\tAnadolu &Uuml;niversitesi\n\t\t\t\t<\/p>\n<\/td>\n<\/tr>\n<tr bgcolor=\"#FFFFFF\">\n<td valign=\"top\" width=\"312\">\n<p>\n\t\t\t\t\tNecdet HACIO\u011eLU\n\t\t\t\t<\/p>\n<\/td>\n<td valign=\"top\" width=\"192\">\n<p>\n\t\t\t\t\tProf. Dr.\n\t\t\t\t<\/p>\n<\/td>\n<td valign=\"top\" width=\"338\">\n<p>\n\t\t\t\t\tBal\u0131kesir &Uuml;niversitesi\n\t\t\t\t<\/p>\n<\/td>\n<\/tr>\n<tr bgcolor=\"#B7B7B7\">\n<td valign=\"top\" width=\"312\">\n<p>\n\t\t\t\t\tNur KULAKO\u011eLU\n\t\t\t\t<\/p>\n<\/td>\n<td valign=\"top\" width=\"192\">\n<p>\n\t\t\t\t\tAr\u015f. G&ouml;r.\n\t\t\t\t<\/p>\n<\/td>\n<td valign=\"top\" width=\"338\">\n<p>\n\t\t\t\t\tMu\u011fla &Uuml;niversitesi\n\t\t\t\t<\/p>\n<\/td>\n<\/tr>\n<tr bgcolor=\"#FFFFFF\">\n<td valign=\"top\" width=\"312\">\n<p>\n\t\t\t\t\tOktay EM\u0130R\n\t\t\t\t<\/p>\n<\/td>\n<td valign=\"top\" width=\"192\">\n<p>\n\t\t\t\t\tYrd. Do&ccedil;. Dr.\n\t\t\t\t<\/p>\n<\/td>\n<td valign=\"top\" width=\"338\">\n<p>\n\t\t\t\t\tAnadolu &Uuml;niversitesi\n\t\t\t\t<\/p>\n<\/td>\n<\/tr>\n<tr bgcolor=\"#B7B7B7\">\n<td bgcolor=\"#B7B7B7\" valign=\"top\" width=\"312\">\n<p>\n\t\t\t\t\tOya Aytemiz SEYMEN\n\t\t\t\t<\/p>\n<\/td>\n<td valign=\"top\" width=\"192\">\n<p>\n\t\t\t\t\tProf. Dr.\n\t\t\t\t<\/p>\n<\/td>\n<td valign=\"top\" width=\"338\">\n<p>\n\t\t\t\t\tBal\u0131kesir &Uuml;niversitesi\n\t\t\t\t<\/p>\n<\/td>\n<\/tr>\n<tr bgcolor=\"#FFFFFF\">\n<td valign=\"top\" width=\"312\">\n<p>\n\t\t\t\t\t&Ouml;zkan T&Uuml;T&Uuml;NC&Uuml;\n\t\t\t\t<\/p>\n<\/td>\n<td valign=\"top\" width=\"192\">\n<p>\n\t\t\t\t\tProf. Dr.\n\t\t\t\t<\/p>\n<\/td>\n<td valign=\"top\" width=\"338\">\n<p>\n\t\t\t\t\tDokuz Eyl&uuml;l &Uuml;niversitesi\n\t\t\t\t<\/p>\n<\/td>\n<\/tr>\n<tr bgcolor=\"#B7B7B7\">\n<td height=\"16\" valign=\"top\" width=\"312\">\n<p>\n\t\t\t\t\tSabah BALTA\n\t\t\t\t<\/p>\n<\/td>\n<td valign=\"top\" width=\"192\">\n<p>\n\t\t\t\t\tDo&ccedil;. Dr.\n\t\t\t\t<\/p>\n<\/td>\n<td valign=\"top\" width=\"338\">\n<p>\n\t\t\t\t\tYa\u015far &Uuml;niversitesi\n\t\t\t\t<\/p>\n<\/td>\n<\/tr>\n<\/tbody>\n<\/table>\n<p>\n\t[\/toggle]\n<\/p>\n<p>\n\t[toggle title=&#8217;IV. Akademik Turizm E\u011fitimi Arama Konferans\u0131n\u0131n Ard\u0131ndan &#8211; Metin Teberler&#8217;]<iframe class=\"pdfjs-viewer\" width=\"100%\" height=\"849px\" src=\"https:\/\/anatoliajournal.com\/aramak\/wp-content\/plugins\/pdf-viewer\/stable\/web\/viewer.html?file=http:\/\/anatoliajournal.com\/aramak\/wp-content\/uploads\/2016\/06\/4-konf-ard-mteberler.pdf\"><\/iframe> [\/toggle]<\/p>\n","protected":false},"excerpt":{"rendered":"<p>IV. Akademik Turizm E\u011fitimi Arama Konferans\u0131 Konu Turizm Konulu Akademik Ders Kitaplar\u0131 Tarih 27 &#8211; 30 Ekim 2011 Yer Marmaris, Mu\u011fla Otel Grand Yaz\u0131c\u0131 Mares Otel,&nbsp;Marmaris Koordinat&ouml;rler Prof. Dr. Nazmi KOZAK &#8211; Prof. Dr. Metin KOZAK D&uuml;zenleyen Anatolia: Turizm Ara\u015ft\u0131rmalar\u0131 <a href=\"https:\/\/anatoliajournal.com\/aramak\/iv-konferans-marmaris-27-30-ekim-2011\/\" class=\"read-more\">Read More &#8230;<\/a><\/p>\n","protected":false},"author":2,"featured_media":0,"parent":0,"menu_order":4,"comment_status":"closed","ping_status":"closed","template":"","meta":[],"_links":{"self":[{"href":"https:\/\/anatoliajournal.com\/aramak\/wp-json\/wp\/v2\/pages\/57"}],"collection":[{"href":"https:\/\/anatoliajournal.com\/aramak\/wp-json\/wp\/v2\/pages"}],"about":[{"href":"https:\/\/anatoliajournal.com\/aramak\/wp-json\/wp\/v2\/types\/page"}],"author":[{"embeddable":true,"href":"https:\/\/anatoliajournal.com\/aramak\/wp-json\/wp\/v2\/users\/2"}],"replies":[{"embeddable":true,"href":"https:\/\/anatoliajournal.com\/aramak\/wp-json\/wp\/v2\/comments?post=57"}],"version-history":[{"count":2,"href":"https:\/\/anatoliajournal.com\/aramak\/wp-json\/wp\/v2\/pages\/57\/revisions"}],"predecessor-version":[{"id":2611,"href":"https:\/\/anatoliajournal.com\/aramak\/wp-json\/wp\/v2\/pages\/57\/revisions\/2611"}],"wp:attachment":[{"href":"https:\/\/anatoliajournal.com\/aramak\/wp-json\/wp\/v2\/media?parent=57"}],"curies":[{"name":"wp","href":"https:\/\/api.w.org\/{rel}","templated":true}]}}