 

{"id":12,"date":"2016-05-27T23:18:01","date_gmt":"2016-05-27T20:18:01","guid":{"rendered":"http:\/\/anatoliajournal.com\/aramak\/?page_id=12"},"modified":"2022-07-12T09:26:06","modified_gmt":"2022-07-12T06:26:06","slug":"iletisim","status":"publish","type":"page","link":"https:\/\/anatoliajournal.com\/aramak\/","title":{"rendered":"Ana sayfa"},"content":{"rendered":"<h2 style=\"text-align: center;\"><span style=\"color: #008080;\"><strong>Akademik Turizm E\u011fitimi Arama Konferanslar\u0131<\/strong><\/span><\/h2>\n<div style=\"text-align: justify;\">\n<p><span style=\"color: #008080;\"><strong><span style=\"font-size: 16px;\">Akademik Turizm E\u011fitim Arama Konferanslar\u0131 T\u00fcrkiye&#8217;de turizm alan\u0131nda s\u00fcreklili\u011fi olan tek d\u00fc\u015f\u00fcnce platformudur. \u0130lki, 2009 y\u0131l\u0131nda d\u00fczenlenen arama konferanslar\u0131 her seferinde turizm alan\u0131ndan farkl\u0131 bir konuda ger\u00e7ekle\u015ftirilmektedir. \u015eimdiye kadar d\u00fczenlenen 15 konferansta \u015fu konularla ele alanm\u0131\u015f ve\u00a0elde edilen sonu\u00e7lar kitap olarak yay\u0131mlanm\u0131\u015ft\u0131r:<\/span><\/strong><\/span><\/p>\n<ol>\n<li><span style=\"color: #999933;\"><strong><span style=\"font-size: 16px;\">&#8220;Lisans D\u00fczeyindeki Turizm Programlar\u0131&#8221;, <\/span><\/strong><\/span><\/li>\n<li><span style=\"color: #999933;\"><strong><span style=\"font-size: 16px;\">&#8220;Lisans\u00fcst\u00fc D\u00fczeylerdeki (Y\u00fcksek Lisans ve Doktora)\u00a0<\/span><\/strong><\/span><span style=\"color: #999933;\"><strong><span style=\"font-size: 16px;\">Turizm \u0130\u015fletmecili\u011fi Programlar\u0131&#8221;, <\/span><\/strong><\/span><\/li>\n<li><span style=\"color: #999933;\"><strong><span style=\"font-size: 16px;\">&#8220;Disiplin Olarak Turizmin Bilimsel Konumu&#8221;, <\/span><\/strong><\/span><\/li>\n<li><span style=\"color: #999933;\"><strong><span style=\"font-size: 16px;\">&#8220;Turizm Konulu Akademik Ders Kitaplar\u0131, <\/span><\/strong><\/span><\/li>\n<li><span style=\"color: #999933;\"><strong><span style=\"font-size: 16px;\">Turizm Alan\u0131nda Do\u00e7entlik S\u0131navlar\u0131: Disiplinleraras\u0131 Bir Alanda Niteli\u011fin ve Ba\u015far\u0131n\u0131n \u00d6l\u00e7\u00fctleri Neler Olmal\u0131?&#8221;<\/span><\/strong><\/span><\/li>\n<li><span style=\"color: #999933;\"><strong><span style=\"font-size: 16px;\">&#8220;Rekreasyon Y\u00f6netimi ve Rekreasyon -B\u00f6l\u00fcmlerinin Amac\u0131 ne Olmal\u0131?&#8221;<\/span><\/strong><\/span><\/li>\n<li><span style=\"color: #999933;\"><strong><span style=\"font-size: 16px;\">&#8220;Gastronomi E\u011fitimi Arama Konferans\u0131&#8221;, <\/span><\/strong><\/span><\/li>\n<li><span style=\"color: #999933;\"><strong><span style=\"font-size: 16px;\">&#8220;Turizmde Personel \u0130stihdam\u0131 Akademi-Sekt\u00f6r \u0130\u015fbirli\u011fi (Seyahat Acentac\u0131l\u0131\u011f\u0131)&#8221;,<\/span><\/strong><\/span><\/li>\n<li><span style=\"color: #999933;\"><strong><span style=\"font-size: 16px;\">&#8220;Turist Rehberli\u011fi E\u011fitimi&#8221;, <\/span><\/strong><\/span><\/li>\n<li><span style=\"color: #999933;\"><strong><span style=\"font-size: 16px;\">&#8220;\u00d6rg\u00fcn ve Yayg\u0131n E\u011fitimde Eko-Turizm Bilincinin Geli\u015ftirilmesi&#8221;, <\/span><\/strong><\/span><\/li>\n<li><span style=\"color: #999933;\"><strong><span style=\"font-size: 16px;\">&#8220;Turizm Sekt\u00f6r\u00fcndeki Krizin Kapadokya Eksenindeki Y\u00f6netimi&#8221;, <\/span><\/strong><\/span><\/li>\n<li><span style=\"color: #999933;\"><strong><span style=\"font-size: 16px;\">&#8220;KKTC Turizminin Ge\u00e7mi\u015fi, Mevcut Durumu ve Gelecekle \u0130lgili Vizyonunun Belirlenmesi&#8221;, <\/span><\/strong><\/span><\/li>\n<li><span style=\"color: #999933;\"><strong><span style=\"font-size: 16px;\">&#8220;21. Y\u00fczy\u0131lda Turizm ve Otelcilik E\u011fitimi&#8221;, <\/span><\/strong><\/span><\/li>\n<li><span style=\"color: #999933;\"><strong><span style=\"font-size: 16px;\">&#8220;Do\u011fa Turizmi Arama Konferans\u0131 ve P\u0131narba\u015f\u0131 \u00c7al\u0131\u015ftay\u0131&#8221;,<\/span><\/strong><\/span><\/li>\n<li><span style=\"color: #999933;\"><strong><span style=\"font-size: 16px;\">&#8220;Turizm Fak\u00fcltelerinin Akademik Yap\u0131lanmas\u0131 Nas\u0131l Olmal\u0131d\u0131r?&#8221;<\/span><\/strong><\/span><\/li>\n<\/ol>\n<\/div>\n","protected":false},"excerpt":{"rendered":"<p>Akademik Turizm E\u011fitimi Arama Konferanslar\u0131 Akademik Turizm E\u011fitim Arama Konferanslar\u0131 T\u00fcrkiye&#8217;de turizm alan\u0131nda s\u00fcreklili\u011fi olan tek d\u00fc\u015f\u00fcnce platformudur. \u0130lki, 2009 y\u0131l\u0131nda d\u00fczenlenen arama konferanslar\u0131 her seferinde turizm alan\u0131ndan farkl\u0131 bir konuda ger\u00e7ekle\u015ftirilmektedir. \u015eimdiye kadar d\u00fczenlenen 15 konferansta \u015fu konularla ele <a href=\"https:\/\/anatoliajournal.com\/aramak\/\" class=\"read-more\">Read More &#8230;<\/a><\/p>\n","protected":false},"author":2,"featured_media":0,"parent":0,"menu_order":0,"comment_status":"closed","ping_status":"closed","template":"","meta":[],"_links":{"self":[{"href":"https:\/\/anatoliajournal.com\/aramak\/wp-json\/wp\/v2\/pages\/12"}],"collection":[{"href":"https:\/\/anatoliajournal.com\/aramak\/wp-json\/wp\/v2\/pages"}],"about":[{"href":"https:\/\/anatoliajournal.com\/aramak\/wp-json\/wp\/v2\/types\/page"}],"author":[{"embeddable":true,"href":"https:\/\/anatoliajournal.com\/aramak\/wp-json\/wp\/v2\/users\/2"}],"replies":[{"embeddable":true,"href":"https:\/\/anatoliajournal.com\/aramak\/wp-json\/wp\/v2\/comments?post=12"}],"version-history":[{"count":29,"href":"https:\/\/anatoliajournal.com\/aramak\/wp-json\/wp\/v2\/pages\/12\/revisions"}],"predecessor-version":[{"id":3815,"href":"https:\/\/anatoliajournal.com\/aramak\/wp-json\/wp\/v2\/pages\/12\/revisions\/3815"}],"wp:attachment":[{"href":"https:\/\/anatoliajournal.com\/aramak\/wp-json\/wp\/v2\/media?parent=12"}],"curies":[{"name":"wp","href":"https:\/\/api.w.org\/{rel}","templated":true}]}}