{"id":758,"date":"2021-04-17T12:16:26","date_gmt":"2021-04-17T12:16:26","guid":{"rendered":"https:\/\/anatoliajournal.com\/akademi\/?page_id=758"},"modified":"2021-04-17T13:36:51","modified_gmt":"2021-04-17T13:36:51","slug":"mayis-ayi-soylesileri","status":"publish","type":"page","link":"https:\/\/anatoliajournal.com\/akademi\/online-soylesiler\/mayis-ayi-soylesileri\/","title":{"rendered":"May\u0131s Ay\u0131 S\u00f6yle\u015fileri"},"content":{"rendered":"\n<p class=\"has-text-align-center has-large-font-size\"><span class=\"has-inline-color has-vivid-purple-color\"><strong>May\u0131s 2021<\/strong><\/span><\/p>\n\n\n\n<p><strong><span class=\"has-inline-color has-vivid-red-color\">CANLI YAYIM ORTAM B\u0130LG\u0130LER\u0130:<\/span><\/strong><br><strong><span class=\"has-inline-color has-vivid-red-color\">Tarih:<\/span><\/strong> <strong><span class=\"has-inline-color has-vivid-cyan-blue-color\">06 May\u0131s 2021, Per\u015fembe<\/span><\/strong><br><strong><span class=\"has-inline-color has-vivid-red-color\">Saat:<\/span><\/strong> 16:00<br><strong><span class=\"has-inline-color has-vivid-red-color\">Zoom adresi:<\/span><\/strong> <a rel=\"noreferrer noopener\" href=\"https:\/\/us02web.zoom.us\/j\/82647424473\" target=\"_blank\">https:\/\/us02web.zoom.us\/j\/82647424473 <\/a> (\u015eifre gerekmiyor)<br><span class=\"has-inline-color has-vivid-red-color\"><strong>Facebook:<\/strong> <\/span><strong><em>Sosyal Bilimler Akademik B\u00fclteni<br><a href=\"https:\/\/www.facebook.com\/groups\/akademikbulten\">https:\/\/www.facebook.com\/groups\/akademikbulten<\/a><\/em><\/strong><\/p>\n\n\n\n<hr class=\"wp-block-separator\"\/>\n\n\n\n<div class=\"wp-block-group\"><div class=\"wp-block-group__inner-container is-layout-flow\">\n<div class=\"wp-block-columns is-layout-flex wp-container-8\">\n<div class=\"wp-block-column is-layout-flow\" style=\"flex-basis:100%\">\n<div class=\"wp-block-columns is-layout-flex wp-container-6\">\n<div class=\"wp-block-column is-layout-flow\">\n<div class=\"wp-block-columns is-layout-flex wp-container-4\">\n<div class=\"wp-block-column is-layout-flow\">\n<figure class=\"wp-block-image size-large is-resized\"><img decoding=\"async\" loading=\"lazy\" src=\"https:\/\/anatoliajournal.com\/akademi\/wp-content\/uploads\/2021\/04\/unnamed-edited.jpg\" alt=\"\" class=\"wp-image-778\" width=\"159\" height=\"166\"\/><\/figure>\n\n\n\n<h4 class=\"has-text-align-center wp-block-heading\"><span class=\"has-inline-color has-vivid-cyan-blue-color\">Prof. Dr. \u015e\u00fckr\u00fc Yarcan Anlat\u0131yor<\/span><\/h4>\n\n\n\n<h6 class=\"has-text-align-center wp-block-heading\"><em><em>(Bo\u011fazi\u00e7i \u00dcniversitesi<\/em><\/em>, \u0130stanbul \u00dcniversitesi, Kapadokya \u00dcniversitesi)<br><span class=\"has-inline-color has-vivid-red-color\"><strong>06 May\u0131s 2021, Per\u015fembe<\/strong><br><strong>Saat: 16.00<\/strong><\/span><\/h6>\n\n\n\n<p><\/p>\n\n\n\n<p><\/p>\n\n\n\n<p><\/p>\n\n\n\n<div class=\"wp-block-image\"><figure class=\"aligncenter size-large is-resized\"><img decoding=\"async\" loading=\"lazy\" src=\"https:\/\/anatoliajournal.com\/akademi\/wp-content\/uploads\/2021\/04\/Mumin-Erturk-edited.jpg\" alt=\"\" class=\"wp-image-781\" width=\"150\" height=\"175\"\/><\/figure><\/div>\n\n\n\n<h4 class=\"has-text-align-center wp-block-heading\"><span class=\"has-inline-color has-vivid-cyan-blue-color\">Prof. Dr. M\u00fcmin Ert\u00fcrk<\/span> <span class=\"has-inline-color has-vivid-cyan-blue-color\">Anlat\u0131yor<\/span><\/h4>\n\n\n\n<h6 class=\"has-text-align-center wp-block-heading\"><em><em>(<em>Mersin Turizm \u0130\u015fletmecili\u011fi ve Otelcilik Y\u00fcksekokulu, Nev\u015fehir Turizm \u0130\u015fletmecili\u011fi ve Otelcilik Y\u00fcksekokulu)<\/em> <\/em><\/em><br><span class=\"has-inline-color has-vivid-red-color\"><strong>27 May\u0131s 2021, Per\u015fembe<\/strong><br><strong>Saat: 16.00<\/strong><\/span><\/h6>\n\n\n\n<p><\/p>\n<\/div>\n\n\n\n<div class=\"wp-block-column is-layout-flow\">\n<figure class=\"wp-block-image size-large is-resized\"><img decoding=\"async\" loading=\"lazy\" src=\"https:\/\/anatoliajournal.com\/akademi\/wp-content\/uploads\/2021\/04\/Avni-Aker-edited.jpg\" alt=\"\" class=\"wp-image-780\" width=\"158\" height=\"165\"\/><\/figure>\n\n\n\n<h4 class=\"has-text-align-center wp-block-heading\"><span class=\"has-inline-color has-vivid-cyan-blue-color\">Avni Aker Anlat\u0131yor<\/span><\/h4>\n\n\n\n<h6 class=\"has-text-align-center wp-block-heading\"><em>(<em>Kemer OTEM, Yayg\u0131n turizm e\u011fitimi<\/em><\/em><em><em>)<\/em><\/em><br><span class=\"has-inline-color has-vivid-red-color\"><strong>13 May\u0131s 2021, Per\u015fembe<\/strong><br><strong>Saat: 16.00<\/strong><\/span><\/h6>\n\n\n\n<p><\/p>\n<\/div>\n\n\n\n<div class=\"wp-block-column is-layout-flow\">\n<figure class=\"wp-block-image size-large is-resized\"><img decoding=\"async\" loading=\"lazy\" src=\"https:\/\/anatoliajournal.com\/akademi\/wp-content\/uploads\/2021\/04\/Teoman-Alemdar-edited.jpg\" alt=\"\" class=\"wp-image-779\" width=\"144\" height=\"166\"\/><\/figure>\n\n\n\n<h4 class=\"has-text-align-center wp-block-heading\"><strong><span class=\"has-inline-color has-vivid-cyan-blue-color\">Teoman Alemdar Anlat\u0131yor<\/span><\/strong><\/h4>\n\n\n\n<h6 class=\"has-text-align-center wp-block-heading\"><em>(<em>Bilkent \u00dcniversitesi, \u00d6zye\u011fin \u00dcniversitesi)<\/em><\/em><br><strong><span class=\"has-inline-color has-vivid-red-color\"><strong>20 May\u0131s 2021, Per\u015fembe<\/strong><br><strong>Saat: 16.00<\/strong><\/span><\/strong><\/h6>\n\n\n\n<p><\/p>\n<\/div>\n<\/div>\n\n\n\n<p class=\"has-text-align-center\"><\/p>\n\n\n\n<p class=\"has-text-align-center\"><\/p>\n<\/div>\n<\/div>\n<\/div>\n<\/div>\n<\/div><\/div>\n\n\n\n<div style=\"height:30px\" aria-hidden=\"true\" class=\"wp-block-spacer\"><\/div>\n\n\n\n<hr class=\"wp-block-separator\"\/>\n","protected":false},"excerpt":{"rendered":"<p>May\u0131s 2021 CANLI YAYIM ORTAM B\u0130LG\u0130LER\u0130:Tarih: 06 May\u0131s 2021, Per\u015fembeSaat: 16:00Zoom adresi: https:\/\/us02web.zoom.us\/j\/82647424473 (\u015eifre gerekmiyor)Facebook: Sosyal Bilimler Akademik B\u00fcltenihttps:\/\/www.facebook.com\/groups\/akademikbulten Prof. Dr. \u015e\u00fckr\u00fc Yarcan Anlat\u0131yor (Bo\u011fazi\u00e7i \u00dcniversitesi, \u0130stanbul \u00dcniversitesi, Kapadokya \u00dcniversitesi)06 May\u0131s 2021, Per\u015fembeSaat: 16.00 Prof. Dr. M\u00fcmin Ert\u00fcrk Anlat\u0131yor (Mersin Turizm \u0130\u015fletmecili\u011fi ve Otelcilik Y\u00fcksekokulu, Nev\u015fehir Turizm \u0130\u015fletmecili\u011fi ve Otelcilik Y\u00fcksekokulu) 27 May\u0131s 2021, Per\u015fembeSaat: [&hellip;]<\/p>\n","protected":false},"author":1,"featured_media":0,"parent":65,"menu_order":0,"comment_status":"closed","ping_status":"closed","template":"","meta":[],"acf":[],"_links":{"self":[{"href":"https:\/\/anatoliajournal.com\/akademi\/wp-json\/wp\/v2\/pages\/758"}],"collection":[{"href":"https:\/\/anatoliajournal.com\/akademi\/wp-json\/wp\/v2\/pages"}],"about":[{"href":"https:\/\/anatoliajournal.com\/akademi\/wp-json\/wp\/v2\/types\/page"}],"author":[{"embeddable":true,"href":"https:\/\/anatoliajournal.com\/akademi\/wp-json\/wp\/v2\/users\/1"}],"replies":[{"embeddable":true,"href":"https:\/\/anatoliajournal.com\/akademi\/wp-json\/wp\/v2\/comments?post=758"}],"version-history":[{"count":12,"href":"https:\/\/anatoliajournal.com\/akademi\/wp-json\/wp\/v2\/pages\/758\/revisions"}],"predecessor-version":[{"id":785,"href":"https:\/\/anatoliajournal.com\/akademi\/wp-json\/wp\/v2\/pages\/758\/revisions\/785"}],"up":[{"embeddable":true,"href":"https:\/\/anatoliajournal.com\/akademi\/wp-json\/wp\/v2\/pages\/65"}],"wp:attachment":[{"href":"https:\/\/anatoliajournal.com\/akademi\/wp-json\/wp\/v2\/media?parent=758"}],"curies":[{"name":"wp","href":"https:\/\/api.w.org\/{rel}","templated":true}]}}