{"id":63,"date":"2020-12-24T13:31:14","date_gmt":"2020-12-24T13:31:14","guid":{"rendered":"https:\/\/anatoliajournal.com\/akademi\/?page_id=63"},"modified":"2021-01-22T18:18:20","modified_gmt":"2021-01-22T18:18:20","slug":"ocak-ayi-dersleri","status":"publish","type":"page","link":"https:\/\/anatoliajournal.com\/akademi\/online-dersler\/ocak-ayi-dersleri\/","title":{"rendered":"Ocak Ay\u0131 Dersleri"},"content":{"rendered":"\n<p class=\"has-text-align-center has-large-font-size\"><strong><span class=\"has-inline-color has-vivid-cyan-blue-color\">Ocak 2021<\/span><\/strong><\/p>\n\n\n\n<p><strong>CANLI YAYIM ORTAM B\u0130LG\u0130LER\u0130:<\/strong><br><strong>Tarih:<\/strong>\u00a0<strong><span class=\"has-inline-color has-vivid-red-color\">26 Ocak 2021, Sal\u0131<\/span><\/strong><br><strong>Saat:<\/strong>\u00a016:00<br><strong>Zoom adresi:<\/strong>\u00a0<a rel=\"noreferrer noopener\" href=\"https:\/\/us02web.zoom.us\/j\/87051294835\" target=\"_blank\">https:\/\/us02web.zoom.us\/j\/87051294835<\/a>\u00a0<em>(\u015eifre gerekmiyor)<\/em><br><strong>Facebook:<\/strong>\u00a0<strong><em>Sosyal Bilimler Akademik B\u00fclteni<br><a href=\"https:\/\/www.facebook.com\/groups\/akademikbulten\">https:\/\/www.facebook.com\/groups\/akademikbulten<\/a><\/em><\/strong><\/p>\n\n\n\n<hr class=\"wp-block-separator\"\/>\n\n\n\n<div style=\"height:30px\" aria-hidden=\"true\" class=\"wp-block-spacer\"><\/div>\n\n\n\n<div class=\"wp-block-columns are-vertically-aligned-top is-layout-flex wp-container-4\">\n<div class=\"wp-block-column is-vertically-aligned-top is-layout-flow\">\n<div class=\"wp-block-image\"><figure class=\"aligncenter size-large is-resized\"><img decoding=\"async\" loading=\"lazy\" src=\"https:\/\/anatoliajournal.com\/akademi\/wp-content\/uploads\/2020\/12\/Prof.Dr_.-Huseyin-Gul.jpg\" alt=\"Prof. Dr. H\u00fcseyin G\u00fcl\" class=\"wp-image-210\" width=\"150\" height=\"150\"\/><\/figure><\/div>\n\n\n\n<h4 class=\"has-text-align-center wp-block-heading\"><strong><span style=\"color:#007bff\" class=\"has-inline-color\">Tez Yaz\u0131m ve Do\u00e7entlik Ba\u015fvuru S\u00fcre\u00e7lerinde G\u00f6r\u00fclen Etik \u0130hlalleri<\/span><\/strong><\/h4>\n\n\n\n<p class=\"has-text-align-center\"><span class=\"has-inline-color has-black-color\"><strong>Prof. Dr. H\u00fcseyin G\u00fcl<\/strong><\/span><br><em>S\u00fcleyman Demirel \u00dcniversitesi<\/em><br><br><span class=\"has-inline-color has-vivid-red-color\"><strong>05 Ocak 2021, Sal\u0131<\/strong><br><strong>Saat: 16.00<\/strong><\/span><\/p>\n<\/div>\n\n\n\n<div class=\"wp-block-column is-vertically-aligned-top is-layout-flow\">\n<div class=\"wp-block-image\"><figure class=\"aligncenter size-large is-resized\"><img decoding=\"async\" loading=\"lazy\" src=\"https:\/\/anatoliajournal.com\/akademi\/wp-content\/uploads\/2020\/12\/Doc.Dr_.-Burcu-Senturk.jpg\" alt=\"Do\u00e7. Dr. Burcu \u015eent\u00fcrk\" class=\"wp-image-209\" width=\"150\" height=\"150\"\/><\/figure><\/div>\n\n\n\n<h4 class=\"has-text-align-center wp-block-heading\"><span style=\"color:#007bff\" class=\"has-inline-color\">S\u00f6ylem (\u0130\u00e7erik) Analizi<\/span><br><\/h4>\n\n\n\n<h5 class=\"has-text-align-center wp-block-heading\"><strong>Do\u00e7. Dr. Burcu \u015eent\u00fcrk<\/strong><\/h5>\n\n\n\n<h5 class=\"has-text-align-center wp-block-heading\"><em>Ege \u00dcniversitesi<\/em><br><br><span class=\"has-inline-color has-vivid-red-color\"><strong>13 Ocak 2021, <\/strong>\u00c7ar\u015famba<br><strong>Saat: 16.00<\/strong><\/span><\/h5>\n<\/div>\n\n\n\n<div class=\"wp-block-column is-vertically-aligned-top is-layout-flow\">\n<div class=\"wp-block-image\"><figure class=\"aligncenter size-large is-resized\"><img decoding=\"async\" loading=\"lazy\" src=\"https:\/\/anatoliajournal.com\/akademi\/wp-content\/uploads\/2020\/12\/Prof.Dr_.-Muzaffer-Uysalw.jpg\" alt=\"Prof. Dr. Muzaffer Uysal\" class=\"wp-image-211\" width=\"150\" height=\"150\" srcset=\"https:\/\/anatoliajournal.com\/akademi\/wp-content\/uploads\/2020\/12\/Prof.Dr_.-Muzaffer-Uysalw.jpg 200w, https:\/\/anatoliajournal.com\/akademi\/wp-content\/uploads\/2020\/12\/Prof.Dr_.-Muzaffer-Uysalw-150x150.jpg 150w\" sizes=\"(max-width: 150px) 100vw, 150px\" \/><\/figure><\/div>\n\n\n\n<h4 class=\"has-text-align-center wp-block-heading\"><span style=\"color:#007bff\" class=\"has-inline-color\">The Future of Tourism Studies<\/span><\/h4>\n\n\n\n<p class=\"has-text-align-center\"><strong>Prof. Dr. Muzaffer Uysal<\/strong><br><em>University of Massachusetts Amherstsi<\/em><\/p>\n\n\n\n<p class=\"has-text-align-center\"><br><strong><span class=\"has-inline-color has-vivid-red-color\">19 Ocak 2021, Sal\u0131<br>Saat: 16.00<\/span><\/strong><\/p>\n<\/div>\n<\/div>\n\n\n\n<div class=\"wp-block-columns is-layout-flex wp-container-8\">\n<div class=\"wp-block-column is-layout-flow\"><\/div>\n\n\n\n<div class=\"wp-block-column is-layout-flow\"><\/div>\n\n\n\n<div class=\"wp-block-column is-layout-flow\"><\/div>\n<\/div>\n\n\n\n<hr class=\"wp-block-separator\"\/>\n\n\n\n<div class=\"wp-block-group\"><div class=\"wp-block-group__inner-container is-layout-flow\">\n<div class=\"wp-block-columns is-layout-flex wp-container-10\">\n<div class=\"wp-block-column is-layout-flow\" style=\"flex-basis:100%\">\n<div class=\"wp-block-image\"><figure class=\"aligncenter size-large is-resized\"><img decoding=\"async\" loading=\"lazy\" src=\"https:\/\/anatoliajournal.com\/akademi\/wp-content\/uploads\/2020\/12\/ocak-panel-1024x775.jpg\" alt=\"\" class=\"wp-image-240\" width=\"612\" height=\"465\"\/><\/figure><\/div>\n<\/div>\n<\/div>\n<\/div><\/div>\n\n\n\n<h3 style=\"text-align: center;\"><span style=\"font-size: 20px; background-color: #ffffff; color: #3366ff;\"><em><strong>Derslere kat\u0131l\u0131m \u00fccretsizdir.<\/strong><\/em><\/span><\/h3>\n<hr>\n<p style=\"text-align: center;\"><em>\u0130LG\u0130L\u0130 G\u00dcN VE SAATTE DERSE KATILMAK \u0130\u00c7\u0130N A\u015eA\u011eIDAK\u0130 BA\u011eLANTILARI KULLANAB\u0130L\u0130RS\u0130N\u0130Z.<\/em><\/p>\n<p style=\"text-align: center;\"><a href=\"https:\/\/www.facebook.com\/groups\/akademikbulten\" target=\"_blank\" rel=\"noopener noreferrer\"><span style=\"color: #ff6600;\"><strong><span style=\"font-size: inherit;\">https:\/\/www.facebook.com\/groups\/akademikbulten<\/span><\/strong><\/span><\/a><\/p>\n<hr>\n<p style=\"text-align: center;\"><span style=\"font-size: 14px;\"><em>Teknik destek:<\/em> <strong><span style=\"color: #800000;\">Ara\u015f. G\u00f6r. \u00c7a\u011fda\u015f AYDIN<\/span><\/strong><\/span><br><span style=\"font-size: 14px;\">E-posta: aydincagdass@gmail.com&nbsp;<\/span><\/p>\n\n\n\n<iframe loading=\"lazy\" src=\"https:\/\/docs.google.com\/forms\/d\/e\/1FAIpQLSfLNp-9V-nFy8tjFj_ntsyOUl6HIq75710mYf-BtccTBOag6g\/viewform?embedded=true\" width=\"640\" height=\"1492\" frameborder=\"0\" marginheight=\"0\" marginwidth=\"0\">Y\u00fckleniyor\u2026<\/iframe>\n\n\n\n<figure class=\"wp-block-image size-large\"><img decoding=\"async\" src=\"http:\/\/www.anatolia.coderns.com\/wp-content\/uploads\/2020\/12\/Yeni-Microsoft-Word-Belgesi-3-1024x397.jpg\" alt=\"\" class=\"wp-image-323\"\/><\/figure>\n","protected":false},"excerpt":{"rendered":"<p>Ocak 2021 CANLI YAYIM ORTAM B\u0130LG\u0130LER\u0130:Tarih:\u00a026 Ocak 2021, Sal\u0131Saat:\u00a016:00Zoom adresi:\u00a0https:\/\/us02web.zoom.us\/j\/87051294835\u00a0(\u015eifre gerekmiyor)Facebook:\u00a0Sosyal Bilimler Akademik B\u00fcltenihttps:\/\/www.facebook.com\/groups\/akademikbulten Tez Yaz\u0131m ve Do\u00e7entlik Ba\u015fvuru S\u00fcre\u00e7lerinde G\u00f6r\u00fclen Etik \u0130hlalleri Prof. Dr. H\u00fcseyin G\u00fclS\u00fcleyman Demirel \u00dcniversitesi 05 Ocak 2021, Sal\u0131Saat: 16.00 S\u00f6ylem (\u0130\u00e7erik) Analizi Do\u00e7. Dr. Burcu \u015eent\u00fcrk Ege \u00dcniversitesi 13 Ocak 2021, \u00c7ar\u015fambaSaat: 16.00 The Future of Tourism Studies Prof. Dr. [&hellip;]<\/p>\n","protected":false},"author":1,"featured_media":0,"parent":55,"menu_order":0,"comment_status":"closed","ping_status":"closed","template":"","meta":[],"acf":[],"_links":{"self":[{"href":"https:\/\/anatoliajournal.com\/akademi\/wp-json\/wp\/v2\/pages\/63"}],"collection":[{"href":"https:\/\/anatoliajournal.com\/akademi\/wp-json\/wp\/v2\/pages"}],"about":[{"href":"https:\/\/anatoliajournal.com\/akademi\/wp-json\/wp\/v2\/types\/page"}],"author":[{"embeddable":true,"href":"https:\/\/anatoliajournal.com\/akademi\/wp-json\/wp\/v2\/users\/1"}],"replies":[{"embeddable":true,"href":"https:\/\/anatoliajournal.com\/akademi\/wp-json\/wp\/v2\/comments?post=63"}],"version-history":[{"count":11,"href":"https:\/\/anatoliajournal.com\/akademi\/wp-json\/wp\/v2\/pages\/63\/revisions"}],"predecessor-version":[{"id":362,"href":"https:\/\/anatoliajournal.com\/akademi\/wp-json\/wp\/v2\/pages\/63\/revisions\/362"}],"up":[{"embeddable":true,"href":"https:\/\/anatoliajournal.com\/akademi\/wp-json\/wp\/v2\/pages\/55"}],"wp:attachment":[{"href":"https:\/\/anatoliajournal.com\/akademi\/wp-json\/wp\/v2\/media?parent=63"}],"curies":[{"name":"wp","href":"https:\/\/api.w.org\/{rel}","templated":true}]}}