{"id":59,"date":"2020-12-24T13:30:35","date_gmt":"2020-12-24T13:30:35","guid":{"rendered":"https:\/\/anatoliajournal.com\/akademi\/?page_id=59"},"modified":"2020-12-25T10:29:53","modified_gmt":"2020-12-25T10:29:53","slug":"kasim-ayi-dersleri","status":"publish","type":"page","link":"https:\/\/anatoliajournal.com\/akademi\/online-dersler\/kasim-ayi-dersleri\/","title":{"rendered":"Kas\u0131m Ay\u0131 Dersleri"},"content":{"rendered":"\n<h1 class=\"has-text-align-center wp-block-heading\"><span style=\"font-size: 36px;\"><strong><span style=\"color: #0000ff;\"><span class=\"has-inline-color has-vivid-cyan-blue-color\">Kas\u0131m 2020<\/span><\/span><\/strong><\/span><\/h1>\n\n\n\n<hr class=\"wp-block-separator\"\/>\n\n\n\n<div style=\"height:30px\" aria-hidden=\"true\" class=\"wp-block-spacer\"><\/div>\n\n\n\n<div class=\"wp-block-columns are-vertically-aligned-top is-layout-flex wp-container-4\">\n<div class=\"wp-block-column is-vertically-aligned-top is-layout-flow\">\n<div class=\"wp-block-image\"><figure class=\"aligncenter size-large is-resized\"><img decoding=\"async\" loading=\"lazy\" src=\"https:\/\/anatoliajournal.com\/akademi\/wp-content\/uploads\/2020\/12\/Mummar-tuna-1.jpg\" alt=\"\" class=\"wp-image-152\" width=\"150\" height=\"150\"\/><\/figure><\/div>\n\n\n\n<h4 class=\"has-text-align-center wp-block-heading\"><strong><span style=\"color:#007bff\" class=\"has-inline-color\">Pandeminin Sosyolojisi<\/span><\/strong><\/h4>\n\n\n\n<p class=\"has-text-align-center\"><span class=\"has-inline-color has-black-color\"><strong>Prof. Dr. Muammer Tuna<\/strong><\/span><\/p>\n\n\n\n<p class=\"has-text-align-center\"><em>Mu\u011fla S\u0131tk\u0131 Ko\u00e7man \u00dcniversitesi<\/em><\/p>\n\n\n\n<p class=\"has-text-align-center\"><br><strong>03 Kas\u0131m 2020, Sal\u0131<\/strong><br><strong>Saat: 16.00<\/strong><\/p>\n<\/div>\n\n\n\n<div class=\"wp-block-column is-vertically-aligned-top is-layout-flow\">\n<div class=\"wp-block-image\"><figure class=\"aligncenter size-large\"><img decoding=\"async\" loading=\"lazy\" width=\"150\" height=\"150\" src=\"https:\/\/anatoliajournal.com\/akademi\/wp-content\/uploads\/2020\/12\/Nazmi-Kozak.jpg\" alt=\"Prof. Dr. Nazmi Kozak\" class=\"wp-image-99\"\/><\/figure><\/div>\n\n\n\n<h4 class=\"has-text-align-center wp-block-heading\"><span style=\"color:#007bff\" class=\"has-inline-color\">Bilimsel \u0130leti\u015fimde Dergilerin Yeri ve \u00d6nemi<\/span><\/h4>\n\n\n\n<p class=\"has-text-align-center\"><strong><span class=\"has-inline-color has-black-color\">Prof. Dr. Nazmi Kozak<\/span><\/strong><\/p>\n\n\n\n<p class=\"has-text-align-center\"><em>Anadolu \u00dcniversitesi&nbsp;<\/em><\/p>\n\n\n\n<p class=\"has-text-align-center\"><br><strong>11 Kas\u0131m 2020, \u00c7ar\u015famba<\/strong><br><strong>Saat: 16.00<\/strong><\/p>\n<\/div>\n\n\n\n<div class=\"wp-block-column is-vertically-aligned-top is-layout-flow\">\n<div class=\"wp-block-image\"><figure class=\"aligncenter size-large\"><img decoding=\"async\" loading=\"lazy\" width=\"150\" height=\"150\" src=\"https:\/\/anatoliajournal.com\/akademi\/wp-content\/uploads\/2020\/12\/Cathy-Hsu_3x_web.jpg\" alt=\"Prof. Dr. Cathy Hsu\" class=\"wp-image-89\"\/><\/figure><\/div>\n\n\n\n<h4 class=\"has-text-align-center wp-block-heading\"><span style=\"color:#007bff\" class=\"has-inline-color\">An Editor&#8217;s Observations During The Pandemic<\/span><\/h4>\n\n\n\n<p class=\"has-text-align-center\"><strong><span class=\"has-inline-color has-black-color\">Cathy Hsu<\/span><\/strong><\/p>\n\n\n\n<p class=\"has-text-align-center\"><em>Editor-in-chief, Tourism Management<\/em><\/p>\n\n\n\n<p class=\"has-text-align-center\">Hong Kong Polytechnic University, SAR China<\/p>\n\n\n\n<p class=\"has-text-align-center\"><strong>17 Kas\u0131m 2020, Sal\u0131<br>Saat: 16.00<\/strong><\/p>\n<\/div>\n<\/div>\n\n\n\n<hr class=\"wp-block-separator\"\/>\n\n\n\n<p class=\"has-text-align-center has-medium-font-size\"><strong><em><span style=\"color:#007bff\" class=\"has-inline-color\">Derslere Kat\u0131l\u0131m \u00dccretsizdir<\/span><\/em><\/strong><\/p>\n\n\n\n<hr class=\"wp-block-separator\"\/>\n\n\n\n<p class=\"has-text-align-center\"><em>\u0130LG\u0130L\u0130 G\u00dcN VE SAATTE DERSE KATILMAK \u0130\u00c7\u0130N A\u015eA\u011eIDAK\u0130 BA\u011eLANTILARI KULLANAB\u0130L\u0130RS\u0130N\u0130Z.<\/em><\/p>\n\n\n\n<p class=\"has-text-align-center\"><a href=\"https:\/\/www.facebook.com\/groups\/akademikbulten\" target=\"_blank\" rel=\"noreferrer noopener\">https:\/\/www.facebook.com\/groups\/akademikbulten<\/a><\/p>\n\n\n\n<hr class=\"wp-block-separator\"\/>\n\n\n\n<p class=\"has-text-align-center\"><span style=\"font-size: 14px;\"><em>Teknik destek:<\/em> <strong><span style=\"color: #800000;\">Ara\u015f. G\u00f6r. \u00c7a\u011fda\u015f AYDIN<\/span><\/strong><\/span><br><span style=\"font-size: 14px;\">E-posta: aydincagdass@gmail.com&nbsp;<\/span><\/p>\n\n\n\n<div class=\"wp-block-image\"><figure class=\"aligncenter size-large is-resized\"><img decoding=\"async\" loading=\"lazy\" src=\"https:\/\/anatoliajournal.com\/akademi\/wp-content\/uploads\/2020\/12\/panel-kasim.jpg\" alt=\"\" class=\"wp-image-154\" width=\"768\" height=\"578\" srcset=\"https:\/\/anatoliajournal.com\/akademi\/wp-content\/uploads\/2020\/12\/panel-kasim.jpg 1024w, https:\/\/anatoliajournal.com\/akademi\/wp-content\/uploads\/2020\/12\/panel-kasim-300x226.jpg 300w, https:\/\/anatoliajournal.com\/akademi\/wp-content\/uploads\/2020\/12\/panel-kasim-768x578.jpg 768w\" sizes=\"(max-width: 768px) 100vw, 768px\" \/><\/figure><\/div>\n\n\n\n<iframe loading=\"lazy\" src=\"https:\/\/docs.google.com\/forms\/d\/e\/1FAIpQLSfLNp-9V-nFy8tjFj_ntsyOUl6HIq75710mYf-BtccTBOag6g\/viewform?embedded=true\" width=\"640\" height=\"1492\" frameborder=\"0\" marginheight=\"0\" marginwidth=\"0\">Y\u00fckleniyor\u2026<\/iframe>\n\n\n\n<figure class=\"wp-block-image size-large\"><img decoding=\"async\" src=\"http:\/\/www.anatolia.coderns.com\/wp-content\/uploads\/2020\/12\/Yeni-Microsoft-Word-Belgesi-1-1024x397.jpg\" alt=\"\" class=\"wp-image-319\"\/><\/figure>\n","protected":false},"excerpt":{"rendered":"<p>Kas\u0131m 2020 Pandeminin Sosyolojisi Prof. Dr. Muammer Tuna Mu\u011fla S\u0131tk\u0131 Ko\u00e7man \u00dcniversitesi 03 Kas\u0131m 2020, Sal\u0131Saat: 16.00 Bilimsel \u0130leti\u015fimde Dergilerin Yeri ve \u00d6nemi Prof. Dr. Nazmi Kozak Anadolu \u00dcniversitesi&nbsp; 11 Kas\u0131m 2020, \u00c7ar\u015fambaSaat: 16.00 An Editor&#8217;s Observations During The Pandemic Cathy Hsu Editor-in-chief, Tourism Management Hong Kong Polytechnic University, SAR China 17 Kas\u0131m 2020, Sal\u0131Saat: [&hellip;]<\/p>\n","protected":false},"author":1,"featured_media":0,"parent":55,"menu_order":0,"comment_status":"closed","ping_status":"closed","template":"","meta":[],"acf":[],"_links":{"self":[{"href":"https:\/\/anatoliajournal.com\/akademi\/wp-json\/wp\/v2\/pages\/59"}],"collection":[{"href":"https:\/\/anatoliajournal.com\/akademi\/wp-json\/wp\/v2\/pages"}],"about":[{"href":"https:\/\/anatoliajournal.com\/akademi\/wp-json\/wp\/v2\/types\/page"}],"author":[{"embeddable":true,"href":"https:\/\/anatoliajournal.com\/akademi\/wp-json\/wp\/v2\/users\/1"}],"replies":[{"embeddable":true,"href":"https:\/\/anatoliajournal.com\/akademi\/wp-json\/wp\/v2\/comments?post=59"}],"version-history":[{"count":4,"href":"https:\/\/anatoliajournal.com\/akademi\/wp-json\/wp\/v2\/pages\/59\/revisions"}],"predecessor-version":[{"id":280,"href":"https:\/\/anatoliajournal.com\/akademi\/wp-json\/wp\/v2\/pages\/59\/revisions\/280"}],"up":[{"embeddable":true,"href":"https:\/\/anatoliajournal.com\/akademi\/wp-json\/wp\/v2\/pages\/55"}],"wp:attachment":[{"href":"https:\/\/anatoliajournal.com\/akademi\/wp-json\/wp\/v2\/media?parent=59"}],"curies":[{"name":"wp","href":"https:\/\/api.w.org\/{rel}","templated":true}]}}