{"id":447,"date":"2021-02-04T11:02:29","date_gmt":"2021-02-04T11:02:29","guid":{"rendered":"https:\/\/anatoliajournal.com\/akademi\/?page_id=447"},"modified":"2021-03-25T09:57:21","modified_gmt":"2021-03-25T09:57:21","slug":"mart-ayi-dersleri","status":"publish","type":"page","link":"https:\/\/anatoliajournal.com\/akademi\/online-dersler\/mart-ayi-dersleri\/","title":{"rendered":"Mart Ay\u0131 Dersleri"},"content":{"rendered":"\n<p class=\"has-text-align-center has-large-font-size\"><strong><span class=\"has-inline-color has-vivid-cyan-blue-color\">Mart 2021<\/span><\/strong><\/p>\n\n\n\n<p><strong>CANLI YAYIM ORTAM B\u0130LG\u0130LER\u0130:<\/strong><br><strong>Tarih:<\/strong>\u00a0<strong><span class=\"has-inline-color has-vivid-red-color\">30 Mart, 2021, <\/span><\/strong>Sal\u0131<br><strong>Saat:<\/strong>\u00a016:00<br><strong>Zoom adresi:<\/strong><a rel=\"noreferrer noopener\" href=\"https:\/\/us02web.zoom.us\/j\/82784666621\" target=\"_blank\"> <\/a><a href=\"https:\/\/us02web.zoom.us\/j\/84547373863\" target=\"_blank\" rel=\"noreferrer noopener\">https:\/\/us02web.zoom.us\/j\/84547373863<\/a> (\u015eifre gerekmiyor)<br><strong>Facebook:<\/strong>\u00a0<strong><em>Sosyal Bilimler Akademik B\u00fclteni<br><a href=\"https:\/\/www.facebook.com\/groups\/akademikbulten\">https:\/\/www.facebook.com\/groups\/akademikbulten<\/a><\/em><\/strong><\/p>\n\n\n\n<hr class=\"wp-block-separator\"\/>\n\n\n\n<div style=\"height:30px\" aria-hidden=\"true\" class=\"wp-block-spacer\"><\/div>\n\n\n\n<div class=\"wp-block-columns are-vertically-aligned-top is-layout-flex wp-container-4\">\n<div class=\"wp-block-column is-vertically-aligned-top is-layout-flow\">\n<figure class=\"wp-block-image size-large is-resized\"><img decoding=\"async\" loading=\"lazy\" src=\"https:\/\/anatoliajournal.com\/akademi\/wp-content\/uploads\/2021\/02\/Prof.Dr_.-Nilgun-Celebi.jpg\" alt=\"\" class=\"wp-image-454\" width=\"135\" height=\"154\"\/><\/figure>\n\n\n\n<h4 class=\"has-text-align-center wp-block-heading\"><strong><span style=\"color:#007bff\" class=\"has-inline-color\">Nicel Tekniklerden Nitel Tekniklere<\/span><\/strong><\/h4>\n\n\n\n<p class=\"has-text-align-center\"><span class=\"has-inline-color has-black-color\"><strong>Prof. Dr. Nilg\u00fcn \u00c7elebi<\/strong><\/span><br><em>Mu\u011fla S\u0131tk\u0131 Ko\u00e7man \u00dcniversitesi Emekli \u00d6\u011fretim \u00dcye<\/em>si<br><span class=\"has-inline-color has-vivid-red-color\"><strong>02 Mart 2021, Sal\u0131<\/strong><br><strong>Saat: 16.00<\/strong><\/span><\/p>\n<\/div>\n\n\n\n<div class=\"wp-block-column is-vertically-aligned-top is-layout-flow\">\n<figure class=\"wp-block-image size-large is-resized\"><img decoding=\"async\" loading=\"lazy\" src=\"https:\/\/anatoliajournal.com\/akademi\/wp-content\/uploads\/2021\/02\/Fatma-lorcu.jpg\" alt=\"\" class=\"wp-image-455\" width=\"121\" height=\"152\" srcset=\"https:\/\/anatoliajournal.com\/akademi\/wp-content\/uploads\/2021\/02\/Fatma-lorcu.jpg 317w, https:\/\/anatoliajournal.com\/akademi\/wp-content\/uploads\/2021\/02\/Fatma-lorcu-238x300.jpg 238w\" sizes=\"(max-width: 121px) 100vw, 121px\" \/><\/figure>\n\n\n\n<h4 class=\"has-text-align-center wp-block-heading\"><span style=\"color:#007bff\" class=\"has-inline-color\">SPSS ve Mant\u0131\u011f\u0131<\/span><br><\/h4>\n\n\n\n<h5 class=\"has-text-align-center wp-block-heading\"><strong>Prof. Dr. Fatma Lorcu<\/strong><br><em>Trakya \u00dcniversitesi<\/em><br><span class=\"has-inline-color has-vivid-red-color\"><strong>9 Mart 2021, <\/strong>Sal\u0131<br><strong>Saat: 16.00<\/strong><\/span><\/h5>\n<\/div>\n\n\n\n<div class=\"wp-block-column is-vertically-aligned-top is-layout-flow\">\n<figure class=\"wp-block-image size-large is-resized\"><img decoding=\"async\" loading=\"lazy\" src=\"https:\/\/anatoliajournal.com\/akademi\/wp-content\/uploads\/2021\/02\/Bulent-Agaoglu.jpg\" alt=\"\" class=\"wp-image-456\" width=\"109\" height=\"150\" srcset=\"https:\/\/anatoliajournal.com\/akademi\/wp-content\/uploads\/2021\/02\/Bulent-Agaoglu.jpg 304w, https:\/\/anatoliajournal.com\/akademi\/wp-content\/uploads\/2021\/02\/Bulent-Agaoglu-218x300.jpg 218w\" sizes=\"(max-width: 109px) 100vw, 109px\" \/><\/figure>\n\n\n\n<h5 class=\"has-text-align-center wp-block-heading\"><span style=\"color:#007bff\" class=\"has-inline-color\">Bibliyografya nedir? Bibliyografya \u00c7al\u0131\u015fmalar\u0131n\u0131n Faydalar\u0131 Nelerdir? Katip \u00c7elebi&#8217;den Bug\u00fcne T\u00fcrkiye&#8217;de \u00d6nc\u00fc Bibliyograflar<\/span><\/h5>\n\n\n\n<h5 class=\"has-text-align-center wp-block-heading\" id=\"block-cae79809-88b4-41f0-ae39-0b88d21c42de\"><strong>B\u00fclent A\u011fao\u011flu<\/strong><br><em>Bibliyog<\/em>raf<\/h5>\n\n\n\n<p class=\"has-text-align-center\"><strong><span class=\"has-inline-color has-vivid-red-color\">16 Mart 2021, Sal\u0131<br>Saat: 16.00<\/span><\/strong><\/p>\n<\/div>\n<\/div>\n\n\n\n<div class=\"wp-block-columns is-layout-flex wp-container-8\">\n<div class=\"wp-block-column is-layout-flow\"><\/div>\n\n\n\n<div class=\"wp-block-column is-layout-flow\">\n<figure class=\"wp-block-image size-large is-resized\"><img decoding=\"async\" loading=\"lazy\" src=\"https:\/\/anatoliajournal.com\/akademi\/wp-content\/uploads\/2021\/02\/Prof.-Dr.-Nadir-Sugur.jpg\" alt=\"\" class=\"wp-image-461\" width=\"133\" height=\"137\" srcset=\"https:\/\/anatoliajournal.com\/akademi\/wp-content\/uploads\/2021\/02\/Prof.-Dr.-Nadir-Sugur.jpg 378w, https:\/\/anatoliajournal.com\/akademi\/wp-content\/uploads\/2021\/02\/Prof.-Dr.-Nadir-Sugur-290x300.jpg 290w\" sizes=\"(max-width: 133px) 100vw, 133px\" \/><\/figure>\n\n\n\n<h4 class=\"wp-block-heading\"><span class=\"has-inline-color has-vivid-cyan-blue-color\">Sosyal Bilim Felsefesi<\/span><\/h4>\n<\/div>\n\n\n\n<div class=\"wp-block-column is-layout-flow\"><\/div>\n<\/div>\n\n\n\n<h5 class=\"has-text-align-center wp-block-heading\"><strong>Prof. Dr. Nadir Su\u011fur<\/strong><br><em>Anadolu \u00dcniversitesi<\/em><br><span class=\"has-inline-color has-vivid-red-color\"><strong>24 Mart 2021, <\/strong>\u00c7ar\u015famba<br><strong>Saat: 16.00<\/strong><\/span><\/h5>\n\n\n\n<hr class=\"wp-block-separator\"\/>\n\n\n\n<div class=\"wp-block-group\"><div class=\"wp-block-group__inner-container is-layout-flow\">\n<div class=\"wp-block-columns is-layout-flex wp-container-10\">\n<div class=\"wp-block-column is-layout-flow\" style=\"flex-basis:100%\">\n<div class=\"wp-block-image\"><figure class=\"aligncenter size-large is-resized\"><img decoding=\"async\" loading=\"lazy\" src=\"https:\/\/anatoliajournal.com\/akademi\/wp-content\/uploads\/2021\/02\/Backup_of_aralik-panel-2-1024x769.jpg\" alt=\"\" class=\"wp-image-487\" width=\"753\" height=\"565\" srcset=\"https:\/\/anatoliajournal.com\/akademi\/wp-content\/uploads\/2021\/02\/Backup_of_aralik-panel-2-1024x769.jpg 1024w, https:\/\/anatoliajournal.com\/akademi\/wp-content\/uploads\/2021\/02\/Backup_of_aralik-panel-2-300x225.jpg 300w, https:\/\/anatoliajournal.com\/akademi\/wp-content\/uploads\/2021\/02\/Backup_of_aralik-panel-2-768x577.jpg 768w, https:\/\/anatoliajournal.com\/akademi\/wp-content\/uploads\/2021\/02\/Backup_of_aralik-panel-2-1536x1154.jpg 1536w, https:\/\/anatoliajournal.com\/akademi\/wp-content\/uploads\/2021\/02\/Backup_of_aralik-panel-2-2048x1539.jpg 2048w\" sizes=\"(max-width: 753px) 100vw, 753px\" \/><\/figure><\/div>\n<\/div>\n<\/div>\n<\/div><\/div>\n\n\n\n<h3 style=\"text-align: center;\"><span style=\"font-size: 20px; background-color: #ffffff; color: #3366ff;\"><em><strong>Derslere kat\u0131l\u0131m \u00fccretsizdir.<\/strong><\/em><\/span><\/h3>\n<hr>\n<p style=\"text-align: center;\"><em>\u0130LG\u0130L\u0130 G\u00dcN VE SAATTE DERSE KATILMAK \u0130\u00c7\u0130N A\u015eA\u011eIDAK\u0130 BA\u011eLANTILARI KULLANAB\u0130L\u0130RS\u0130N\u0130Z.<\/em><\/p>\n<p style=\"text-align: center;\"><a href=\"https:\/\/www.facebook.com\/groups\/akademikbulten\" target=\"_blank\" rel=\"noopener noreferrer\"><span style=\"color: #ff6600;\"><strong><span style=\"font-size: inherit;\">https:\/\/www.facebook.com\/groups\/akademikbulten<\/span><\/strong><\/span><\/a><\/p>\n<hr>\n<p style=\"text-align: center;\"><span style=\"font-size: 14px;\"><em>Teknik destek:<\/em> <strong><span style=\"color: #800000;\">Ara\u015f. G\u00f6r. \u00c7a\u011fda\u015f AYDIN<\/span><\/strong><\/span><br><span style=\"font-size: 14px;\">E-posta: aydincagdass@gmail.com&nbsp;<\/span><\/p>\n\n\n\n<iframe loading=\"lazy\" src=\"https:\/\/docs.google.com\/forms\/d\/e\/1FAIpQLSfLNp-9V-nFy8tjFj_ntsyOUl6HIq75710mYf-BtccTBOag6g\/viewform?embedded=true\" width=\"640\" height=\"1492\" frameborder=\"0\" marginheight=\"0\" marginwidth=\"0\">Y\u00fckleniyor\u2026<\/iframe>\n\n\n\n<figure class=\"wp-block-image size-large\"><img decoding=\"async\" src=\"http:\/\/www.anatolia.coderns.com\/wp-content\/uploads\/2020\/12\/Yeni-Microsoft-Word-Belgesi-3-1024x397.jpg\" alt=\"\" class=\"wp-image-323\"\/><\/figure>\n","protected":false},"excerpt":{"rendered":"<p>Mart 2021 CANLI YAYIM ORTAM B\u0130LG\u0130LER\u0130:Tarih:\u00a030 Mart, 2021, Sal\u0131Saat:\u00a016:00Zoom adresi: https:\/\/us02web.zoom.us\/j\/84547373863 (\u015eifre gerekmiyor)Facebook:\u00a0Sosyal Bilimler Akademik B\u00fcltenihttps:\/\/www.facebook.com\/groups\/akademikbulten Nicel Tekniklerden Nitel Tekniklere Prof. Dr. Nilg\u00fcn \u00c7elebiMu\u011fla S\u0131tk\u0131 Ko\u00e7man \u00dcniversitesi Emekli \u00d6\u011fretim \u00dcyesi02 Mart 2021, Sal\u0131Saat: 16.00 SPSS ve Mant\u0131\u011f\u0131 Prof. Dr. Fatma LorcuTrakya \u00dcniversitesi9 Mart 2021, Sal\u0131Saat: 16.00 Bibliyografya nedir? Bibliyografya \u00c7al\u0131\u015fmalar\u0131n\u0131n Faydalar\u0131 Nelerdir? Katip \u00c7elebi&#8217;den Bug\u00fcne [&hellip;]<\/p>\n","protected":false},"author":1,"featured_media":0,"parent":55,"menu_order":0,"comment_status":"closed","ping_status":"closed","template":"","meta":[],"acf":[],"_links":{"self":[{"href":"https:\/\/anatoliajournal.com\/akademi\/wp-json\/wp\/v2\/pages\/447"}],"collection":[{"href":"https:\/\/anatoliajournal.com\/akademi\/wp-json\/wp\/v2\/pages"}],"about":[{"href":"https:\/\/anatoliajournal.com\/akademi\/wp-json\/wp\/v2\/types\/page"}],"author":[{"embeddable":true,"href":"https:\/\/anatoliajournal.com\/akademi\/wp-json\/wp\/v2\/users\/1"}],"replies":[{"embeddable":true,"href":"https:\/\/anatoliajournal.com\/akademi\/wp-json\/wp\/v2\/comments?post=447"}],"version-history":[{"count":31,"href":"https:\/\/anatoliajournal.com\/akademi\/wp-json\/wp\/v2\/pages\/447\/revisions"}],"predecessor-version":[{"id":698,"href":"https:\/\/anatoliajournal.com\/akademi\/wp-json\/wp\/v2\/pages\/447\/revisions\/698"}],"up":[{"embeddable":true,"href":"https:\/\/anatoliajournal.com\/akademi\/wp-json\/wp\/v2\/pages\/55"}],"wp:attachment":[{"href":"https:\/\/anatoliajournal.com\/akademi\/wp-json\/wp\/v2\/media?parent=447"}],"curies":[{"name":"wp","href":"https:\/\/api.w.org\/{rel}","templated":true}]}}