{"id":370,"date":"2021-01-26T16:02:43","date_gmt":"2021-01-26T16:02:43","guid":{"rendered":"https:\/\/anatoliajournal.com\/akademi\/?page_id=370"},"modified":"2021-02-19T09:45:45","modified_gmt":"2021-02-19T09:45:45","slug":"subat-ayi-dersleri","status":"publish","type":"page","link":"https:\/\/anatoliajournal.com\/akademi\/online-dersler\/subat-ayi-dersleri\/","title":{"rendered":"\u015eubat Ay\u0131 Dersleri"},"content":{"rendered":"\n<p class=\"has-text-align-center has-large-font-size\"><strong><span class=\"has-inline-color has-vivid-cyan-blue-color\">\u015eubat 2021<\/span><\/strong><\/p>\n\n\n\n<p><strong>CANLI YAYIM ORTAM B\u0130LG\u0130LER\u0130:<\/strong><br><strong>Tarih:<\/strong>\u00a0<strong><span class=\"has-inline-color has-vivid-red-color\">23 \u015eubat 2021, Sal\u0131<\/span><\/strong><br><strong>Saat:<\/strong>\u00a016:00<br><strong>Zoom adresi:<\/strong>\u00a0<a rel=\"noreferrer noopener\" href=\"https:\/\/us02web.zoom.us\/j\/82201519945\" target=\"_blank\">https:\/\/us02web.zoom.us\/j\/82201519945 <\/a>(\u015eifre gerekmiyor)<br><strong>Facebook:<\/strong>\u00a0<strong><em>Sosyal Bilimler Akademik B\u00fclteni<br><a href=\"https:\/\/www.facebook.com\/groups\/akademikbulten\">https:\/\/www.facebook.com\/groups\/akademikbulten<\/a><\/em><\/strong><\/p>\n\n\n\n<hr class=\"wp-block-separator\"\/>\n\n\n\n<div style=\"height:30px\" aria-hidden=\"true\" class=\"wp-block-spacer\"><\/div>\n\n\n\n<div class=\"wp-block-columns are-vertically-aligned-top is-layout-flex wp-container-4\">\n<div class=\"wp-block-column is-vertically-aligned-top is-layout-flow\">\n<figure class=\"wp-block-image size-large\"><img decoding=\"async\" loading=\"lazy\" width=\"150\" height=\"150\" src=\"https:\/\/anatoliajournal.com\/akademi\/wp-content\/uploads\/2020\/12\/otutuncu-team.png\" alt=\"Prof. Dr. \u00d6zkan T\u00fct\u00fcnc\u00fc\" class=\"wp-image-100\"\/><\/figure>\n\n\n\n<h4 class=\"has-text-align-center wp-block-heading\"><strong><span style=\"color:#007bff\" class=\"has-inline-color\">Yap\u0131sal Ge\u00e7erlik Analizi<\/span><\/strong><\/h4>\n\n\n\n<p class=\"has-text-align-center\"><span class=\"has-inline-color has-black-color\"><strong>Prof. Dr. \u00d6zkan T\u00fct\u00fcnc\u00fc<\/strong><\/span><br><em>Dokuz Eyl\u00fcl \u00dcniversitesi<\/em><br><span class=\"has-inline-color has-vivid-red-color\"><strong>03 \u015eubat 2021, \u00c7ar\u015famba<\/strong><br><strong>Saat: 16.00<\/strong><\/span><\/p>\n<\/div>\n\n\n\n<div class=\"wp-block-column is-vertically-aligned-top is-layout-flow\">\n<figure class=\"wp-block-image size-large is-resized\"><img decoding=\"async\" loading=\"lazy\" src=\"https:\/\/anatoliajournal.com\/akademi\/wp-content\/uploads\/2021\/01\/Belkis-Kummetoglu.jpg\" alt=\"\" class=\"wp-image-379\" width=\"141\" height=\"148\"\/><\/figure>\n\n\n\n<h4 class=\"has-text-align-center wp-block-heading\"><span style=\"color:#007bff\" class=\"has-inline-color\">Nitel Veri Analizi<\/span><br><\/h4>\n\n\n\n<h5 class=\"has-text-align-center wp-block-heading\"><strong>Prof. Dr. Belk\u0131s K\u00fcmbeto\u011flu<\/strong><br><em>Marmara \u00dcniversitesi Emekli \u00d6\u011fretim \u00dcyesi<\/em><br><span class=\"has-inline-color has-vivid-red-color\"><strong>9 \u015eubat 2021, <\/strong>Sal\u0131<br><strong>Saat: 16.00<\/strong><\/span><\/h5>\n<\/div>\n\n\n\n<div class=\"wp-block-column is-vertically-aligned-top is-layout-flow\">\n<figure class=\"wp-block-image size-large is-resized\"><img decoding=\"async\" loading=\"lazy\" src=\"https:\/\/anatoliajournal.com\/akademi\/wp-content\/uploads\/2021\/01\/Prof.-Arch-Woodside.jpg\" alt=\"\" class=\"wp-image-381\" width=\"106\" height=\"149\"\/><\/figure>\n\n\n\n<h5 class=\"has-text-align-center wp-block-heading\"><span style=\"color:#007bff\" class=\"has-inline-color\">Shifting away from twelve pervasively bad to valid science practices in marketing and consumer behavior research: Advances since the 2016 manifesto<\/span><\/h5>\n\n\n\n<h5 class=\"has-text-align-center wp-block-heading\" id=\"block-cae79809-88b4-41f0-ae39-0b88d21c42de\"><strong>Prof. Dr. Arch Woodside<\/strong><br><em>Boston College, <\/em>ABD<\/h5>\n\n\n\n<p class=\"has-text-align-center\"><strong><span class=\"has-inline-color has-vivid-red-color\">16 \u015eubat 2021, Sal\u0131<br>Saat: 17.00<\/span><\/strong><\/p>\n<\/div>\n<\/div>\n\n\n\n<div class=\"wp-block-columns is-layout-flex wp-container-8\">\n<div class=\"wp-block-column is-layout-flow\"><\/div>\n\n\n\n<div class=\"wp-block-column is-layout-flow\"><\/div>\n\n\n\n<div class=\"wp-block-column is-layout-flow\"><\/div>\n<\/div>\n\n\n\n<hr class=\"wp-block-separator\"\/>\n\n\n\n<div class=\"wp-block-group\"><div class=\"wp-block-group__inner-container is-layout-flow\">\n<div class=\"wp-block-columns is-layout-flex wp-container-10\">\n<div class=\"wp-block-column is-layout-flow\" style=\"flex-basis:100%\">\n<div class=\"wp-block-image\"><figure class=\"aligncenter size-large is-resized\"><img decoding=\"async\" loading=\"lazy\" src=\"https:\/\/anatoliajournal.com\/akademi\/wp-content\/uploads\/2021\/02\/Backup_of_aralik-panel-1024x746.jpg\" alt=\"\" class=\"wp-image-474\" width=\"786\" height=\"571\"\/><\/figure><\/div>\n<\/div>\n<\/div>\n<\/div><\/div>\n\n\n\n<h3 style=\"text-align: center;\"><span style=\"font-size: 20px; background-color: #ffffff; color: #3366ff;\"><em><strong>Derslere kat\u0131l\u0131m \u00fccretsizdir.<\/strong><\/em><\/span><\/h3>\n<hr>\n<p style=\"text-align: center;\"><em>\u0130LG\u0130L\u0130 G\u00dcN VE SAATTE DERSE KATILMAK \u0130\u00c7\u0130N A\u015eA\u011eIDAK\u0130 BA\u011eLANTILARI KULLANAB\u0130L\u0130RS\u0130N\u0130Z.<\/em><\/p>\n<p style=\"text-align: center;\"><a href=\"https:\/\/www.facebook.com\/groups\/akademikbulten\" target=\"_blank\" rel=\"noopener noreferrer\"><span style=\"color: #ff6600;\"><strong><span style=\"font-size: inherit;\">https:\/\/www.facebook.com\/groups\/akademikbulten<\/span><\/strong><\/span><\/a><\/p>\n<hr>\n<p style=\"text-align: center;\"><span style=\"font-size: 14px;\"><em>Teknik destek:<\/em> <strong><span style=\"color: #800000;\">Ara\u015f. G\u00f6r. \u00c7a\u011fda\u015f AYDIN<\/span><\/strong><\/span><br><span style=\"font-size: 14px;\">E-posta: aydincagdass@gmail.com&nbsp;<\/span><\/p>\n\n\n\n<iframe loading=\"lazy\" src=\"https:\/\/docs.google.com\/forms\/d\/e\/1FAIpQLSfLNp-9V-nFy8tjFj_ntsyOUl6HIq75710mYf-BtccTBOag6g\/viewform?embedded=true\" width=\"640\" height=\"1492\" frameborder=\"0\" marginheight=\"0\" marginwidth=\"0\">Y\u00fckleniyor\u2026<\/iframe>\n\n\n\n<figure class=\"wp-block-image size-large\"><img decoding=\"async\" src=\"http:\/\/www.anatolia.coderns.com\/wp-content\/uploads\/2020\/12\/Yeni-Microsoft-Word-Belgesi-3-1024x397.jpg\" alt=\"\" class=\"wp-image-323\"\/><\/figure>\n","protected":false},"excerpt":{"rendered":"<p>\u015eubat 2021 CANLI YAYIM ORTAM B\u0130LG\u0130LER\u0130:Tarih:\u00a023 \u015eubat 2021, Sal\u0131Saat:\u00a016:00Zoom adresi:\u00a0https:\/\/us02web.zoom.us\/j\/82201519945 (\u015eifre gerekmiyor)Facebook:\u00a0Sosyal Bilimler Akademik B\u00fcltenihttps:\/\/www.facebook.com\/groups\/akademikbulten Yap\u0131sal Ge\u00e7erlik Analizi Prof. Dr. \u00d6zkan T\u00fct\u00fcnc\u00fcDokuz Eyl\u00fcl \u00dcniversitesi03 \u015eubat 2021, \u00c7ar\u015fambaSaat: 16.00 Nitel Veri Analizi Prof. Dr. Belk\u0131s K\u00fcmbeto\u011fluMarmara \u00dcniversitesi Emekli \u00d6\u011fretim \u00dcyesi9 \u015eubat 2021, Sal\u0131Saat: 16.00 Shifting away from twelve pervasively bad to valid science practices in marketing [&hellip;]<\/p>\n","protected":false},"author":1,"featured_media":0,"parent":55,"menu_order":0,"comment_status":"closed","ping_status":"closed","template":"","meta":[],"acf":[],"_links":{"self":[{"href":"https:\/\/anatoliajournal.com\/akademi\/wp-json\/wp\/v2\/pages\/370"}],"collection":[{"href":"https:\/\/anatoliajournal.com\/akademi\/wp-json\/wp\/v2\/pages"}],"about":[{"href":"https:\/\/anatoliajournal.com\/akademi\/wp-json\/wp\/v2\/types\/page"}],"author":[{"embeddable":true,"href":"https:\/\/anatoliajournal.com\/akademi\/wp-json\/wp\/v2\/users\/1"}],"replies":[{"embeddable":true,"href":"https:\/\/anatoliajournal.com\/akademi\/wp-json\/wp\/v2\/comments?post=370"}],"version-history":[{"count":26,"href":"https:\/\/anatoliajournal.com\/akademi\/wp-json\/wp\/v2\/pages\/370\/revisions"}],"predecessor-version":[{"id":540,"href":"https:\/\/anatoliajournal.com\/akademi\/wp-json\/wp\/v2\/pages\/370\/revisions\/540"}],"up":[{"embeddable":true,"href":"https:\/\/anatoliajournal.com\/akademi\/wp-json\/wp\/v2\/pages\/55"}],"wp:attachment":[{"href":"https:\/\/anatoliajournal.com\/akademi\/wp-json\/wp\/v2\/media?parent=370"}],"curies":[{"name":"wp","href":"https:\/\/api.w.org\/{rel}","templated":true}]}}