{"id":368,"date":"2021-01-26T16:01:54","date_gmt":"2021-01-26T16:01:54","guid":{"rendered":"https:\/\/anatoliajournal.com\/akademi\/?page_id=368"},"modified":"2021-02-19T09:46:58","modified_gmt":"2021-02-19T09:46:58","slug":"subat-ayi-soylesileri","status":"publish","type":"page","link":"https:\/\/anatoliajournal.com\/akademi\/online-soylesiler\/subat-ayi-soylesileri\/","title":{"rendered":"\u015eubat Ay\u0131 S\u00f6yle\u015fileri"},"content":{"rendered":"\n<p class=\"has-text-align-center has-large-font-size\"><span class=\"has-inline-color has-vivid-purple-color\"><strong>\u015eubat 2021<\/strong><\/span><\/p>\n\n\n\n<p class=\"has-text-align-center\"><span class=\"has-inline-color has-vivid-cyan-blue-color\"><strong>Online S\u00f6yle\u015filer, \u00fclkemizde ge\u00e7mi\u015f y\u0131llardan bu yana turizm e\u011fitimi-\u00f6\u011fretimi alan\u0131nda \u00f6\u011fretim \u00fcyesi ve y\u00f6netici olarak g\u00f6rev alm\u0131\u015f hocalar\u0131n an\u0131lar\u0131n\u0131 ve ya\u015fad\u0131klar\u0131n\u0131n konu\u015fulaca\u011f\u0131 bir ortamd\u0131r. S\u00f6yle\u015filere kat\u0131lanlar konu\u015fmac\u0131lara canl\u0131 veya yaz\u0131l\u0131 olarak sorular\u0131n\u0131 sorabileceklerdir.<\/strong><\/span><\/p>\n\n\n\n<p><strong><em><span class=\"has-inline-color has-vivid-green-cyan-color\">S\u00f6yle\u015filer Zoom ve Facebook ortam\u0131nda canl\u0131 yay\u0131mlanacakt\u0131r. Yay\u0131m adresleri her bir s\u00f6yle\u015finin yap\u0131laca\u011f\u0131 g\u00fcn\u00fcn \u00f6\u011fle saatlerinde bu sayfada ilan edilecektir.<\/span><\/em><\/strong><\/p>\n\n\n\n<p><strong><span class=\"has-inline-color has-vivid-red-color\">CANLI YAYIM ORTAM B\u0130LG\u0130LER\u0130:<\/span><\/strong><br><strong><span class=\"has-inline-color has-vivid-red-color\">Tarih:<\/span><\/strong> <strong><span class=\"has-inline-color has-vivid-cyan-blue-color\">25 \u015eubat 2021, Per\u015fembe<\/span><\/strong><br><strong><span class=\"has-inline-color has-vivid-red-color\">Saat:<\/span><\/strong> 16:00<br><strong><span class=\"has-inline-color has-vivid-red-color\">Zoom adresi:<\/span><\/strong> <a href=\"https:\/\/us02web.zoom.us\/j\/82871675834\" target=\"_blank\" rel=\"noreferrer noopener\">https:\/\/us02web.zoom.us\/j\/82871675834<\/a>  <em>(\u015eifre gerekmiyor)<\/em><br><span class=\"has-inline-color has-vivid-red-color\"><strong>Facebook:<\/strong> <\/span><strong><em>Sosyal Bilimler Akademik B\u00fclteni<br><a href=\"https:\/\/www.facebook.com\/groups\/akademikbulten\">https:\/\/www.facebook.com\/groups\/akademikbulten<\/a><\/em><\/strong><\/p>\n\n\n\n<hr class=\"wp-block-separator\"\/>\n\n\n\n<div class=\"wp-block-group\"><div class=\"wp-block-group__inner-container is-layout-flow\">\n<div class=\"wp-block-columns is-layout-flex wp-container-9\">\n<div class=\"wp-block-column is-layout-flow\" style=\"flex-basis:100%\">\n<div class=\"wp-block-columns is-layout-flex wp-container-7\">\n<div class=\"wp-block-column is-layout-flow\">\n<div class=\"wp-block-columns is-layout-flex wp-container-5\">\n<div class=\"wp-block-column is-layout-flow\">\n<figure class=\"wp-block-image size-large is-resized\"><img decoding=\"async\" loading=\"lazy\" src=\"https:\/\/anatoliajournal.com\/akademi\/wp-content\/uploads\/2021\/01\/ocal_usta-1.jpg\" alt=\"\" class=\"wp-image-401\" width=\"108\" height=\"126\"\/><\/figure>\n\n\n\n<h5 class=\"has-text-align-center wp-block-heading\"><span class=\"has-inline-color has-vivid-red-color\">Prof. Dr. \u00d6cal Usta Anlat\u0131yor<\/span><\/h5>\n\n\n\n<h6 class=\"has-text-align-center wp-block-heading\"><em>(<em>Dokuz Eyl\u00fcl \u00dcniversitesi \u0130\u0130BF, Emekli \u00d6\u011fretim \u00dcyesi)<\/em><\/em><br><span class=\"has-inline-color has-vivid-cyan-blue-color\"><strong>04 \u015eubat 2021, Per\u015fembe<\/strong><br><strong>Saat: 16.00<\/strong><\/span><\/h6>\n<\/div>\n\n\n\n<div class=\"wp-block-column is-layout-flow\">\n<figure class=\"wp-block-image size-large is-resized\"><img decoding=\"async\" loading=\"lazy\" src=\"https:\/\/anatoliajournal.com\/akademi\/wp-content\/uploads\/2021\/01\/Basliksiz-1.jpg\" alt=\"\" class=\"wp-image-398\" width=\"242\" height=\"126\"\/><\/figure>\n\n\n\n<h5 class=\"has-text-align-center wp-block-heading\"><span class=\"has-inline-color has-vivid-red-color\"><strong>Okutmanlar<\/strong><br>Nadya Baltal\u0131 ve Perihan Saydan Pazarba\u015f\u0131 Anlat\u0131yor<\/span><\/h5>\n\n\n\n<h6 class=\"has-text-align-center wp-block-heading\"><em>(Mersin Turizm \u0130\u015fletmecili\u011fi ve Otelcilik Y\u00fcksekokulu Emekli Okutmanlar\u0131)<\/em><br><strong><span class=\"has-inline-color has-vivid-cyan-blue-color\">11 \u015eubat 2021, Per\u015fembe, Saat: 16.00<\/span><\/strong><\/h6>\n<\/div>\n\n\n\n<div class=\"wp-block-column is-layout-flow\">\n<figure class=\"wp-block-image size-large is-resized\"><img decoding=\"async\" loading=\"lazy\" src=\"https:\/\/anatoliajournal.com\/akademi\/wp-content\/uploads\/2021\/01\/Ismet-Barutcugil.jpg\" alt=\"\" class=\"wp-image-395\" width=\"125\" height=\"124\" srcset=\"https:\/\/anatoliajournal.com\/akademi\/wp-content\/uploads\/2021\/01\/Ismet-Barutcugil.jpg 843w, https:\/\/anatoliajournal.com\/akademi\/wp-content\/uploads\/2021\/01\/Ismet-Barutcugil-300x300.jpg 300w, https:\/\/anatoliajournal.com\/akademi\/wp-content\/uploads\/2021\/01\/Ismet-Barutcugil-150x150.jpg 150w, https:\/\/anatoliajournal.com\/akademi\/wp-content\/uploads\/2021\/01\/Ismet-Barutcugil-768x768.jpg 768w\" sizes=\"(max-width: 125px) 100vw, 125px\" \/><\/figure>\n\n\n\n<h5 class=\"has-text-align-center wp-block-heading\"><span class=\"has-inline-color has-vivid-red-color\"><strong>Prof. Dr. \u0130smet Barut\u00e7ugil<\/strong><\/span> <span class=\"has-inline-color has-vivid-red-color\">Anlat\u0131yor<\/span><\/h5>\n\n\n\n<h6 class=\"has-text-align-center wp-block-heading\"><em>(Bal\u0131kesir Turizm \u0130\u015fletmecili\u011fi ve Otelcilik Y\u00fcksekokulu, Emekli \u00d6\u011fretim \u00dcyesi)<\/em><br><strong><span class=\"has-inline-color has-vivid-cyan-blue-color\">18 \u015eubat 2021, Per\u015fembe,<br>Saat: 16.00<\/span><\/strong><\/h6>\n<\/div>\n\n\n\n<div class=\"wp-block-column is-layout-flow\">\n<figure class=\"wp-block-image size-large is-resized\"><img decoding=\"async\" loading=\"lazy\" src=\"https:\/\/anatoliajournal.com\/akademi\/wp-content\/uploads\/2021\/01\/unnamed.jpg\" alt=\"\" class=\"wp-image-429\" width=\"102\" height=\"123\" srcset=\"https:\/\/anatoliajournal.com\/akademi\/wp-content\/uploads\/2021\/01\/unnamed.jpg 270w, https:\/\/anatoliajournal.com\/akademi\/wp-content\/uploads\/2021\/01\/unnamed-248x300.jpg 248w\" sizes=\"(max-width: 102px) 100vw, 102px\" \/><\/figure>\n\n\n\n<h5 class=\"has-text-align-center wp-block-heading\"><span class=\"has-inline-color has-vivid-red-color\"><strong>Prof. Dr. Bahattin R\u0131zao\u011flu Anlat\u0131yor <\/strong><\/span><\/h5>\n\n\n\n<h6 class=\"has-text-align-center wp-block-heading\"><em>Turizm \u0130\u015fletmecili\u011fi ve Otelcilik Y\u00fcksekokulu<\/em><br>(Nev\u015fehir-Ayd\u0131n)<br><strong><span class=\"has-inline-color has-vivid-cyan-blue-color\">25 \u015eubat 2021, Per\u015fembe, Saat: 16.00<\/span><\/strong><\/h6>\n<\/div>\n<\/div>\n<\/div>\n<\/div>\n<\/div>\n<\/div>\n<\/div><\/div>\n\n\n\n<div style=\"height:30px\" aria-hidden=\"true\" class=\"wp-block-spacer\"><\/div>\n\n\n\n<hr class=\"wp-block-separator\"\/>\n","protected":false},"excerpt":{"rendered":"<p>\u015eubat 2021 Online S\u00f6yle\u015filer, \u00fclkemizde ge\u00e7mi\u015f y\u0131llardan bu yana turizm e\u011fitimi-\u00f6\u011fretimi alan\u0131nda \u00f6\u011fretim \u00fcyesi ve y\u00f6netici olarak g\u00f6rev alm\u0131\u015f hocalar\u0131n an\u0131lar\u0131n\u0131 ve ya\u015fad\u0131klar\u0131n\u0131n konu\u015fulaca\u011f\u0131 bir ortamd\u0131r. S\u00f6yle\u015filere kat\u0131lanlar konu\u015fmac\u0131lara canl\u0131 veya yaz\u0131l\u0131 olarak sorular\u0131n\u0131 sorabileceklerdir. S\u00f6yle\u015filer Zoom ve Facebook ortam\u0131nda canl\u0131 yay\u0131mlanacakt\u0131r. Yay\u0131m adresleri her bir s\u00f6yle\u015finin yap\u0131laca\u011f\u0131 g\u00fcn\u00fcn \u00f6\u011fle saatlerinde bu sayfada ilan edilecektir. [&hellip;]<\/p>\n","protected":false},"author":1,"featured_media":0,"parent":65,"menu_order":0,"comment_status":"closed","ping_status":"closed","template":"","meta":[],"acf":[],"_links":{"self":[{"href":"https:\/\/anatoliajournal.com\/akademi\/wp-json\/wp\/v2\/pages\/368"}],"collection":[{"href":"https:\/\/anatoliajournal.com\/akademi\/wp-json\/wp\/v2\/pages"}],"about":[{"href":"https:\/\/anatoliajournal.com\/akademi\/wp-json\/wp\/v2\/types\/page"}],"author":[{"embeddable":true,"href":"https:\/\/anatoliajournal.com\/akademi\/wp-json\/wp\/v2\/users\/1"}],"replies":[{"embeddable":true,"href":"https:\/\/anatoliajournal.com\/akademi\/wp-json\/wp\/v2\/comments?post=368"}],"version-history":[{"count":30,"href":"https:\/\/anatoliajournal.com\/akademi\/wp-json\/wp\/v2\/pages\/368\/revisions"}],"predecessor-version":[{"id":541,"href":"https:\/\/anatoliajournal.com\/akademi\/wp-json\/wp\/v2\/pages\/368\/revisions\/541"}],"up":[{"embeddable":true,"href":"https:\/\/anatoliajournal.com\/akademi\/wp-json\/wp\/v2\/pages\/65"}],"wp:attachment":[{"href":"https:\/\/anatoliajournal.com\/akademi\/wp-json\/wp\/v2\/media?parent=368"}],"curies":[{"name":"wp","href":"https:\/\/api.w.org\/{rel}","templated":true}]}}