{"id":188,"date":"2020-12-24T14:37:38","date_gmt":"2020-12-24T14:37:38","guid":{"rendered":"https:\/\/anatoliajournal.com\/akademi\/?page_id=188"},"modified":"2021-01-21T18:39:36","modified_gmt":"2021-01-21T18:39:36","slug":"ocak-ayi-soylesileri","status":"publish","type":"page","link":"https:\/\/anatoliajournal.com\/akademi\/online-soylesiler\/ocak-ayi-soylesileri\/","title":{"rendered":"Ocak Ay\u0131 S\u00f6yle\u015fileri"},"content":{"rendered":"\n<p class=\"has-text-align-center has-large-font-size\"><span class=\"has-inline-color has-vivid-purple-color\"><strong>Ocak 2021<\/strong><\/span><\/p>\n\n\n\n<p class=\"has-text-align-center\"><span class=\"has-inline-color has-vivid-cyan-blue-color\"><strong>Online S\u00f6yle\u015filer, \u00fclkemizde ge\u00e7mi\u015f y\u0131llardan bu yana turizm e\u011fitimi-\u00f6\u011fretimi alan\u0131nda \u00f6\u011fretim \u00fcyesi ve y\u00f6netici olarak g\u00f6rev alm\u0131\u015f hocalar\u0131n an\u0131lar\u0131n\u0131 ve ya\u015fad\u0131klar\u0131n\u0131n konu\u015fulaca\u011f\u0131 bir ortamd\u0131r. S\u00f6yle\u015filere kat\u0131lanlar konu\u015fmac\u0131lara canl\u0131 veya yaz\u0131l\u0131 olarak sorular\u0131n\u0131 sorabileceklerdir.<\/strong><\/span><\/p>\n\n\n\n<p><strong><em><span class=\"has-inline-color has-vivid-green-cyan-color\">S\u00f6yle\u015filer Zoom ve Facebook ortam\u0131nda canl\u0131 yay\u0131mlanacakt\u0131r. Yay\u0131m adresleri her bir s\u00f6yle\u015finin yap\u0131laca\u011f\u0131 g\u00fcn\u00fcn \u00f6\u011fle saatlerinde bu sayfada ilan edilecektir.<\/span><\/em><\/strong><\/p>\n\n\n\n<p><strong><span class=\"has-inline-color has-vivid-red-color\">CANLI YAYIM ORTAM B\u0130LG\u0130LER\u0130:<\/span><\/strong><br><strong><span class=\"has-inline-color has-vivid-red-color\">Tarih:<\/span><\/strong> <strong><span class=\"has-inline-color has-vivid-cyan-blue-color\">28 Ocak 2021, Per\u015fembe<\/span><\/strong><br><strong><span class=\"has-inline-color has-vivid-red-color\">Saat:<\/span><\/strong> 16:00<br><strong><span class=\"has-inline-color has-vivid-red-color\">Zoom adresi:<\/span><\/strong>  <a href=\"https:\/\/us02web.zoom.us\/j\/82531788786\" target=\"_blank\" rel=\"noreferrer noopener\">https:\/\/us02web.zoom.us\/j\/82531788786<\/a> <em>(\u015eifre gerekmiyor)<\/em><br><span class=\"has-inline-color has-vivid-red-color\"><strong>Facebook:<\/strong> <\/span><strong><em>Sosyal Bilimler Akademik B\u00fclteni<br><a href=\"https:\/\/www.facebook.com\/groups\/akademikbulten\">https:\/\/www.facebook.com\/groups\/akademikbulten<\/a><\/em><\/strong><\/p>\n\n\n\n<hr class=\"wp-block-separator\"\/>\n\n\n\n<div class=\"wp-block-group\"><div class=\"wp-block-group__inner-container is-layout-flow\">\n<div class=\"wp-block-columns is-layout-flex wp-container-9\">\n<div class=\"wp-block-column is-layout-flow\" style=\"flex-basis:100%\">\n<div class=\"wp-block-columns is-layout-flex wp-container-7\">\n<div class=\"wp-block-column is-layout-flow\">\n<div class=\"wp-block-columns is-layout-flex wp-container-5\">\n<div class=\"wp-block-column is-layout-flow\">\n<figure class=\"wp-block-image size-large is-resized\"><img decoding=\"async\" loading=\"lazy\" src=\"https:\/\/anatoliajournal.com\/akademi\/wp-content\/uploads\/2020\/12\/Meral-Korzay.jpg\" alt=\"Prof. Dr. Meral Korzay\" class=\"wp-image-202\" width=\"147\" height=\"147\" srcset=\"https:\/\/anatoliajournal.com\/akademi\/wp-content\/uploads\/2020\/12\/Meral-Korzay.jpg 200w, https:\/\/anatoliajournal.com\/akademi\/wp-content\/uploads\/2020\/12\/Meral-Korzay-150x150.jpg 150w\" sizes=\"(max-width: 147px) 100vw, 147px\" \/><\/figure>\n\n\n\n<h5 class=\"has-text-align-center wp-block-heading\"><span class=\"has-inline-color has-vivid-red-color\">Prof. Dr. Meral Korzay Anlat\u0131yor<\/span><\/h5>\n\n\n\n<h6 class=\"has-text-align-center wp-block-heading\"><em>(Bo\u011fazi\u00e7i \u00dcniversitesi Turizm B\u00f6l\u00fcm\u00fc, Emekli \u00d6\u011fretim \u00dcyesi)<\/em><br><span class=\"has-inline-color has-vivid-cyan-blue-color\"><strong>07 Ocak 2021, Per\u015fembe<\/strong><br><strong>Saat: 16.00<\/strong><\/span><\/h6>\n<\/div>\n\n\n\n<div class=\"wp-block-column is-layout-flow\">\n<figure class=\"wp-block-image size-large is-resized\"><img decoding=\"async\" loading=\"lazy\" src=\"https:\/\/anatoliajournal.com\/akademi\/wp-content\/uploads\/2020\/12\/alp1.jpg\" alt=\"Prof. Dr. Alp Timur\" class=\"wp-image-201\" width=\"130\" height=\"148\"\/><\/figure>\n\n\n\n<h5 class=\"has-text-align-center wp-block-heading\"><span class=\"has-inline-color has-vivid-red-color\"><strong>Prof. Dr. Alp Timur Anlat\u0131yor<\/strong><\/span><\/h5>\n\n\n\n<h6 class=\"has-text-align-center wp-block-heading\"><em>(Dokuz Eyl\u00fcl \u00dcniversitesi \u0130\u0130BF, Emekli \u00d6\u011fretim \u00dcyesi)<\/em><br><strong><span class=\"has-inline-color has-vivid-cyan-blue-color\">14 Ocak 2021, Per\u015fembe, Saat: 16.00<\/span><\/strong><\/h6>\n<\/div>\n\n\n\n<div class=\"wp-block-column is-layout-flow\">\n<figure class=\"wp-block-image size-large is-resized\"><img decoding=\"async\" loading=\"lazy\" src=\"https:\/\/anatoliajournal.com\/akademi\/wp-content\/uploads\/2020\/12\/132609272_225149585841892_18711312436169936_n-e1608665130843.jpg\" alt=\"Prof. Dr. Bilge Dilmen\" class=\"wp-image-199\" width=\"133\" height=\"145\"\/><\/figure>\n\n\n\n<h5 class=\"has-text-align-center wp-block-heading\"><span class=\"has-inline-color has-vivid-red-color\"><strong>Prof. Dr. Bilge Dilmen Anlat\u0131yor<\/strong><\/span><\/h5>\n\n\n\n<h6 class=\"has-text-align-center wp-block-heading\"><em>(Mersin Turizm \u0130\u015fletmecili\u011fi ve Otelcilik Y\u00fcksekokulu, Emekli \u00d6\u011fretim \u00dcyesi)<\/em><br><strong><span class=\"has-inline-color has-vivid-cyan-blue-color\">21 Ocak 2021, Per\u015fembe,<br>Saat: 16.00<\/span><\/strong><\/h6>\n<\/div>\n\n\n\n<div class=\"wp-block-column is-layout-flow\">\n<figure class=\"wp-block-image size-large is-resized\"><img decoding=\"async\" loading=\"lazy\" src=\"https:\/\/anatoliajournal.com\/akademi\/wp-content\/uploads\/2020\/12\/1942016-124558_399915-911x1024.jpg\" alt=\"Prof. Dr. Necdet Hac\u0131o\u011flu\" class=\"wp-image-200\" width=\"132\" height=\"147\" srcset=\"https:\/\/anatoliajournal.com\/akademi\/wp-content\/uploads\/2020\/12\/1942016-124558_399915-911x1024.jpg 911w, https:\/\/anatoliajournal.com\/akademi\/wp-content\/uploads\/2020\/12\/1942016-124558_399915-267x300.jpg 267w, https:\/\/anatoliajournal.com\/akademi\/wp-content\/uploads\/2020\/12\/1942016-124558_399915-768x863.jpg 768w, https:\/\/anatoliajournal.com\/akademi\/wp-content\/uploads\/2020\/12\/1942016-124558_399915.jpg 936w\" sizes=\"(max-width: 132px) 100vw, 132px\" \/><\/figure>\n\n\n\n<h5 class=\"has-text-align-center wp-block-heading\"><span class=\"has-inline-color has-vivid-red-color\"><strong>Prof. Dr. Necdet Hac\u0131o\u011flu Anlat\u0131yor<\/strong><\/span><\/h5>\n\n\n\n<h6 class=\"has-text-align-center wp-block-heading\"><em>(Bal\u0131kesir Turizm \u0130\u015fletmecili\u011fi ve Otelcilik Y\u00fcksekokulu, Emekli \u00d6\u011fretim \u00dcyesi)<\/em><br><strong><span class=\"has-inline-color has-vivid-cyan-blue-color\">28 Ocak 2021, Per\u015fembe, Saat: 16.00<\/span><\/strong><\/h6>\n<\/div>\n<\/div>\n<\/div>\n<\/div>\n<\/div>\n<\/div>\n<\/div><\/div>\n\n\n\n<div style=\"height:30px\" aria-hidden=\"true\" class=\"wp-block-spacer\"><\/div>\n\n\n\n<hr class=\"wp-block-separator\"\/>\n","protected":false},"excerpt":{"rendered":"<p>Ocak 2021 Online S\u00f6yle\u015filer, \u00fclkemizde ge\u00e7mi\u015f y\u0131llardan bu yana turizm e\u011fitimi-\u00f6\u011fretimi alan\u0131nda \u00f6\u011fretim \u00fcyesi ve y\u00f6netici olarak g\u00f6rev alm\u0131\u015f hocalar\u0131n an\u0131lar\u0131n\u0131 ve ya\u015fad\u0131klar\u0131n\u0131n konu\u015fulaca\u011f\u0131 bir ortamd\u0131r. S\u00f6yle\u015filere kat\u0131lanlar konu\u015fmac\u0131lara canl\u0131 veya yaz\u0131l\u0131 olarak sorular\u0131n\u0131 sorabileceklerdir. S\u00f6yle\u015filer Zoom ve Facebook ortam\u0131nda canl\u0131 yay\u0131mlanacakt\u0131r. Yay\u0131m adresleri her bir s\u00f6yle\u015finin yap\u0131laca\u011f\u0131 g\u00fcn\u00fcn \u00f6\u011fle saatlerinde bu sayfada ilan edilecektir. [&hellip;]<\/p>\n","protected":false},"author":1,"featured_media":0,"parent":65,"menu_order":0,"comment_status":"closed","ping_status":"closed","template":"","meta":[],"acf":[],"_links":{"self":[{"href":"https:\/\/anatoliajournal.com\/akademi\/wp-json\/wp\/v2\/pages\/188"}],"collection":[{"href":"https:\/\/anatoliajournal.com\/akademi\/wp-json\/wp\/v2\/pages"}],"about":[{"href":"https:\/\/anatoliajournal.com\/akademi\/wp-json\/wp\/v2\/types\/page"}],"author":[{"embeddable":true,"href":"https:\/\/anatoliajournal.com\/akademi\/wp-json\/wp\/v2\/users\/1"}],"replies":[{"embeddable":true,"href":"https:\/\/anatoliajournal.com\/akademi\/wp-json\/wp\/v2\/comments?post=188"}],"version-history":[{"count":24,"href":"https:\/\/anatoliajournal.com\/akademi\/wp-json\/wp\/v2\/pages\/188\/revisions"}],"predecessor-version":[{"id":359,"href":"https:\/\/anatoliajournal.com\/akademi\/wp-json\/wp\/v2\/pages\/188\/revisions\/359"}],"up":[{"embeddable":true,"href":"https:\/\/anatoliajournal.com\/akademi\/wp-json\/wp\/v2\/pages\/65"}],"wp:attachment":[{"href":"https:\/\/anatoliajournal.com\/akademi\/wp-json\/wp\/v2\/media?parent=188"}],"curies":[{"name":"wp","href":"https:\/\/api.w.org\/{rel}","templated":true}]}}